{"id":5715,"date":"2026-02-03T12:44:39","date_gmt":"2026-02-03T10:44:39","guid":{"rendered":"https:\/\/jnats.eu\/?post_type=product&#038;p=5715"},"modified":"2026-02-17T11:07:57","modified_gmt":"2026-02-17T09:07:57","slug":"dorko-solingen-no-3739-85-solingen-172-de-luxe-vintaziniai-vokiski-skustuvai-nos","status":"publish","type":"product","link":"https:\/\/jnats.eu\/fr\/produit-2\/dorko-solingen-no-3739-85-solingen-172-de-luxe-vintaziniai-vokiski-skustuvai-nos\/","title":{"rendered":"Dorko Solingen No. 3739\/85 Solingen 172 De Luxe - rasoirs allemands vintage (NOS)"},"content":{"rendered":"<figure class=\"wp-block-embed is-type-video is-provider-youtube wp-block-embed-youtube wp-embed-aspect-9-16 wp-has-aspect-ratio\"><div class=\"wp-block-embed__wrapper\">\n<div class=\"video-container\"><iframe title=\"Rasoirs droits vintage DORKO Solingen - NOS De Luxe (1950s)\" width=\"563\" height=\"1000\" src=\"https:\/\/www.youtube.com\/embed\/ZNubipgIW04?feature=oembed\" frameborder=\"0\" allow=\"accelerometer; autoplay; clipboard-write; encrypted-media; gyroscope; picture-in-picture; web-share\" referrerpolicy=\"strict-origin-when-cross-origin\" allowfullscreen><\/iframe><\/div>\n<\/div><\/figure>\n\n\n\n<p>N<strong>vintage utilis\u00e9 (NOS - New Old Stock)<\/strong> Rasoirs allemands <strong>Dorko Solingen No. 3739\/85 inox<\/strong> et <strong>Solingen 172 De Luxe<\/strong>, produit <strong>au milieu du si\u00e8cle dernier<\/strong>, dans la l\u00e9gendaire r\u00e9gion de Solingen.<\/p>\n\n\n\n<p>Bien que des rasoirs de cette marque soient encore fabriqu\u00e9s aujourd'hui, <strong>Les Dorcas d'\u00e9poque sont nettement sup\u00e9rieures \u00e0 leurs homologues modernes en termes de qualit\u00e9 du traitement thermique et m\u00e9canique.<\/strong>. Ces produits datent d'une \u00e9poque o\u00f9 l'accent \u00e9tait mis sur la durabilit\u00e9 et la pr\u00e9cision de l'artisanat.<\/p>\n\n\n\n<p>Les poign\u00e9es sont en plastique synth\u00e9tique vintage de haute qualit\u00e9 (bak\u00e9lite \/ style ivoire) utilis\u00e9 par les artisans de Solingen au milieu du 20e si\u00e8cle. Stables, sans fissures ni d\u00e9formations, avec les embl\u00e8mes Dorko d'origine.<\/p>\n\n\n\n<p>Les rasoirs ont <strong>les signes naturels du temps<\/strong>, typique de la condition NOS, cependant :<\/p>\n\n\n\n<ul class=\"wp-block-list\">\n<li><strong>la lame est enti\u00e8rement intacte<\/strong>,<\/li>\n\n\n\n<li><strong>L'aff\u00fbtage et l'utilisation ne posent pas de probl\u00e8me<\/strong>,<\/li>\n\n\n\n<li><strong>m\u00e9canique et g\u00e9om\u00e9trie en parfait \u00e9tat<\/strong>.<\/li>\n<\/ul>\n\n\n\n<p>Le choix id\u00e9al pour les deux <strong>\u00e0 utiliser \u00e0 l'adresse suivante<\/strong>, \u00e0 la fois <strong>pour la collecte<\/strong>.<\/p>\n\n\n\n<p>Nous recommandons <strong>examiner attentivement les photos et la vid\u00e9o<\/strong>, qui constituent une partie importante de la description du produit.<\/p>\n\n\n\n<h3 class=\"wp-block-heading\">Donn\u00e9es techniques :<\/h3>\n\n\n\n<ul class=\"wp-block-list\">\n<li><strong>Dimensions de la lame :<\/strong> 75 \u00d7 20 \u00d7 5 mm<\/li>\n\n\n\n<li><strong>Poids :<\/strong>\n<ul class=\"wp-block-list\">\n<li>52 g - avec <strong>avec un fond d'inscription dor\u00e9<\/strong><\/li>\n\n\n\n<li>50 g - version standard<\/li>\n<\/ul>\n<\/li>\n<\/ul>","protected":false},"excerpt":{"rendered":"<p>Rasoirs allemands vintage NOS (New old stock) non utilis\u00e9s Dorko Solingen No 3739\/85 Stainless-Inox Solingen 172 De Luxe. Fabriqu\u00e9s au milieu du si\u00e8cle dernier. Toujours fabriqu\u00e9s sous cette marque, mais inf\u00e9rieurs aux rasoirs anciens en termes de qualit\u00e9 de traitement thermique et m\u00e9canique. Les poign\u00e9es sont en plastique synth\u00e9tique de haute qualit\u00e9 (bak\u00e9lite \/ style ivoire) utilis\u00e9 par les artisans de Solingen au milieu du 20e si\u00e8cle. Stables, sans fissures ni d\u00e9formations, avec les embl\u00e8mes Dorko d'origine. Il y a des signes du temps, mais toutes les lames sont enti\u00e8rement intactes, de sorte que l'aff\u00fbtage et l'utilisation ne posent aucun probl\u00e8me. La m\u00e9canique et la g\u00e9om\u00e9trie sont parfaites. Veuillez regarder attentivement les photos et la vid\u00e9o.<\/p>\n<ol>\n<li>Dimensions de la lame 75x20x5 mm. Poids 52 g. (Fond dor\u00e9)<\/li>\n<li>Dimensions de la lame 75x20x5 mm. Poids 50 g.<\/li>\n<\/ol>\n<p><strong>Si vous ne voyez pas l'article dans la liste d\u00e9roulante, c'est qu'il est vendu.\u00a0<\/strong><\/p>","protected":false},"featured_media":5749,"comment_status":"closed","ping_status":"closed","template":"","meta":[],"product_brand":[],"product_cat":[23],"product_tag":[379,55],"class_list":{"0":"post-5715","1":"product","2":"type-product","3":"status-publish","4":"has-post-thumbnail","6":"product_cat-razors","7":"product_tag-dorko","8":"product_tag-nos","9":"product_shipping_class-light","11":"first","12":"instock","13":"shipping-taxable","14":"purchasable","15":"product-type-variable"},"_links":{"self":[{"href":"https:\/\/jnats.eu\/fr\/wp-json\/wp\/v2\/product\/5715","targetHints":{"allow":["GET"]}}],"collection":[{"href":"https:\/\/jnats.eu\/fr\/wp-json\/wp\/v2\/product"}],"about":[{"href":"https:\/\/jnats.eu\/fr\/wp-json\/wp\/v2\/types\/product"}],"replies":[{"embeddable":true,"href":"https:\/\/jnats.eu\/fr\/wp-json\/wp\/v2\/comments?post=5715"}],"wp:featuredmedia":[{"embeddable":true,"href":"https:\/\/jnats.eu\/fr\/wp-json\/wp\/v2\/media\/5749"}],"wp:attachment":[{"href":"https:\/\/jnats.eu\/fr\/wp-json\/wp\/v2\/media?parent=5715"}],"wp:term":[{"taxonomy":"product_brand","embeddable":true,"href":"https:\/\/jnats.eu\/fr\/wp-json\/wp\/v2\/product_brand?post=5715"},{"taxonomy":"product_cat","embeddable":true,"href":"https:\/\/jnats.eu\/fr\/wp-json\/wp\/v2\/product_cat?post=5715"},{"taxonomy":"product_tag","embeddable":true,"href":"https:\/\/jnats.eu\/fr\/wp-json\/wp\/v2\/product_tag?post=5715"}],"curies":[{"name":"wp","href":"https:\/\/api.w.org\/{rel}","templated":true}]}}