{"id":5740,"date":"2026-02-17T11:11:35","date_gmt":"2026-02-17T09:11:35","guid":{"rendered":"https:\/\/jnats.eu\/?post_type=product&#038;p=5740"},"modified":"2026-02-17T11:11:35","modified_gmt":"2026-02-17T09:11:35","slug":"kyoto-masomotoyama-lv-5-medium-natural-whetstone","status":"publish","type":"product","link":"https:\/\/jnats.eu\/fr\/produit-2\/kyoto-masomotoyama-lv-5-medium-natural-whetstone\/","title":{"rendered":"Kyoto Masomotoyama Lv 5 pierre \u00e0 aiguiser naturelle moyenne"},"content":{"rendered":"<figure class=\"wp-block-embed is-type-video is-provider-youtube wp-block-embed-youtube wp-embed-aspect-16-9 wp-has-aspect-ratio\"><div class=\"wp-block-embed__wrapper\">\n<div class=\"video-container\"><iframe title=\"Couteau de chef Timascus &amp; VG10 - Am\u00e9lioration au carbure sur pierre naturelle Kyoto Masomotoyama\" width=\"1170\" height=\"658\" src=\"https:\/\/www.youtube.com\/embed\/TV4-WgOfssE?feature=oembed\" frameborder=\"0\" allow=\"accelerometer; autoplay; clipboard-write; encrypted-media; gyroscope; picture-in-picture; web-share\" referrerpolicy=\"strict-origin-when-cross-origin\" allowfullscreen><\/iframe><\/div>\n<\/div><\/figure>","protected":false},"excerpt":{"rendered":"<ul>\n<li>Convient pour l'aff\u00fbtage moyen des couteaux, ciseaux, outils de menuiserie et autres.<\/li>\n<li>Dimensions approximatives : 206x77x30 mm<\/li>\n<li>Poids : 1280g<\/li>\n<li>Duret\u00e9 : Lv 5<\/li>\n<li>Les deux c\u00f4t\u00e9s sont lisses et pr\u00eats \u00e0 travailler.<\/li>\n<li>Environ 2000 grains<\/li>\n<\/ul>","protected":false},"featured_media":5741,"comment_status":"closed","ping_status":"closed","template":"","meta":[],"product_brand":[],"product_cat":[22],"product_tag":[300],"class_list":{"0":"post-5740","1":"product","2":"type-product","3":"status-publish","4":"has-post-thumbnail","6":"product_cat-jnats","7":"product_tag-medium","9":"first","10":"instock","11":"shipping-taxable","12":"purchasable","13":"product-type-simple"},"_links":{"self":[{"href":"https:\/\/jnats.eu\/fr\/wp-json\/wp\/v2\/product\/5740","targetHints":{"allow":["GET"]}}],"collection":[{"href":"https:\/\/jnats.eu\/fr\/wp-json\/wp\/v2\/product"}],"about":[{"href":"https:\/\/jnats.eu\/fr\/wp-json\/wp\/v2\/types\/product"}],"replies":[{"embeddable":true,"href":"https:\/\/jnats.eu\/fr\/wp-json\/wp\/v2\/comments?post=5740"}],"wp:featuredmedia":[{"embeddable":true,"href":"https:\/\/jnats.eu\/fr\/wp-json\/wp\/v2\/media\/5741"}],"wp:attachment":[{"href":"https:\/\/jnats.eu\/fr\/wp-json\/wp\/v2\/media?parent=5740"}],"wp:term":[{"taxonomy":"product_brand","embeddable":true,"href":"https:\/\/jnats.eu\/fr\/wp-json\/wp\/v2\/product_brand?post=5740"},{"taxonomy":"product_cat","embeddable":true,"href":"https:\/\/jnats.eu\/fr\/wp-json\/wp\/v2\/product_cat?post=5740"},{"taxonomy":"product_tag","embeddable":true,"href":"https:\/\/jnats.eu\/fr\/wp-json\/wp\/v2\/product_tag?post=5740"}],"curies":[{"name":"wp","href":"https:\/\/api.w.org\/{rel}","templated":true}]}}