{"id":5784,"date":"2026-03-04T10:24:19","date_gmt":"2026-03-04T08:24:19","guid":{"rendered":"https:\/\/jnats.eu\/?post_type=product&#038;p=5784"},"modified":"2026-04-16T09:34:34","modified_gmt":"2026-04-16T06:34:34","slug":"vintage-razor-strops-pigeon-llama-shell-cordovan","status":"publish","type":"product","link":"https:\/\/jnats.eu\/fr\/produit-2\/vintage-razor-strops-pigeon-llama-shell-cordovan\/","title":{"rendered":"Baguettes de rasoir vintage - Pigeon &amp; LLAMA (Shell Cordovan)"},"content":{"rendered":"<p>Deux b\u00e2tons de rasoir classiques con\u00e7us pour maintenir le tranchant des rasoirs droits.<\/p>\n\n\n\n<p><strong>1. Pigeon Brand High Quality TOyo Razor Ceiling 6000<\/strong><br>Fabricant : <strong>Hashimoto Riki Co. Ltd (Japon)<\/strong>.<br>Couteau traditionnel utilis\u00e9 pour entretenir et affiner le tranchant d'un rasoir droit.<\/p>\n\n\n\n<p><strong>2. Plaque de rasoir 440 Rex Shell authentique de la marque LLAMA<\/strong><br>Un plafond classique r\u00e9alis\u00e9 avec <strong>cuir cordovan v\u00e9ritable<\/strong>, La surface de l'acier est lisse et ses propri\u00e9t\u00e9s d'abrasion sont excellentes.<\/p>\n\n\n\n<p>Lorsque l'on se rase avec un rasoir droit, la lame perd progressivement de son tranchant. Le rasage sur du cuir permet de r\u00e9aligner et de rafra\u00eechir le tranchant entre deux aiguisages.<\/p>\n\n\n\n<p>En r\u00e8gle g\u00e9n\u00e9rale, un <strong>plafond en lin<\/strong> (non inclus ici) est utilis\u00e9 en premier si la lame est plus \u00e9mouss\u00e9e ou apr\u00e8s l'aff\u00fbtage sur pierre pour enlever les particules m\u00e9talliques microscopiques du tranchant avant la finition sur le cuir.<\/p>\n\n\n\n<figure class=\"wp-block-embed is-type-video is-provider-youtube wp-block-embed-youtube wp-embed-aspect-16-9 wp-has-aspect-ratio\"><div class=\"wp-block-embed__wrapper\">\n<div class=\"video-container\"><iframe title=\"Baguettes de rasoir vintage - Pigeon &amp; LLAMA (Shell Cordovan)\" width=\"1170\" height=\"658\" src=\"https:\/\/www.youtube.com\/embed\/q5TKCe55ioY?feature=oembed\" frameborder=\"0\" allow=\"accelerometer; autoplay; clipboard-write; encrypted-media; gyroscope; picture-in-picture; web-share\" referrerpolicy=\"strict-origin-when-cross-origin\" allowfullscreen><\/iframe><\/div>\n<\/div><\/figure>\n\n\n\n<p><strong>Comment l'utiliser ?<\/strong><br>Accrochez une extr\u00e9mit\u00e9 de l'\u00e9pingle et tenez fermement l'autre extr\u00e9mit\u00e9 pour maintenir le cuir tendu pendant l'\u00e9pinglage.<\/p>\n\n\n\n<p><strong>Construction :<\/strong><br>Les \u00e9lingues sont compos\u00e9es de <strong>deux couches de cuir<\/strong>:<\/p>\n\n\n\n<ul class=\"wp-block-list\">\n<li>Couche sup\u00e9rieure - travail <strong>cuir de cheval coquille cordovan<\/strong><\/li>\n\n\n\n<li>Couche inf\u00e9rieure - une couche de support fabriqu\u00e9e \u00e0 partir d'un cuir plus \u00e9conomique.<\/li>\n<\/ul>\n\n\n\n<p><strong>\u00c9tat :<\/strong><br>Les deux harnais sont <strong>utilis\u00e9 mais en bon \u00e9tat<\/strong>, avec seulement <strong>torsions mineures et l\u00e9g\u00e8res rayures de surface<\/strong> d'une utilisation normale.<\/p>","protected":false},"excerpt":{"rendered":"<ol>\n<li>Pigeon Brand High Quality Toyo Razor Ceiling 6000 Hashimoto Riki Co. ltd. <strong>Dimensions : 600x62x3 mm<\/strong><\/li>\n<li>LLAMA Marque Reg. Trd. Marque Genuine Shell 440 Rex Peigne \u00e0 rasoir. <strong>Dimensions : 430x62x2 mm<\/strong><\/li>\n<\/ol>\n<p><strong data-start=\"1225\" data-end=\"1239\">\u00c9tat : <\/strong>Les deux harnais sont <strong data-start=\"1258\" data-end=\"1288\">utilis\u00e9 mais en bon \u00e9tat<\/strong>, avec seulement <strong data-start=\"1300\" data-end=\"1344\">torsions mineures et l\u00e9g\u00e8res rayures de surface<\/strong> d'une utilisation normale.<\/p>","protected":false},"featured_media":5788,"comment_status":"closed","ping_status":"closed","template":"","meta":[],"product_brand":[],"product_cat":[22],"product_tag":[380,381,293],"class_list":{"0":"post-5784","1":"product","2":"type-product","3":"status-publish","4":"has-post-thumbnail","6":"product_cat-jnats","7":"product_tag-llama","8":"product_tag-pigeon","9":"product_tag-strop","10":"product_shipping_class-iprastas","12":"first","13":"outofstock","14":"shipping-taxable","15":"product-type-variable"},"_links":{"self":[{"href":"https:\/\/jnats.eu\/fr\/wp-json\/wp\/v2\/product\/5784","targetHints":{"allow":["GET"]}}],"collection":[{"href":"https:\/\/jnats.eu\/fr\/wp-json\/wp\/v2\/product"}],"about":[{"href":"https:\/\/jnats.eu\/fr\/wp-json\/wp\/v2\/types\/product"}],"replies":[{"embeddable":true,"href":"https:\/\/jnats.eu\/fr\/wp-json\/wp\/v2\/comments?post=5784"}],"wp:featuredmedia":[{"embeddable":true,"href":"https:\/\/jnats.eu\/fr\/wp-json\/wp\/v2\/media\/5788"}],"wp:attachment":[{"href":"https:\/\/jnats.eu\/fr\/wp-json\/wp\/v2\/media?parent=5784"}],"wp:term":[{"taxonomy":"product_brand","embeddable":true,"href":"https:\/\/jnats.eu\/fr\/wp-json\/wp\/v2\/product_brand?post=5784"},{"taxonomy":"product_cat","embeddable":true,"href":"https:\/\/jnats.eu\/fr\/wp-json\/wp\/v2\/product_cat?post=5784"},{"taxonomy":"product_tag","embeddable":true,"href":"https:\/\/jnats.eu\/fr\/wp-json\/wp\/v2\/product_tag?post=5784"}],"curies":[{"name":"wp","href":"https:\/\/api.w.org\/{rel}","templated":true}]}}