{"id":5833,"date":"2026-03-17T08:50:06","date_gmt":"2026-03-17T06:50:06","guid":{"rendered":"https:\/\/jnats.eu\/?post_type=product&#038;p=5833"},"modified":"2026-03-17T08:51:20","modified_gmt":"2026-03-17T06:51:20","slug":"autentiskas-japoniskas-naturalus-galandimo-akmuo-8-sluoksniu-awasedo-%e5%85%ab%e5%b1%a4%e5%90%88%e7%a0%a5","status":"publish","type":"product","link":"https:\/\/jnats.eu\/fr\/produit-2\/autentiskas-japoniskas-naturalus-galandimo-akmuo-8-sluoksniu-awasedo-%e5%85%ab%e5%b1%a4%e5%90%88%e7%a0%a5\/","title":{"rendered":"Authentique pierre \u00e0 aiguiser naturelle japonaise - 8 couches Awasedo (\u516b\u5c64\u5408\u7825)"},"content":{"rendered":"<figure class=\"wp-block-embed is-type-video is-provider-youtube wp-block-embed-youtube wp-embed-aspect-16-9 wp-has-aspect-ratio\"><div class=\"wp-block-embed__wrapper\">\n<div class=\"video-container\"><iframe title=\"Aiguisage des couteaux sur JNATS - Suita, Karasu et 8 couches de pierres naturelles japonaises (Test 14C28N)\" width=\"1170\" height=\"658\" src=\"https:\/\/www.youtube.com\/embed\/kSozhQunC4k?start=364&#038;feature=oembed\" frameborder=\"0\" allow=\"accelerometer; autoplay; clipboard-write; encrypted-media; gyroscope; picture-in-picture; web-share\" referrerpolicy=\"strict-origin-when-cross-origin\" allowfullscreen><\/iframe><\/div>\n<\/div><\/figure>\n\n\n\n<p>Une pierre de finition naturelle unique, s\u00e9lectionn\u00e9e \u00e0 la main au Japon, avec une structure multicouche exceptionnelle (8 couches naturelles). Cette structure g\u00e9ologique conf\u00e8re \u00e0 la pierre ses propri\u00e9t\u00e9s particuli\u00e8res - une abrasion stable et r\u00e9guli\u00e8re et une finition de tr\u00e8s haute qualit\u00e9.<\/p>\n\n\n\n<h3 class=\"wp-block-heading\">Caract\u00e9ristiques principales :<\/h3>\n\n\n\n<ul class=\"wp-block-list\">\n<li><strong>Type :<\/strong> Awasedo (pierre de finition)<\/li>\n\n\n\n<li><strong>Structure :<\/strong> 8 couches naturelles<\/li>\n\n\n\n<li><strong>Duret\u00e9 :<\/strong> moyennement dur (convient aussi bien avec que sans le nagura)<\/li>\n\n\n\n<li><strong>Travail :<\/strong> propre, contr\u00f4l\u00e9, g\u00e9n\u00e8re une suspension fine et uniforme<\/li>\n\n\n\n<li><strong>Finition :<\/strong> assez petit, id\u00e9al pour les couteaux et autres outils haut de gamme<\/li>\n<\/ul>\n\n\n\n<h3 class=\"wp-block-heading\">Exclusivit\u00e9 :<\/h3>\n\n\n\n<ul class=\"wp-block-list\">\n<li>La structure multicouche permet de modifier subtilement la sensation du travail - d'un contact plus doux \u00e0 un contact plus agressif en fonction de la pression et de la teneur en eau.<\/li>\n\n\n\n<li>R\u00e9sultats stables et pr\u00e9visibles - parfaits pour les professionnels<\/li>\n\n\n\n<li>Esth\u00e9tiquement exquise - avec calligraphie traditionnelle (vers chinois classiques)<\/li>\n<\/ul>\n\n\n\n<p>La pierre est grav\u00e9e d'un po\u00e8me chinois classique (que l'on retrouve souvent sur les pierres naturelles japonaises) :<\/p>\n\n\n\n<p><strong>\u539f\u6587 (chinois) :<\/strong><br>\u6625\u7720\u4e0d\u89c9\u6653<br>\u5904\u5904\u95fb\u557c\u9e1f<br>\u591c\u6765\u98ce\u96e8\u58f0<br>\u82b1\u843d\u77e5\u591a\u5c11<\/p>\n\n\n\n<p><strong>Traduction en lituanien :<\/strong><br>Je dors au printemps - je ne sens pas l'aube,<br>J'entends le chant des oiseaux partout.<br>La nuit, il y avait du vent et de la pluie,<br>Combien de fleurs sont tomb\u00e9es - qui peut les compter ?<\/p>\n\n\n\n<h3 class=\"wp-block-heading\">Notes :<\/h3>\n\n\n\n<p>Il ne s'agit pas d'une pierre produite en s\u00e9rie - chaque sp\u00e9cimen est unique dans sa stratification, ses couleurs et le caract\u00e8re de son travail.<\/p>","protected":false},"excerpt":{"rendered":"<ul>\n<li>Convient pour les couteaux de finition, les ciseaux, les outils de menuiserie et autres.<\/li>\n<li>Dimensions : 220x87x62 mm<\/li>\n<li>Poids : 2695 g<\/li>\n<li>Duret\u00e9 : Lv 4.8<\/li>\n<li>La surface est lisse et pr\u00eate \u00e0 travailler<\/li>\n<li>Les c\u00f4t\u00e9s et le fond sont vernis<\/li>\n<li>Nous recommandons de travailler avec de l'eau chaude, car l'eau froide nuit \u00e0 la rapidit\u00e9 et \u00e0 la r\u00e9activit\u00e9.<\/li>\n<\/ul>","protected":false},"featured_media":5836,"comment_status":"closed","ping_status":"closed","template":"","meta":[],"product_brand":[],"product_cat":[22],"product_tag":[40],"class_list":{"0":"post-5833","1":"product","2":"type-product","3":"status-publish","4":"has-post-thumbnail","6":"product_cat-jnats","7":"product_tag-awasedo","8":"product_shipping_class-iprastas","10":"first","11":"instock","12":"shipping-taxable","13":"purchasable","14":"product-type-simple"},"_links":{"self":[{"href":"https:\/\/jnats.eu\/fr\/wp-json\/wp\/v2\/product\/5833","targetHints":{"allow":["GET"]}}],"collection":[{"href":"https:\/\/jnats.eu\/fr\/wp-json\/wp\/v2\/product"}],"about":[{"href":"https:\/\/jnats.eu\/fr\/wp-json\/wp\/v2\/types\/product"}],"replies":[{"embeddable":true,"href":"https:\/\/jnats.eu\/fr\/wp-json\/wp\/v2\/comments?post=5833"}],"wp:featuredmedia":[{"embeddable":true,"href":"https:\/\/jnats.eu\/fr\/wp-json\/wp\/v2\/media\/5836"}],"wp:attachment":[{"href":"https:\/\/jnats.eu\/fr\/wp-json\/wp\/v2\/media?parent=5833"}],"wp:term":[{"taxonomy":"product_brand","embeddable":true,"href":"https:\/\/jnats.eu\/fr\/wp-json\/wp\/v2\/product_brand?post=5833"},{"taxonomy":"product_cat","embeddable":true,"href":"https:\/\/jnats.eu\/fr\/wp-json\/wp\/v2\/product_cat?post=5833"},{"taxonomy":"product_tag","embeddable":true,"href":"https:\/\/jnats.eu\/fr\/wp-json\/wp\/v2\/product_tag?post=5833"}],"curies":[{"name":"wp","href":"https:\/\/api.w.org\/{rel}","templated":true}]}}