{"id":5846,"date":"2026-03-17T08:56:53","date_gmt":"2026-03-17T06:56:53","guid":{"rendered":"https:\/\/jnats.eu\/?post_type=product&#038;p=5846"},"modified":"2026-03-17T08:56:55","modified_gmt":"2026-03-17T06:56:55","slug":"nishhoyama-suita-naturalus-japoniskas-galandimo-akmuo","status":"publish","type":"product","link":"https:\/\/jnats.eu\/fr\/produit-2\/nishhoyama-suita-naturalus-japoniskas-galandimo-akmuo\/","title":{"rendered":"Nishhoyama Suita - pierre \u00e0 aiguiser naturelle japonaise"},"content":{"rendered":"<figure class=\"wp-block-embed is-type-video is-provider-youtube wp-block-embed-youtube wp-embed-aspect-16-9 wp-has-aspect-ratio\"><div class=\"wp-block-embed__wrapper\">\n<div class=\"video-container\"><iframe title=\"Aiguisage des couteaux sur JNATS - Suita, Karasu et 8 couches de pierres naturelles japonaises (Test 14C28N)\" width=\"1170\" height=\"658\" src=\"https:\/\/www.youtube.com\/embed\/kSozhQunC4k?start=44&#038;feature=oembed\" frameborder=\"0\" allow=\"accelerometer; autoplay; clipboard-write; encrypted-media; gyroscope; picture-in-picture; web-share\" referrerpolicy=\"strict-origin-when-cross-origin\" allowfullscreen><\/iframe><\/div>\n<\/div><\/figure>\n\n\n\n<p>Authentique <strong>Suite Nishhoyama<\/strong> un type de pierre naturelle originaire du Japon - appr\u00e9ci\u00e9e pour sa propret\u00e9, sa rapidit\u00e9 et sa capacit\u00e9 \u00e0 cr\u00e9er une finition kasumi tr\u00e8s esth\u00e9tique. Cette pierre pr\u00e9sente une structure suita typique avec de fines traces de \u201esu\u201c (poches d'air), ce qui lui conf\u00e8re un excellent \u00e9quilibre abrasif.<\/p>\n\n\n\n<h3 class=\"wp-block-heading\">Caract\u00e9ristiques principales :<\/h3>\n\n\n\n<ul class=\"wp-block-list\">\n<li><strong>Type :<\/strong> Suite (awasedo \/ finition - classe de pr\u00e9finition)<\/li>\n\n\n\n<li><strong>Origine :<\/strong> Nishhoyama, Japon<\/li>\n\n\n\n<li><strong>Duret\u00e9 :<\/strong> Moyen<\/li>\n\n\n\n<li><strong>Vitesse :<\/strong> g\u00e9n\u00e9ration rapide et facile de suspensions<\/li>\n\n\n\n<li><strong>Finition :<\/strong> kasumi propre, tr\u00e8s bon contraste entre hagane et jigane<\/li>\n<\/ul>\n\n\n\n<h3 class=\"wp-block-heading\">Caract\u00e8re de l'\u0153uvre :<\/h3>\n\n\n\n<ul class=\"wp-block-list\">\n<li>Ouvrages en pierre <strong>doux et homog\u00e8ne<\/strong>, Tr\u00e8s bon contr\u00f4le<\/li>\n\n\n\n<li>Excellent \u201eaccrochage\u201c de l'acier sans rayer la surface<\/li>\n\n\n\n<li>Utilisable avec de l'eau et du naphta - permet d'ajuster l'agressivit\u00e9<\/li>\n<\/ul>\n\n\n\n<h3 class=\"wp-block-heading\">Lignes :<\/h3>\n\n\n\n<p>La pierre a des lignes naturelles, mais elles sont <strong>lignes de s\u00e9curit\u00e9<\/strong> - n'affecte pas la lame et ne g\u00eane pas le travail. Il s'agit simplement d'une caract\u00e9ristique esth\u00e9tique\/g\u00e9ologique inh\u00e9rente aux pierres naturelles.<\/p>\n\n\n\n<h3 class=\"wp-block-heading\">Utilisation :<\/h3>\n\n\n\n<ul class=\"wp-block-list\">\n<li>Pr\u00e9finition contre des pierres de finition plus dures (par exemple Nakayama, Ozuku)<\/li>\n\n\n\n<li>Finition Kasumi pour couteaux japonais<\/li>\n\n\n\n<li>Progression du rasoir (apr\u00e8s les pierres \u00e0 grain moyen)<\/li>\n<\/ul>\n\n\n\n<h3 class=\"wp-block-heading\">Convient aux aciers :<\/h3>\n\n\n\n<ul class=\"wp-block-list\">\n<li>Aciers au carbone (Shirogami, Aogami) - excellent r\u00e9sultat<\/li>\n\n\n\n<li>Acier inoxydable - bon travail<\/li>\n\n\n\n<li>HSS - fonctionne mais l'efficacit\u00e9 d\u00e9pend de la pression et de la suspension<\/li>\n<\/ul>\n\n\n\n<h3 class=\"wp-block-heading\">Exclusivit\u00e9 :<\/h3>\n\n\n\n<ul class=\"wp-block-list\">\n<li>Sensation de vie typique de la suite pendant le travail<\/li>\n\n\n\n<li>Tr\u00e8s beau motif de surface naturel<\/li>\n\n\n\n<li>Une pierre polyvalente pour les professionnels et les amateurs avanc\u00e9s<\/li>\n<\/ul>","protected":false},"excerpt":{"rendered":"<ul>\n<li>Convient pour les couteaux de finition, les ciseaux, les outils de menuiserie et autres.<\/li>\n<li>Dimensions : 169x73x35 mm<\/li>\n<li>Poids : 995 g<\/li>\n<li>Duret\u00e9 : Lv 4<\/li>\n<li>Les lignes sont s\u00e9curis\u00e9es<\/li>\n<li>La surface est lisse et pr\u00eate \u00e0 \u00eatre travaill\u00e9e.<\/li>\n<li>Nous recommandons de travailler avec de l'eau chaude, car l'eau froide nuit \u00e0 la rapidit\u00e9 et \u00e0 la r\u00e9activit\u00e9.<\/li>\n<\/ul>","protected":false},"featured_media":5851,"comment_status":"closed","ping_status":"closed","template":"","meta":[],"product_brand":[],"product_cat":[22],"product_tag":[382,50],"class_list":{"0":"post-5846","1":"product","2":"type-product","3":"status-publish","4":"has-post-thumbnail","6":"product_cat-jnats","7":"product_tag-nishhoyama","8":"product_tag-suita","9":"product_shipping_class-iprastas","11":"first","12":"instock","13":"shipping-taxable","14":"purchasable","15":"product-type-simple"},"_links":{"self":[{"href":"https:\/\/jnats.eu\/fr\/wp-json\/wp\/v2\/product\/5846","targetHints":{"allow":["GET"]}}],"collection":[{"href":"https:\/\/jnats.eu\/fr\/wp-json\/wp\/v2\/product"}],"about":[{"href":"https:\/\/jnats.eu\/fr\/wp-json\/wp\/v2\/types\/product"}],"replies":[{"embeddable":true,"href":"https:\/\/jnats.eu\/fr\/wp-json\/wp\/v2\/comments?post=5846"}],"wp:featuredmedia":[{"embeddable":true,"href":"https:\/\/jnats.eu\/fr\/wp-json\/wp\/v2\/media\/5851"}],"wp:attachment":[{"href":"https:\/\/jnats.eu\/fr\/wp-json\/wp\/v2\/media?parent=5846"}],"wp:term":[{"taxonomy":"product_brand","embeddable":true,"href":"https:\/\/jnats.eu\/fr\/wp-json\/wp\/v2\/product_brand?post=5846"},{"taxonomy":"product_cat","embeddable":true,"href":"https:\/\/jnats.eu\/fr\/wp-json\/wp\/v2\/product_cat?post=5846"},{"taxonomy":"product_tag","embeddable":true,"href":"https:\/\/jnats.eu\/fr\/wp-json\/wp\/v2\/product_tag?post=5846"}],"curies":[{"name":"wp","href":"https:\/\/api.w.org\/{rel}","templated":true}]}}