{"id":5861,"date":"2025-03-19T09:11:00","date_gmt":"2025-03-19T07:11:00","guid":{"rendered":"https:\/\/jnats.eu\/?post_type=product&#038;p=5861"},"modified":"2026-03-19T11:17:54","modified_gmt":"2026-03-19T09:17:54","slug":"stiga-carbonado-90-78-g-penhold","status":"publish","type":"product","link":"https:\/\/jnats.eu\/fr\/produit-2\/stiga-carbonado-90-78-g-penhold\/","title":{"rendered":"Stiga Carbonado 90 (78 g, Penhold)"},"content":{"rendered":"<figure class=\"wp-block-embed is-type-video is-provider-youtube wp-block-embed-youtube wp-embed-aspect-9-16 wp-has-aspect-ratio\"><div class=\"wp-block-embed__wrapper\">\n<div class=\"video-container\"><iframe title=\"Stiga Carbonado 90 Penhold\" width=\"563\" height=\"1000\" src=\"https:\/\/www.youtube.com\/embed\/AmO66AXEUdE?feature=oembed\" frameborder=\"0\" allow=\"accelerometer; autoplay; clipboard-write; encrypted-media; gyroscope; picture-in-picture; web-share\" referrerpolicy=\"strict-origin-when-cross-origin\" allowfullscreen><\/iframe><\/div>\n<\/div><\/figure>\n\n\n\n<p>Stiga Carbonado 90 est une base de tennis de table haut de gamme con\u00e7ue pour une vitesse et une stabilit\u00e9 maximales. Elle utilise un <strong>Technologie carbone TeXtreme<\/strong> (fibre orient\u00e9e \u00e0 90\u00b0), ce qui donne une sensation de rigidit\u00e9 extr\u00eame, une vitesse \u00e9lev\u00e9e et une trajectoire de balle tr\u00e8s droite.<\/p>\n\n\n\n<p>Ce mod\u00e8le est particuli\u00e8rement appr\u00e9ci\u00e9 par ceux qui aiment le jeu agressif - id\u00e9al pour les topspins rapides, les coups de pr\u00e8s et le jeu \u00e0 mi-distance.<\/p>\n\n\n\n<p><strong>Sp\u00e9cification :<\/strong><\/p>\n\n\n\n<ul class=\"wp-block-list\">\n<li>Mod\u00e8le:Stiga Carbonado 90<\/li>\n\n\n\n<li>Poids : 78 g (plus l\u00e9ger que la moyenne - meilleure maniabilit\u00e9)<\/li>\n\n\n\n<li>Rankena : Penhold (chinois - CPEN)<\/li>\n\n\n\n<li>Construction : 5 couches de bois + 2 couches de carbone (TeXtreme\u00ae Carbon)<\/li>\n\n\n\n<li>Vitesse : OFF+<\/li>\n\n\n\n<li>Contr\u00f4le : moyen (orient\u00e9 vers l'attaque)<\/li>\n\n\n\n<li>Sensation : trajectoire raide et tr\u00e8s droite<\/li>\n<\/ul>\n\n\n\n<p><strong>\u00c9tat :<\/strong><\/p>\n\n\n\n<ul class=\"wp-block-list\">\n<li>Inutilis\u00e9 (neuf)<\/li>\n\n\n\n<li>La bo\u00eete pr\u00e9sente des signes d'usure cosm\u00e9tique (ternie).<\/li>\n<\/ul>","protected":false},"excerpt":{"rendered":"<p>Mod\u00e8le:Stiga Carbonado 90<\/p>\n<p>Poids : 78 g (plus l\u00e9ger que la moyenne - meilleure maniabilit\u00e9)<\/p>\n<p>Rankena : Penhold (chinois - CPEN)<\/p>\n<p>Construction : 5 couches de bois + 2 couches de carbone (TeXtreme\u00ae Carbon)<\/p>\n<p>Vitesse : OFF+<\/p>\n<p>Contr\u00f4le : moyen (orient\u00e9 vers l'attaque)<\/p>\n<p>Sensation : trajectoire raide et tr\u00e8s droite<\/p>","protected":false},"featured_media":5865,"comment_status":"closed","ping_status":"closed","template":"","meta":[],"product_brand":[],"product_cat":[24],"product_tag":[383,384],"class_list":{"0":"post-5861","1":"product","2":"type-product","3":"status-publish","4":"has-post-thumbnail","6":"product_cat-knifes","7":"product_tag-stiga","8":"product_tag-tenisas","9":"product_shipping_class-iprastas","11":"first","12":"instock","13":"shipping-taxable","14":"purchasable","15":"product-type-simple"},"_links":{"self":[{"href":"https:\/\/jnats.eu\/fr\/wp-json\/wp\/v2\/product\/5861","targetHints":{"allow":["GET"]}}],"collection":[{"href":"https:\/\/jnats.eu\/fr\/wp-json\/wp\/v2\/product"}],"about":[{"href":"https:\/\/jnats.eu\/fr\/wp-json\/wp\/v2\/types\/product"}],"replies":[{"embeddable":true,"href":"https:\/\/jnats.eu\/fr\/wp-json\/wp\/v2\/comments?post=5861"}],"wp:featuredmedia":[{"embeddable":true,"href":"https:\/\/jnats.eu\/fr\/wp-json\/wp\/v2\/media\/5865"}],"wp:attachment":[{"href":"https:\/\/jnats.eu\/fr\/wp-json\/wp\/v2\/media?parent=5861"}],"wp:term":[{"taxonomy":"product_brand","embeddable":true,"href":"https:\/\/jnats.eu\/fr\/wp-json\/wp\/v2\/product_brand?post=5861"},{"taxonomy":"product_cat","embeddable":true,"href":"https:\/\/jnats.eu\/fr\/wp-json\/wp\/v2\/product_cat?post=5861"},{"taxonomy":"product_tag","embeddable":true,"href":"https:\/\/jnats.eu\/fr\/wp-json\/wp\/v2\/product_tag?post=5861"}],"curies":[{"name":"wp","href":"https:\/\/api.w.org\/{rel}","templated":true}]}}