{"id":5872,"date":"2026-03-20T09:48:10","date_gmt":"2026-03-20T07:48:10","guid":{"rendered":"https:\/\/jnats.eu\/?post_type=product&#038;p=5872"},"modified":"2026-03-23T08:20:53","modified_gmt":"2026-03-23T06:20:53","slug":"nakayama-nashiji-tomae-japoniskas-naturalus-galandimo-akmuo","status":"publish","type":"product","link":"https:\/\/jnats.eu\/fr\/produit-2\/nakayama-nashiji-tomae-japoniskas-naturalus-galandimo-akmuo\/","title":{"rendered":"Pierre \u00e0 aiguiser naturelle japonaise Nakayama Nashiji Tomae"},"content":{"rendered":"<figure class=\"wp-block-embed is-type-video is-provider-youtube wp-block-embed-youtube wp-embed-aspect-16-9 wp-has-aspect-ratio\"><div class=\"wp-block-embed__wrapper\">\n<div class=\"video-container\"><iframe title=\"Aiguisage d&#039;un rasoir droit Puma avec la pierre \u00e0 aiguiser naturelle japonaise Nakayama Nashiji Tomae\" width=\"1170\" height=\"658\" src=\"https:\/\/www.youtube.com\/embed\/SxCkPyTNzhU?feature=oembed\" frameborder=\"0\" allow=\"accelerometer; autoplay; clipboard-write; encrypted-media; gyroscope; picture-in-picture; web-share\" referrerpolicy=\"strict-origin-when-cross-origin\" allowfullscreen><\/iframe><\/div>\n<\/div><\/figure>\n\n\n\n<p>Pierre \u00e0 aiguiser naturelle japonaise haut de gamme provenant de la c\u00e9l\u00e8bre r\u00e9gion de Nakayama, l'une des pierres naturelles les plus pris\u00e9es au monde. Cette pierre de type Nashiji se caract\u00e9rise par son travail doux et lisse et par sa capacit\u00e9 \u00e0 donner une finition de tr\u00e8s haute qualit\u00e9.<\/p>\n\n\n\n<p>Id\u00e9ale pour le polissage final et l'affinage des lames de rasoirs dangereux, de couteaux et d'autres outils tranchants. La pierre produit des lames propres et contr\u00f4l\u00e9es avec un excellent \u00e9quilibre entre le tranchant et la douceur.<\/p>\n\n\n\n<p>Il y a une fente au milieu du plan, mais cela n'a pas d'importance pratique pour l'utilisation. Les pierres de finition s'usent tr\u00e8s lentement, ce qui ne posera pas de probl\u00e8me \u00e0 long terme (m\u00eame pour les \u201epetits-enfants\u201c).<\/p>\n\n\n\n<p><strong>Caract\u00e9ristiques :<\/strong><\/p>\n\n\n\n<ul class=\"wp-block-list\">\n<li>Pierre \u00e0 aiguiser naturelle japonaise (JNat)<\/li>\n\n\n\n<li>Nakayama - l'une des r\u00e9gions les mieux not\u00e9es<\/li>\n\n\n\n<li>Couche de Nashiji Tomae - travail souple et stable<\/li>\n\n\n\n<li>Convient pour les rasoirs, les couteaux et autres outils<\/li>\n\n\n\n<li>Usure lente, durabilit\u00e9<\/li>\n\n\n\n<li>Finition fine et haut de gamme<\/li>\n<\/ul>\n\n\n\n<p>Un excellent choix pour les collectionneurs et les professionnels \u00e0 la recherche d'une v\u00e9ritable pierre de finition japonaise.<\/p>","protected":false},"excerpt":{"rendered":"<ul>\n<li>Convient pour la finition des rasoirs, des couteaux, des ciseaux, des outils de menuiserie et autres.<\/li>\n<li>Dimensions : 206x78x34 mm<\/li>\n<li>Poids : 1280 g<\/li>\n<li>Duret\u00e9 : Lv 4<\/li>\n<li>La surface est lisse et pr\u00eate \u00e0 travailler<\/li>\n<li>C\u00f4t\u00e9s laqu\u00e9s<\/li>\n<li><strong>Il y a une fente au milieu du rabot, mais cela n'a pas d'importance pratique pour l'utilisation. Les pierres de finition s'usent tr\u00e8s lentement, ce qui n'est pas un probl\u00e8me \u00e0 long terme.<\/strong><\/li>\n<li>Nous recommandons de travailler avec de l'eau chaude, car l'eau froide nuit \u00e0 la rapidit\u00e9 et \u00e0 la r\u00e9activit\u00e9.<\/li>\n<\/ul>","protected":false},"featured_media":5879,"comment_status":"closed","ping_status":"closed","template":"","meta":[],"product_brand":[],"product_cat":[22],"product_tag":[49,48],"class_list":{"0":"post-5872","1":"product","2":"type-product","3":"status-publish","4":"has-post-thumbnail","6":"product_cat-jnats","7":"product_tag-nakayama","8":"product_tag-nashiji","9":"product_shipping_class-iprastas","11":"first","12":"instock","13":"shipping-taxable","14":"purchasable","15":"product-type-simple"},"_links":{"self":[{"href":"https:\/\/jnats.eu\/fr\/wp-json\/wp\/v2\/product\/5872","targetHints":{"allow":["GET"]}}],"collection":[{"href":"https:\/\/jnats.eu\/fr\/wp-json\/wp\/v2\/product"}],"about":[{"href":"https:\/\/jnats.eu\/fr\/wp-json\/wp\/v2\/types\/product"}],"replies":[{"embeddable":true,"href":"https:\/\/jnats.eu\/fr\/wp-json\/wp\/v2\/comments?post=5872"}],"wp:featuredmedia":[{"embeddable":true,"href":"https:\/\/jnats.eu\/fr\/wp-json\/wp\/v2\/media\/5879"}],"wp:attachment":[{"href":"https:\/\/jnats.eu\/fr\/wp-json\/wp\/v2\/media?parent=5872"}],"wp:term":[{"taxonomy":"product_brand","embeddable":true,"href":"https:\/\/jnats.eu\/fr\/wp-json\/wp\/v2\/product_brand?post=5872"},{"taxonomy":"product_cat","embeddable":true,"href":"https:\/\/jnats.eu\/fr\/wp-json\/wp\/v2\/product_cat?post=5872"},{"taxonomy":"product_tag","embeddable":true,"href":"https:\/\/jnats.eu\/fr\/wp-json\/wp\/v2\/product_tag?post=5872"}],"curies":[{"name":"wp","href":"https:\/\/api.w.org\/{rel}","templated":true}]}}