{"id":590,"date":"2024-03-09T12:30:54","date_gmt":"2024-03-09T10:30:54","guid":{"rendered":"http:\/\/jnats.eu\/?post_type=product&#038;p=590"},"modified":"2024-04-17T10:40:41","modified_gmt":"2024-04-17T07:40:41","slug":"pierre-a-aiguiser-naturelle-japonaise-nakayama-kiita-honyama-de-qualite-superieure","status":"publish","type":"product","link":"https:\/\/jnats.eu\/fr\/produit-2\/pierre-a-aiguiser-naturelle-japonaise-nakayama-kiita-honyama-de-qualite-superieure\/","title":{"rendered":"Pierre \u00e0 aiguiser naturelle japonaise Nakayama Kiita Honyama de qualit\u00e9 sup\u00e9rieure"},"content":{"rendered":"<p>Nakayama Kiita est une pierre \u00e0 aiguiser tr\u00e8s r\u00e9put\u00e9e, originaire du Japon, connue des amateurs et des professionnels pour sa qualit\u00e9 et ses performances exceptionnelles. Extraite des montagnes, connue pour son grain fin et ses excellentes propri\u00e9t\u00e9s d'aff\u00fbtage, la pierre \u00e0 aiguiser Nakayama Kiita est appr\u00e9ci\u00e9e pour sa capacit\u00e9 \u00e0 cr\u00e9er des lames tranchantes pour les couteaux, les rasoirs et autres outils de coupe.<\/p>\n\n\n\n<h2 class=\"wp-block-heading\">Les principales caract\u00e9ristiques de la pierre meuli\u00e8re Nakayama Kiita :<\/h2>\n\n\n\n<p>La pierre de Nakayama Kiita est une pierre naturelle provenant de la carri\u00e8re de Nakayama au Japon au milieu du si\u00e8cle dernier. Cette pierre naturelle est appr\u00e9ci\u00e9e pour sa composition unique et son aff\u00fbtage r\u00e9gulier.<\/p>\n\n\n\n<p>Grain fin : la pierre Kiita a g\u00e9n\u00e9ralement un grain fin, ce qui permet de cr\u00e9er des lames extr\u00eamement tranchantes avec une finition lisse. La pierre \u00e0 aiguiser Kiita de Nakayama est connue pour sa capacit\u00e9 \u00e0 affiner les outils avec une grande pr\u00e9cision, ce qui la rend adapt\u00e9e \u00e0 un usage professionnel et \u00e0 des t\u00e2ches d'aff\u00fbtage difficiles.<\/p>\n\n\n\n<p>Excellent retour d'information : les utilisateurs font souvent l'\u00e9loge de la pierre \u00e0 aiguiser Nakayama Kiita pour son excellent retour d'information pendant le processus d'aiguisage. La pierre procure une sensation tactile qui permet \u00e0 l'utilisateur d'\u00e9valuer le processus d'aff\u00fbtage et d'atteindre le niveau d'aff\u00fbtage souhait\u00e9.<\/p>\n\n\n\n<p>Polyvalence : la pierre \u00e0 aiguiser Nakayama Kiita est principalement utilis\u00e9e pour aiguiser les couteaux et les rasoirs, mais elle peut \u00e9galement \u00eatre utilis\u00e9e pour aiguiser une large gamme d'autres outils de coupe, y compris les ciseaux \u00e0 bois, les ciseaux et les outils de sculpture.<\/p>\n\n\n\n<p>Esth\u00e9tique : outre ses qualit\u00e9s fonctionnelles, la pierre \u00e0 aiguiser Nakayama Kiita est appr\u00e9ci\u00e9e pour son attrait esth\u00e9tique. La pierre pr\u00e9sente souvent des motifs, des couleurs et des textures uniques qui rehaussent son attrait visuel et augmentent son charme aupr\u00e8s des collectionneurs et des amateurs d'aiguisage.<\/p>\n\n\n\n<p>Durabilit\u00e9 : avec un entretien appropri\u00e9, la pierre \u00e0 aiguiser Nakayama Kiita peut fournir des performances d'aiguisage fiables pendant des ann\u00e9es. Pour pr\u00e9server l'int\u00e9grit\u00e9 de la pierre et garantir des r\u00e9sultats constants dans le temps, il est recommand\u00e9 de la lisser r\u00e9guli\u00e8rement.<\/p>\n\n\n\n<p>Dans l'ensemble, la pierre \u00e0 aiguiser Nakayama Kiita repr\u00e9sente le summum de l'artisanat japonais et est appr\u00e9ci\u00e9e pour sa capacit\u00e9 \u00e0 obtenir un tranchant exceptionnel avec pr\u00e9cision et finesse. C'est un outil pr\u00e9cieux pour les amateurs d'aiguisage et les professionnels qui recherchent une qualit\u00e9 et des performances de pierre \u00e0 aiguiser sans compromis.<\/p>\n\n\n\n<figure class=\"wp-block-embed is-type-video is-provider-youtube wp-block-embed-youtube wp-embed-aspect-16-9 wp-has-aspect-ratio\"><div class=\"wp-block-embed__wrapper\">\n<div class=\"video-container\"><iframe title=\"Nakayama Homdomae et Kiita Pierres \u00e0 aiguiser naturelles japonaises de premi\u00e8re qualit\u00e9\" width=\"1170\" height=\"658\" src=\"https:\/\/www.youtube.com\/embed\/lq1ALjueKgw?start=195&#038;feature=oembed\" frameborder=\"0\" allow=\"accelerometer; autoplay; clipboard-write; encrypted-media; gyroscope; picture-in-picture; web-share\" allowfullscreen><\/iframe><\/div>\n<\/div><\/figure>","protected":false},"excerpt":{"rendered":"<ul>\n<li>Convient pour la finition des rasoirs, des couteaux et des outils.<\/li>\n<li>Dimensions : 151x88x24 mm<\/li>\n<li>Poids 785 g<\/li>\n<li>Duret\u00e9\u00a0:\u00a0Niv 4,5<\/li>\n<li>Avec un d\u00e9 Honyama plac\u00e9 sur les pierres Nakayama et Shobudani<\/li>\n<\/ul>","protected":false},"featured_media":989,"comment_status":"open","ping_status":"closed","template":"","meta":[],"product_brand":[],"product_cat":[22],"product_tag":[141,49,140],"class_list":{"0":"post-590","1":"product","2":"type-product","3":"status-publish","4":"has-post-thumbnail","6":"product_cat-jnats","7":"product_tag-kiita","8":"product_tag-nakayama","9":"product_tag-nakayama-kiita","10":"product_shipping_class-iprastas","12":"first","13":"outofstock","14":"sale","15":"shipping-taxable","16":"purchasable","17":"product-type-simple"},"_links":{"self":[{"href":"https:\/\/jnats.eu\/fr\/wp-json\/wp\/v2\/product\/590","targetHints":{"allow":["GET"]}}],"collection":[{"href":"https:\/\/jnats.eu\/fr\/wp-json\/wp\/v2\/product"}],"about":[{"href":"https:\/\/jnats.eu\/fr\/wp-json\/wp\/v2\/types\/product"}],"replies":[{"embeddable":true,"href":"https:\/\/jnats.eu\/fr\/wp-json\/wp\/v2\/comments?post=590"}],"wp:featuredmedia":[{"embeddable":true,"href":"https:\/\/jnats.eu\/fr\/wp-json\/wp\/v2\/media\/989"}],"wp:attachment":[{"href":"https:\/\/jnats.eu\/fr\/wp-json\/wp\/v2\/media?parent=590"}],"wp:term":[{"taxonomy":"product_brand","embeddable":true,"href":"https:\/\/jnats.eu\/fr\/wp-json\/wp\/v2\/product_brand?post=590"},{"taxonomy":"product_cat","embeddable":true,"href":"https:\/\/jnats.eu\/fr\/wp-json\/wp\/v2\/product_cat?post=590"},{"taxonomy":"product_tag","embeddable":true,"href":"https:\/\/jnats.eu\/fr\/wp-json\/wp\/v2\/product_tag?post=590"}],"curies":[{"name":"wp","href":"https:\/\/api.w.org\/{rel}","templated":true}]}}