{"id":5931,"date":"2026-04-01T10:25:24","date_gmt":"2026-04-01T07:25:24","guid":{"rendered":"https:\/\/jnats.eu\/?post_type=product&#038;p=5931"},"modified":"2026-04-01T11:45:30","modified_gmt":"2026-04-01T08:45:30","slug":"tiesiosiu-britvu-komplektas-2-8-ir-4-8-naujos-renaissance-solingen-germany-spitzenqualitat-meister-funk","status":"publish","type":"product","link":"https:\/\/jnats.eu\/fr\/produit-2\/tiesiosiu-britvu-komplektas-2-8-ir-4-8-naujos-renaissance-solingen-germany-spitzenqualitat-meister-funk\/","title":{"rendered":"Set de rasoirs (2\/8 et 4\/8), neuf, Renaissance Solingen Allemagne, Spitzenqualitat Meister Funk"},"content":{"rendered":"<figure class=\"wp-block-embed is-type-video is-provider-youtube wp-block-embed-youtube wp-embed-aspect-9-16 wp-has-aspect-ratio\"><div class=\"wp-block-embed__wrapper\">\n<div class=\"video-container\"><iframe title=\"Straight Razors Renaissance, Solingen Allemagne, Spitzenqualitat Meister Funk\" width=\"563\" height=\"1000\" src=\"https:\/\/www.youtube.com\/embed\/i1XlX4nmuQA?feature=oembed\" frameborder=\"0\" allow=\"accelerometer; autoplay; clipboard-write; encrypted-media; gyroscope; picture-in-picture; web-share\" referrerpolicy=\"strict-origin-when-cross-origin\" allowfullscreen><\/iframe><\/div>\n<\/div><\/figure>\n\n\n\n<p>Lot de deux rasoirs droits de tailles diff\u00e9rentes provenant de Solingen (Allemagne). Les deux rasoirs vintage sont inutilis\u00e9s, en excellent \u00e9tat, avec des lames d\u00e9cor\u00e9es et des poign\u00e9es classiques brillantes.<\/p>\n\n\n\n<p>L'ensemble comprend<\/p>\n\n\n\n<p><strong>Mod\u00e8le 804 (4\/8)<\/strong><br>Dimensions de la lame : 70 \u00d7 16 \u00d7 4 mm<br>Poids : 31 g<br>Rasoir plus grand, plus polyvalent, plus pratique pour le rasage de base<\/p>\n\n\n\n<p><strong>Mod\u00e8le 802 (2\/8)<\/strong><br>Dimensions de la lame : 70 \u00d7 10 \u00d7 3 mm<br>Poids : 24 g<br>Rasoir plus petit, particuli\u00e8rement pratique pour les travaux cibl\u00e9s et les zones difficiles \u00e0 atteindre (sous le nez, autour des oreilles, contours).<\/p>\n\n\n\n<p>Inscriptions sur la lame : Renaissance, Solingen Allemagne, Spitzenqualitat, Meister Funk<br>Poign\u00e9es : INOX de Solingen et logo de Solingen<\/p>\n\n\n\n<p>Les rasoirs n'ont pas \u00e9t\u00e9 utilis\u00e9s et ne pr\u00e9sentent aucune trace d'utilisation. Ils conviennent pour le rasage, la collection ou les cadeaux. Ils peuvent n\u00e9cessiter un l\u00e9ger aff\u00fbtage ou un rafra\u00eechissement avant d'\u00eatre utilis\u00e9s.<\/p>\n\n\n\n<p>Il ne s'agit pas de britvas anciennes (d\u00e9but ou milieu du 20e si\u00e8cle) en termes de caract\u00e9ristiques visibles, mais plut\u00f4t de <strong>Production tardive, vers 1980-2000<\/strong>, peut-\u00eatre m\u00eame l\u00e9g\u00e8rement plus r\u00e9cents.<\/p>\n\n\n\n<p>Oui, c'est vrai :<\/p>\n\n\n\n<ul class=\"wp-block-list\">\n<li>Imprim\u00e9 sur <strong>\u201cSolingen INOX\u201d<\/strong> indique l'acier inoxydable, dont l'utilisation ne s'est g\u00e9n\u00e9ralis\u00e9e qu'\u00e0 partir de ~1960-1970, et que l'on retrouve couramment dans les produits ult\u00e9rieurs.<\/li>\n\n\n\n<li><strong>\u201cRenaissance\u201d<\/strong> - nom commercial typique de Dovo, orient\u00e9 vers l'exportation, souvent utilis\u00e9 dans la production ult\u00e9rieure<\/li>\n\n\n\n<li>Les gravures et le design g\u00e9n\u00e9ral sont plus modernes (production en usine plut\u00f4t qu'\u00e0 la main ou en s\u00e9rie).<\/li>\n\n\n\n<li>La num\u00e9rotation des mod\u00e8les (802, 804, 208) est typique des produits du catalogue ult\u00e9rieur.<\/li>\n\n\n\n<li>Poign\u00e9es en plastique (ivoire) plut\u00f4t qu'en os ou en corne v\u00e9ritable, autre signe d'une production plus moderne.<\/li>\n<\/ul>\n\n\n\n<p>Important : ils sont toujours consid\u00e9r\u00e9s comme <strong>vintage par les passionn\u00e9s de rasage<\/strong>, mais pas \u201eantique\u201c.<\/p>","protected":false},"excerpt":{"rendered":"<p><strong>L'ensemble comprend <\/strong><\/p>\n<ul>\n<li><strong>Mod\u00e8le 804 (4\/8)<\/strong><\/li>\n<li>Dimensions de la lame : 70 \u00d7 16 \u00d7 4 mm<\/li>\n<li>Poids : 31 g<\/li>\n<li>Rasoir plus grand, plus polyvalent, plus pratique pour le rasage de base<\/li>\n<\/ul>\n<p>&nbsp;<\/p>\n<ul>\n<li><strong>Mod\u00e8le 802 (2\/8)<\/strong><\/li>\n<li>Dimensions de la lame : 70 \u00d7 10 \u00d7 3 mm<\/li>\n<li>Poids : 24 g<\/li>\n<li>Rasoir plus petit, particuli\u00e8rement pratique pour les travaux cibl\u00e9s et les zones difficiles \u00e0 atteindre (sous le nez, autour des oreilles, contours).<\/li>\n<\/ul>","protected":false},"featured_media":5940,"comment_status":"closed","ping_status":"closed","template":"","meta":[],"product_brand":[],"product_cat":[23],"product_tag":[385,84],"class_list":{"0":"post-5931","1":"product","2":"type-product","3":"status-publish","4":"has-post-thumbnail","6":"product_cat-razors","7":"product_tag-renaissance","8":"product_tag-solingen","9":"product_shipping_class-light","11":"first","12":"instock","13":"shipping-taxable","14":"purchasable","15":"product-type-simple"},"_links":{"self":[{"href":"https:\/\/jnats.eu\/fr\/wp-json\/wp\/v2\/product\/5931","targetHints":{"allow":["GET"]}}],"collection":[{"href":"https:\/\/jnats.eu\/fr\/wp-json\/wp\/v2\/product"}],"about":[{"href":"https:\/\/jnats.eu\/fr\/wp-json\/wp\/v2\/types\/product"}],"replies":[{"embeddable":true,"href":"https:\/\/jnats.eu\/fr\/wp-json\/wp\/v2\/comments?post=5931"}],"wp:featuredmedia":[{"embeddable":true,"href":"https:\/\/jnats.eu\/fr\/wp-json\/wp\/v2\/media\/5940"}],"wp:attachment":[{"href":"https:\/\/jnats.eu\/fr\/wp-json\/wp\/v2\/media?parent=5931"}],"wp:term":[{"taxonomy":"product_brand","embeddable":true,"href":"https:\/\/jnats.eu\/fr\/wp-json\/wp\/v2\/product_brand?post=5931"},{"taxonomy":"product_cat","embeddable":true,"href":"https:\/\/jnats.eu\/fr\/wp-json\/wp\/v2\/product_cat?post=5931"},{"taxonomy":"product_tag","embeddable":true,"href":"https:\/\/jnats.eu\/fr\/wp-json\/wp\/v2\/product_tag?post=5931"}],"curies":[{"name":"wp","href":"https:\/\/api.w.org\/{rel}","templated":true}]}}