{"id":5995,"date":"2026-04-29T11:43:58","date_gmt":"2026-04-29T08:43:58","guid":{"rendered":"https:\/\/jnats.eu\/?post_type=product&#038;p=5995"},"modified":"2026-04-29T11:45:05","modified_gmt":"2026-04-29T08:45:05","slug":"suita-japoniskas-naturalus-galandinimo-akmuo-finishing-whestone","status":"publish","type":"product","link":"https:\/\/jnats.eu\/fr\/produit-2\/suita-japoniskas-naturalus-galandinimo-akmuo-finishing-whestone\/","title":{"rendered":"Pierre de finition naturelle japonaise Suita avec support en bois"},"content":{"rendered":"<figure class=\"wp-block-embed is-type-video is-provider-youtube wp-block-embed-youtube wp-embed-aspect-16-9 wp-has-aspect-ratio\"><div class=\"wp-block-embed__wrapper\">\n<div class=\"video-container\"><iframe title=\"Votre couteau s&#039;\u00e9mousse apr\u00e8s 2 attaques ! Voici la VRAIE raison\" width=\"1170\" height=\"658\" src=\"https:\/\/www.youtube.com\/embed\/L6PCKJuG2o4?start=872&#038;feature=oembed\" frameborder=\"0\" allow=\"accelerometer; autoplay; clipboard-write; encrypted-media; gyroscope; picture-in-picture; web-share\" referrerpolicy=\"strict-origin-when-cross-origin\" allowfullscreen><\/iframe><\/div>\n<\/div><\/figure>\n\n\n\n<p>Qualit\u00e9 <strong>Suite<\/strong> la pierre \u00e0 aiguiser naturelle japonaise (JNATS) de la r\u00e9gion de Kyoto (couches de type Kyoto Suita \/ Shohonyama).<\/p>\n\n\n\n<p><strong>Donn\u00e9es techniques :<\/strong><\/p>\n\n\n\n<ul class=\"wp-block-list\">\n<li><strong>Duret\u00e9 :<\/strong> Lv 4.7 (moyennement dur - convient \u00e0 la fois pour un enl\u00e8vement de m\u00e9tal rapide et une excellente finition)<\/li>\n\n\n\n<li><strong>Dimensions :<\/strong> 165 \u00d7 70 \u00d7 53 mm<\/li>\n\n\n\n<li><strong>Poids avec support :<\/strong> 1640 g<\/li>\n\n\n\n<li><strong>Surface :<\/strong> Magnifique motif de marbre avec des lignes blanches et grises naturelles<\/li>\n\n\n\n<li><strong>C\u00f4t\u00e9s :<\/strong> Laqu\u00e9 avec une laque brun fonc\u00e9 - pour l'aspect esth\u00e9tique et la protection<\/li>\n\n\n\n<li><strong>\u00c9tat :<\/strong> Les bords pr\u00e9sentent de l\u00e9g\u00e8res fissures naturelles (typiques de la pierre naturelle, n'affectant pas les performances).<\/li>\n<\/ul>\n\n\n\n<p><strong>Utilisation :<\/strong> Parfait pour <strong>pour les couteaux<\/strong> (cuisine, chasse, cisaillement, etc.) et autres outils pour l'aff\u00fbtage et la finition. La pierre g\u00e9n\u00e8re une bonne suspension, les lignes sont sans danger pour les lames de couteau (non toxiques). Convient aussi bien pour un aff\u00fbtage moyen que pour l'obtention d'un tranchant tr\u00e8s fin et poli.<\/p>\n\n\n\n<p>La pierre est coll\u00e9e sur un support stable en bois fonc\u00e9 joliment verni, ce qui ajoute non seulement \u00e0 l'esth\u00e9tique, mais assure \u00e9galement un fonctionnement confortable et stable.<\/p>\n\n\n\n<p><strong>Origine :<\/strong> Pierre naturelle japonaise Suita de la pr\u00e9fecture de Kyoto (probablement Shohonyama ou une couche Suita similaire).<\/p>\n\n\n\n<p>Les pierres naturelles japonaises sont appr\u00e9ci\u00e9es pour leur structure unique et leur capacit\u00e9 \u00e0 donner aux couteaux un tranchant exceptionnel et durable, ce que les aiguiseurs synth\u00e9tiques ne peuvent pas faire.<\/p>","protected":false},"excerpt":{"rendered":"<ul>\n<li><strong>Duret\u00e9 :<\/strong> Lv 4.7 (moyennement dur - convient \u00e0 la fois pour un enl\u00e8vement de m\u00e9tal rapide et une excellente finition)<\/li>\n<li><strong>Dimensions :<\/strong> 165 \u00d7 70 \u00d7 53 mm<\/li>\n<li><strong>Poids avec support :<\/strong> 1640 g<\/li>\n<li><strong>Surface :<\/strong> Magnifique motif de marbre avec des lignes blanches et grises naturelles<\/li>\n<li><strong>C\u00f4t\u00e9s :<\/strong> Laqu\u00e9 avec une laque brun fonc\u00e9 - pour l'aspect esth\u00e9tique et la protection<\/li>\n<li><strong>\u00c9tat :<\/strong> Les bords pr\u00e9sentent de l\u00e9g\u00e8res fissures naturelles (typiques de la pierre naturelle, n'affectant pas les performances).<\/li>\n<\/ul>","protected":false},"featured_media":5999,"comment_status":"closed","ping_status":"closed","template":"","meta":[],"product_brand":[],"product_cat":[22],"product_tag":[386,387,362,365,388,50],"class_list":{"0":"post-5995","1":"product","2":"type-product","3":"status-publish","4":"has-post-thumbnail","6":"product_cat-jnats","7":"product_tag-finishing-stone","8":"product_tag-japoniskas-galastuvas","9":"product_tag-jnats","10":"product_tag-naturalus-akmuo","11":"product_tag-peiliu-galandimas","12":"product_tag-suita","13":"product_shipping_class-iprastas","15":"first","16":"instock","17":"shipping-taxable","18":"purchasable","19":"product-type-simple"},"_links":{"self":[{"href":"https:\/\/jnats.eu\/fr\/wp-json\/wp\/v2\/product\/5995","targetHints":{"allow":["GET"]}}],"collection":[{"href":"https:\/\/jnats.eu\/fr\/wp-json\/wp\/v2\/product"}],"about":[{"href":"https:\/\/jnats.eu\/fr\/wp-json\/wp\/v2\/types\/product"}],"replies":[{"embeddable":true,"href":"https:\/\/jnats.eu\/fr\/wp-json\/wp\/v2\/comments?post=5995"}],"wp:featuredmedia":[{"embeddable":true,"href":"https:\/\/jnats.eu\/fr\/wp-json\/wp\/v2\/media\/5999"}],"wp:attachment":[{"href":"https:\/\/jnats.eu\/fr\/wp-json\/wp\/v2\/media?parent=5995"}],"wp:term":[{"taxonomy":"product_brand","embeddable":true,"href":"https:\/\/jnats.eu\/fr\/wp-json\/wp\/v2\/product_brand?post=5995"},{"taxonomy":"product_cat","embeddable":true,"href":"https:\/\/jnats.eu\/fr\/wp-json\/wp\/v2\/product_cat?post=5995"},{"taxonomy":"product_tag","embeddable":true,"href":"https:\/\/jnats.eu\/fr\/wp-json\/wp\/v2\/product_tag?post=5995"}],"curies":[{"name":"wp","href":"https:\/\/api.w.org\/{rel}","templated":true}]}}