{"id":6014,"date":"2026-05-05T11:34:39","date_gmt":"2026-05-05T08:34:39","guid":{"rendered":"https:\/\/jnats.eu\/?post_type=product&#038;p=6014"},"modified":"2026-05-05T12:27:02","modified_gmt":"2026-05-05T09:27:02","slug":"japoniskas-naturalus-honyama-galandinimo-akmuo-kiotas-finisui-lv-4-5","status":"publish","type":"product","link":"https:\/\/jnats.eu\/fr\/produit-2\/japoniskas-naturalus-honyama-galandinimo-akmuo-kiotas-finisui-lv-4-5\/","title":{"rendered":"Pierre \u00e0 aiguiser japonaise naturelle Honyama (Kyoto) pour la finition, Lv 4.5"},"content":{"rendered":"<figure class=\"wp-block-embed is-type-video is-provider-youtube wp-block-embed-youtube wp-embed-aspect-16-9 wp-has-aspect-ratio\"><div class=\"wp-block-embed__wrapper\">\n<div class=\"video-container\"><iframe title=\"Kiita Lv 3.7 \u2192 Shobudani Ozaki Namito Lv 4.5 \u2192 Authentic Honyama finish\" width=\"1170\" height=\"658\" src=\"https:\/\/www.youtube.com\/embed\/CYzgQi-fqqo?start=711&#038;feature=oembed\" frameborder=\"0\" allow=\"accelerometer; autoplay; clipboard-write; encrypted-media; gyroscope; picture-in-picture; web-share\" referrerpolicy=\"strict-origin-when-cross-origin\" allowfullscreen><\/iframe><\/div>\n<\/div><\/figure>\n\n\n\n<p>Pierre \u00e0 aiguiser japonaise naturelle Honyama de la r\u00e9gion de Kyoto pour la finition de la lame. C'est un choix classique pour ceux qui recherchent un tranchant tr\u00e8s net, contr\u00f4l\u00e9 et doux. Elle convient particuli\u00e8rement bien aux rasoirs, mais aussi aux couteaux de haute qualit\u00e9.<\/p>\n\n\n\n<p>Une duret\u00e9 d'environ 4,5 donne un bon \u00e9quilibre entre la g\u00e9n\u00e9ration de suspension et le contr\u00f4le. La pierre est suffisamment vive pour travailler la surface et cr\u00e9er un effet de polissage, mais elle permet en m\u00eame temps un haut niveau de finition sans \u00eatre trop agressive.<\/p>\n\n\n\n<p>Utilis\u00e9e avec de l'eau, elle permet d'obtenir un r\u00e9sultat plus propre et plus lisse, tandis qu'avec une suspension, il est possible d'obtenir un peu plus de \u201emordant\u201c dans la phase initiale. Il s'agit d'une pierre de finition polyvalente, qui convient aussi bien aux utilisateurs exp\u00e9riment\u00e9s qu'\u00e0 ceux qui recherchent une entr\u00e9e de qualit\u00e9 dans le monde des pierres naturelles japonaises.<\/p>\n\n\n\n<p><strong>Donn\u00e9es techniques<\/strong><\/p>\n\n\n\n<ul class=\"wp-block-list\">\n<li>Plus grande pierre (y compris la bo\u00eete) : environ 137 x 76 x 27 mm, poids environ 640 g<\/li>\n\n\n\n<li>Petite pierre : environ 115 x 90 x 13 mm, poids environ 390 g<\/li>\n<\/ul>\n\n\n\n<p><strong>Informations compl\u00e9mentaires<\/strong><\/p>\n\n\n\n<p>La pierre \u00e9tant naturelle, chaque pi\u00e8ce est unique. Des variations de couleur, de texture et de toucher sont possibles. Des traces visibles d'utilisation ou de stockage sont normales et n'affectent pas les propri\u00e9t\u00e9s d'aff\u00fbtage.<\/p>\n\n\n\n<p><strong>Traduction de la bo\u00eete (\u00e9tiquette)<\/strong><\/p>\n\n\n\n<p>\u9ec4\u8700\u6b63\u672c\u5c71\u7825\u77f3<br>Signification : \u201eAuthentique pierre \u00e0 aiguiser naturelle Honyama (montagne authentique)\u201c.\u201c<\/p>\n\n\n\n<p>Notes suppl\u00e9mentaires :<br>\u5929\u7136\u7825\u77f3 - pierre \u00e0 aiguiser naturelle<br>\u4eac\u90fd - Kyoto (r\u00e9gion japonaise traditionnelle de la pierre haut de gamme)<\/p>\n\n\n\n<p>Le cachet appos\u00e9 sur la pierre est une inscription japonaise en kanji dans un cadre. Elle se lit comme suit :<\/p>\n\n\n\n<p><strong>\u6b63\u672c\u5c71 (Seihonzan \/ Sh\u014dhonzan)<\/strong><\/p>\n\n\n\n<p>Signification :<br>\u201eLa vraie (authentique) colline principale\u201c, ou plus simplement -<br><strong>\u201eAuthentique pierre de Honyama\u201c<\/strong><\/p>\n\n\n\n<p>Dans le contexte de l'aiguisage des pierres, il ne s'agit pas du nom d'une carri\u00e8re sp\u00e9cifique, mais plut\u00f4t <strong>label de qualit\u00e9 et d'origine<\/strong>, indiquant que la pierre est class\u00e9e comme une pierre de finition naturelle traditionnelle de Kyoto (cat\u00e9gorie Honyama).<\/p>","protected":false},"excerpt":{"rendered":"<p>Pierre \u00e0 aiguiser japonaise naturelle Honyama de la r\u00e9gion de Kyoto pour la finition de la lame. C'est un choix classique pour ceux qui recherchent un tranchant tr\u00e8s net, contr\u00f4l\u00e9 et doux. Elle convient particuli\u00e8rement bien aux rasoirs, mais aussi aux couteaux de haute qualit\u00e9.<\/p>\n<ul>\n<li>Plus grande pierre (y compris la bo\u00eete) : environ 137 x 76 x 27 mm, poids environ 640 g<\/li>\n<li>Petite pierre : environ 115 x 90 x 13 mm, poids environ 390 g<\/li>\n<\/ul>","protected":false},"featured_media":6019,"comment_status":"closed","ping_status":"closed","template":"","meta":[],"product_brand":[],"product_cat":[22],"product_tag":[270],"class_list":{"0":"post-6014","1":"product","2":"type-product","3":"status-publish","4":"has-post-thumbnail","6":"product_cat-jnats","7":"product_tag-honyama","8":"product_shipping_class-light","10":"first","11":"instock","12":"shipping-taxable","13":"purchasable","14":"product-type-variable"},"_links":{"self":[{"href":"https:\/\/jnats.eu\/fr\/wp-json\/wp\/v2\/product\/6014","targetHints":{"allow":["GET"]}}],"collection":[{"href":"https:\/\/jnats.eu\/fr\/wp-json\/wp\/v2\/product"}],"about":[{"href":"https:\/\/jnats.eu\/fr\/wp-json\/wp\/v2\/types\/product"}],"replies":[{"embeddable":true,"href":"https:\/\/jnats.eu\/fr\/wp-json\/wp\/v2\/comments?post=6014"}],"wp:featuredmedia":[{"embeddable":true,"href":"https:\/\/jnats.eu\/fr\/wp-json\/wp\/v2\/media\/6019"}],"wp:attachment":[{"href":"https:\/\/jnats.eu\/fr\/wp-json\/wp\/v2\/media?parent=6014"}],"wp:term":[{"taxonomy":"product_brand","embeddable":true,"href":"https:\/\/jnats.eu\/fr\/wp-json\/wp\/v2\/product_brand?post=6014"},{"taxonomy":"product_cat","embeddable":true,"href":"https:\/\/jnats.eu\/fr\/wp-json\/wp\/v2\/product_cat?post=6014"},{"taxonomy":"product_tag","embeddable":true,"href":"https:\/\/jnats.eu\/fr\/wp-json\/wp\/v2\/product_tag?post=6014"}],"curies":[{"name":"wp","href":"https:\/\/api.w.org\/{rel}","templated":true}]}}