{"id":621,"date":"2024-03-09T14:36:54","date_gmt":"2024-03-09T12:36:54","guid":{"rendered":"http:\/\/jnats.eu\/?post_type=product&#038;p=621"},"modified":"2026-03-25T23:53:21","modified_gmt":"2026-03-25T21:53:21","slug":"shapton-pro-pierre-grain-30000-pierre-a-aiguiser-super-fine-murasaki-k0711","status":"publish","type":"product","link":"https:\/\/jnats.eu\/fr\/produit-2\/shapton-pro-pierre-grain-30000-pierre-a-aiguiser-super-fine-murasaki-k0711\/","title":{"rendered":"Shapton Pro Stone grain 30000 pierre \u00e0 aiguiser super fine, murasaki, K0711"},"content":{"rendered":"<p>Cette Shapton Pro Stone 30 000 Grit, Murasaki est une pierre \u00e0 aiguiser tr\u00e8s sp\u00e9ciale avec un grain de 30 000. Elle est si fine qu&#039;elle est presque douce au toucher. Comme toutes les pierres Shapton Pro, cette pierre de 30 000 permet un aff\u00fbtage tr\u00e8s rapide et uniforme. La pierre \u00e0 aiguiser est v\u00e9ritablement con\u00e7ue pour la toute derni\u00e8re \u00e9tape du processus d&#039;aff\u00fbtage, de sorte que m\u00eame le dernier millim\u00e8tre du tranchant soit absolument tranchant. C&#039;est id\u00e9al pour aff\u00fbter les rasoirs droits, par exemple. Avant de passer \u00e0 cette pierre, vous devrez utiliser une pierre de 12 000 si vous meulez de l&#039;acier plus dur. Une pierre de 8 000 convient mieux \u00e0 un acier plus doux. Apr\u00e8s cela, si vous utilisez correctement cette pierre de 30 000, le tranchant sera plus tranchant que jamais.<\/p>\n\n\n\n<p>Surtout avec cette pierre 30 000 particuli\u00e8rement fine, il est tr\u00e8s important de travailler le plus proprement possible. Surtout si vous venez d&#039;aiguiser sur une pierre plus grosse auparavant. Nettoyez soigneusement le couteau\/outil avant d&#039;utiliser la pierre. Il en va de m\u00eame pour les mains et sous les ongles. Cela r\u00e9duit le risque de r\u00e9duction de la surface fine de la pierre.<\/p>\n\n\n\n<p>Au Japon, ces pierres \u00e0 aiguiser color\u00e9es Shapton Pro sont \u00e9galement connues sous le nom de Shapton Ha-No-Kuromaku. Ce sont les pierres \u00e0 aiguiser Shapton les plus \u00e9paisses avec 15 mm. Comme il sied \u00e0 Shapton, chaque pierre a une structure magnifiquement uniforme, avec des particules d&#039;aff\u00fbtage en c\u00e9ramique uniform\u00e9ment r\u00e9parties. Cela garantit un r\u00e9sultat d&#039;aff\u00fbtage vraiment uniforme. Les pierres \u00e9tant relativement dures, elles enl\u00e8vent rapidement l\u2019acier et ne s\u2019usent pas longtemps.<\/p>\n\n\n\n<figure class=\"wp-block-embed is-type-video is-provider-youtube wp-block-embed-youtube wp-embed-aspect-16-9 wp-has-aspect-ratio\"><div class=\"wp-block-embed__wrapper\">\n<div class=\"video-container\"><iframe title=\"30 000 grains\u00a0!\" width=\"1170\" height=\"658\" src=\"https:\/\/www.youtube.com\/embed\/Ut_PF5dlmlQ?feature=oembed\" frameborder=\"0\" allow=\"accelerometer; autoplay; clipboard-write; encrypted-media; gyroscope; picture-in-picture; web-share\" allowfullscreen><\/iframe><\/div>\n<\/div><\/figure>","protected":false},"excerpt":{"rendered":"<ul>\n<li>La plus petite pierre \u00e0 aiguiser du march\u00e9<\/li>\n<li>Peut fonctionner avec de l&#039;eau ou de l&#039;huile<\/li>\n<li>Dimensions et poids:<\/li>\n<li>Hauteur 1,6 cm<\/li>\n<li>Hauteur bo\u00eete\/\u00e9tui 3,7 cm<\/li>\n<li>Partie de hauteur utile 1,6 cm<\/li>\n<li>Longueur 21 cm<\/li>\n<li>La longueur de la bo\u00eete est de 22,3 cm<\/li>\n<li>La partie utilis\u00e9e fait 21 cm<\/li>\n<li>Poids 510g<\/li>\n<li>Largeur 7 cm<\/li>\n<li>La largeur de la bo\u00eete est de 8,6 cm<\/li>\n<li>La largeur de la pi\u00e8ce utilis\u00e9e est de 7 cm<\/li>\n<li>Mat\u00e9riaux:<\/li>\n<li>C\u00e9ramique abrasive, corindon blanc<\/li>\n<li>Liant c\u00e9ramique<\/li>\n<\/ul>","protected":false},"featured_media":624,"comment_status":"open","ping_status":"closed","template":"","meta":[],"product_brand":[],"product_cat":[290],"product_tag":[145,144,143],"class_list":{"0":"post-621","1":"product","2":"type-product","3":"status-publish","4":"has-post-thumbnail","6":"product_cat-whetstones","7":"product_tag-k0711","8":"product_tag-murasaki","9":"product_tag-shapton","10":"product_shipping_class-iprastas","12":"first","13":"outofstock","14":"shipping-taxable","15":"purchasable","16":"product-type-simple"},"_links":{"self":[{"href":"https:\/\/jnats.eu\/fr\/wp-json\/wp\/v2\/product\/621","targetHints":{"allow":["GET"]}}],"collection":[{"href":"https:\/\/jnats.eu\/fr\/wp-json\/wp\/v2\/product"}],"about":[{"href":"https:\/\/jnats.eu\/fr\/wp-json\/wp\/v2\/types\/product"}],"replies":[{"embeddable":true,"href":"https:\/\/jnats.eu\/fr\/wp-json\/wp\/v2\/comments?post=621"}],"wp:featuredmedia":[{"embeddable":true,"href":"https:\/\/jnats.eu\/fr\/wp-json\/wp\/v2\/media\/624"}],"wp:attachment":[{"href":"https:\/\/jnats.eu\/fr\/wp-json\/wp\/v2\/media?parent=621"}],"wp:term":[{"taxonomy":"product_brand","embeddable":true,"href":"https:\/\/jnats.eu\/fr\/wp-json\/wp\/v2\/product_brand?post=621"},{"taxonomy":"product_cat","embeddable":true,"href":"https:\/\/jnats.eu\/fr\/wp-json\/wp\/v2\/product_cat?post=621"},{"taxonomy":"product_tag","embeddable":true,"href":"https:\/\/jnats.eu\/fr\/wp-json\/wp\/v2\/product_tag?post=621"}],"curies":[{"name":"wp","href":"https:\/\/api.w.org\/{rel}","templated":true}]}}