{"id":628,"date":"2024-03-11T10:24:53","date_gmt":"2024-03-11T08:24:53","guid":{"rendered":"http:\/\/jnats.eu\/?post_type=product&#038;p=628"},"modified":"2024-09-21T14:43:37","modified_gmt":"2024-09-21T11:43:37","slug":"kamisori-tamahagane-rasoir-japonais-traditionnel","status":"publish","type":"product","link":"https:\/\/jnats.eu\/fr\/produit-2\/kamisori-tamahagane-rasoir-japonais-traditionnel\/","title":{"rendered":"Rasoir traditionnel japonais Kamisori Tamahagane Eisho"},"content":{"rendered":"<p>Rasoir japonais vintage Kamisori Eisho avec lame en acier Tamahagane<\/p>\n\n\n\n<p>D\u00e9couvrez l'art intemporel et le savoir-faire in\u00e9gal\u00e9 de la fabrication de rasoirs japonais avec le rasoir Kamisori vintage \u00e0 lame en acier Tamahagane. Cr\u00e9\u00e9 par des artisans qualifi\u00e9s, ce rasoir incarne des si\u00e8cles de tradition du sabre japonais, offrant une combinaison de design exquis et de tranchant superbe.<\/p>\n\n\n\n<p>La lame de ce rasoir Kamisori est forg\u00e9e dans un acier Tamahagane authentique, r\u00e9put\u00e9 pour son tranchant exceptionnel, sa durabilit\u00e9 et la clart\u00e9 de son grain. Chaque lame est m\u00e9ticuleusement fabriqu\u00e9e pour garantir d'excellentes performances de coupe et une grande durabilit\u00e9.<\/p>\n\n\n\n<p>Le noyau d'acier dur est serti par le forgeron dans un fourreau plus souple, comme dans les c\u00e9l\u00e8bres katanas japonais.<\/p>\n\n\n\n<p>Authenticit\u00e9 et h\u00e9ritage : en tant qu'\u0153uvre d'art ancienne, ce rasoir Kamisori poss\u00e8de un riche h\u00e9ritage et une signification culturelle dans l'artisanat japonais. Chaque rasoir t\u00e9moigne du d\u00e9vouement et du savoir-faire des artisans qui ont pr\u00e9serv\u00e9 la tradition du Kamisori pendant des g\u00e9n\u00e9rations.<\/p>\n\n\n\n<p>Sp\u00e9cifications :<\/p>\n\n\n\n<ul class=\"wp-block-list\">\n<li>Mat\u00e9riau de la lame : l'acier Tamahagane est tremp\u00e9 \u00e0 70 HRC et conserve donc son tranchant pendant longtemps.<\/li>\n\n\n\n<li>Longueur de la lame : 40 mm<\/li>\n\n\n\n<li>Mat\u00e9riau du manche : acier<\/li>\n\n\n\n<li>Longueur totale : 143 mm<\/li>\n\n\n\n<li>Ma\u00eetre : Eisho<\/li>\n\n\n\n<li>Origine : Japon<\/li>\n<\/ul>\n\n\n\n<figure class=\"wp-block-embed is-type-video is-provider-youtube wp-block-embed-youtube wp-embed-aspect-16-9 wp-has-aspect-ratio\"><div class=\"wp-block-embed__wrapper\">\n<div class=\"video-container\"><iframe title=\"Rasoir traditionnel japonais Kamisori Tamahagane\" width=\"1170\" height=\"658\" src=\"https:\/\/www.youtube.com\/embed\/Xmzw6qqJJ6w?feature=oembed\" frameborder=\"0\" allow=\"accelerometer; autoplay; clipboard-write; encrypted-media; gyroscope; picture-in-picture; web-share\" allowfullscreen><\/iframe><\/div>\n<\/div><\/figure>","protected":false},"excerpt":{"rendered":"<ul>\n<li>Mat\u00e9riau de la lame : l'acier Tamahagane est tremp\u00e9 \u00e0 70 HRC et conserve donc son tranchant pendant longtemps.<\/li>\n<li>Longueur de la lame : 40 mm<\/li>\n<li>Mat\u00e9riau du manche : acier<\/li>\n<li>Longueur totale : 143 mm<\/li>\n<li>Ma\u00eetre : Eisho<\/li>\n<li>Origine : Japon<\/li>\n<\/ul>","protected":false},"featured_media":1095,"comment_status":"open","ping_status":"closed","template":"","meta":[],"product_brand":[],"product_cat":[23],"product_tag":[25,147,26],"class_list":{"0":"post-628","1":"product","2":"type-product","3":"status-publish","4":"has-post-thumbnail","6":"product_cat-razors","7":"product_tag-kamisori","8":"product_tag-kamisori-tamahagane","9":"product_tag-tamahagane","10":"product_shipping_class-light","12":"first","13":"outofstock","14":"sold-individually","15":"shipping-taxable","16":"purchasable","17":"product-type-variable"},"_links":{"self":[{"href":"https:\/\/jnats.eu\/fr\/wp-json\/wp\/v2\/product\/628","targetHints":{"allow":["GET"]}}],"collection":[{"href":"https:\/\/jnats.eu\/fr\/wp-json\/wp\/v2\/product"}],"about":[{"href":"https:\/\/jnats.eu\/fr\/wp-json\/wp\/v2\/types\/product"}],"replies":[{"embeddable":true,"href":"https:\/\/jnats.eu\/fr\/wp-json\/wp\/v2\/comments?post=628"}],"wp:featuredmedia":[{"embeddable":true,"href":"https:\/\/jnats.eu\/fr\/wp-json\/wp\/v2\/media\/1095"}],"wp:attachment":[{"href":"https:\/\/jnats.eu\/fr\/wp-json\/wp\/v2\/media?parent=628"}],"wp:term":[{"taxonomy":"product_brand","embeddable":true,"href":"https:\/\/jnats.eu\/fr\/wp-json\/wp\/v2\/product_brand?post=628"},{"taxonomy":"product_cat","embeddable":true,"href":"https:\/\/jnats.eu\/fr\/wp-json\/wp\/v2\/product_cat?post=628"},{"taxonomy":"product_tag","embeddable":true,"href":"https:\/\/jnats.eu\/fr\/wp-json\/wp\/v2\/product_tag?post=628"}],"curies":[{"name":"wp","href":"https:\/\/api.w.org\/{rel}","templated":true}]}}