{"id":638,"date":"2025-01-22T14:32:21","date_gmt":"2025-01-22T12:32:21","guid":{"rendered":"http:\/\/jnats.eu\/?post_type=product&#038;p=638"},"modified":"2026-01-17T11:36:53","modified_gmt":"2026-01-17T09:36:53","slug":"rasoirs-japonais-traditionnels-kamisori","status":"publish","type":"product","link":"https:\/\/jnats.eu\/fr\/produit-2\/rasoirs-japonais-traditionnels-kamisori\/","title":{"rendered":"Rasoirs traditionnels japonais Kamisori"},"content":{"rendered":"<p>Comme un sabre de samoura\u00ef traditionnel, ces Kamisori ont \u00e9t\u00e9 forg\u00e9s \u00e0 la main \u00e0 partir de deux couches, la partie tranchante en acier \u00e0 haute teneur en carbone et la couche de soutien en acier plus simple. La couche d'acier est cassante et dure, tandis que le fourreau apporte la souplesse n\u00e9cessaire.<\/p>\n\n\n\n<figure class=\"wp-block-embed is-type-video is-provider-youtube wp-block-embed-youtube wp-embed-aspect-16-9 wp-has-aspect-ratio\"><div class=\"wp-block-embed__wrapper\">\n<div class=\"video-container\"><iframe title=\"Rasoirs traditionnels japonais Kamisori\" width=\"1170\" height=\"658\" src=\"https:\/\/www.youtube.com\/embed\/mX8JwuToyuw?feature=oembed\" frameborder=\"0\" allow=\"accelerometer; autoplay; clipboard-write; encrypted-media; gyroscope; picture-in-picture; web-share\" referrerpolicy=\"strict-origin-when-cross-origin\" allowfullscreen><\/iframe><\/div>\n<\/div><\/figure>\n\n\n\n<p>Les deux couches ne sont pas inoxydables, il faut donc toujours garder le rasoir sec apr\u00e8s le rasage et le prot\u00e9ger avec une fine couche d'huile. Pourquoi cette lame rouille-t-elle ? Les lames qui ne rouillent pas sont fabriqu\u00e9es \u00e0 partir d'un alliage qui pr\u00e9vient les taches de corrosion, mais qui est \u00e9galement moins dur. L'acier \u00e0 haute teneur en carbone, comme la couche tranchante de ce Kamisori, offre une duret\u00e9 beaucoup plus \u00e9lev\u00e9e et vous permettra de vous raser en douceur beaucoup plus longtemps avant d'avoir \u00e0 l'aiguiser \u00e0 nouveau !<\/p>","protected":false},"excerpt":{"rendered":"<p>Comme un sabre de samoura\u00ef traditionnel, ces Kamisori ont \u00e9t\u00e9 forg\u00e9s \u00e0 la main \u00e0 partir de deux couches, la partie tranchante en acier \u00e0 haute teneur en carbone et la couche de soutien en acier plus simple. La couche d'acier est cassante et dure, tandis que le fourreau apporte la souplesse n\u00e9cessaire.<\/p>\n<p><strong>Utilisez-le et ne r\u00e9fl\u00e9chissez pas \u00e0 deux fois.<\/strong><\/p>\n<p>Si vous ne voyez pas le num\u00e9ro dans la liste, cela signifie que l&#039;article a \u00e9t\u00e9 vendu.<\/p>\n<p>&nbsp;<\/p>","protected":false},"featured_media":3833,"comment_status":"open","ping_status":"closed","template":"","meta":[],"product_brand":[],"product_cat":[23],"product_tag":[25],"class_list":{"0":"post-638","1":"product","2":"type-product","3":"status-publish","4":"has-post-thumbnail","6":"product_cat-razors","7":"product_tag-kamisori","8":"product_shipping_class-light","10":"first","11":"instock","12":"sale","13":"sold-individually","14":"shipping-taxable","15":"purchasable","16":"product-type-variable"},"_links":{"self":[{"href":"https:\/\/jnats.eu\/fr\/wp-json\/wp\/v2\/product\/638","targetHints":{"allow":["GET"]}}],"collection":[{"href":"https:\/\/jnats.eu\/fr\/wp-json\/wp\/v2\/product"}],"about":[{"href":"https:\/\/jnats.eu\/fr\/wp-json\/wp\/v2\/types\/product"}],"replies":[{"embeddable":true,"href":"https:\/\/jnats.eu\/fr\/wp-json\/wp\/v2\/comments?post=638"}],"wp:featuredmedia":[{"embeddable":true,"href":"https:\/\/jnats.eu\/fr\/wp-json\/wp\/v2\/media\/3833"}],"wp:attachment":[{"href":"https:\/\/jnats.eu\/fr\/wp-json\/wp\/v2\/media?parent=638"}],"wp:term":[{"taxonomy":"product_brand","embeddable":true,"href":"https:\/\/jnats.eu\/fr\/wp-json\/wp\/v2\/product_brand?post=638"},{"taxonomy":"product_cat","embeddable":true,"href":"https:\/\/jnats.eu\/fr\/wp-json\/wp\/v2\/product_cat?post=638"},{"taxonomy":"product_tag","embeddable":true,"href":"https:\/\/jnats.eu\/fr\/wp-json\/wp\/v2\/product_tag?post=638"}],"curies":[{"name":"wp","href":"https:\/\/api.w.org\/{rel}","templated":true}]}}