{"id":688,"date":"2025-03-20T09:13:48","date_gmt":"2025-03-20T07:13:48","guid":{"rendered":"http:\/\/jnats.eu\/?post_type=product&#038;p=688"},"modified":"2026-03-10T23:08:44","modified_gmt":"2026-03-10T21:08:44","slug":"shobudani-ikumurasaki-pierre-a-aiguiser-naturelle-japonaise","status":"publish","type":"product","link":"https:\/\/jnats.eu\/fr\/produit-2\/shobudani-ikumurasaki-pierre-a-aiguiser-naturelle-japonaise\/","title":{"rendered":"Pierre \u00e0 aiguiser naturelle japonaise Shobudani Ikumurasaki Lv 4"},"content":{"rendered":"<p>Shobudani est l&#039;une des mines les plus c\u00e9l\u00e8bres et les plus r\u00e9put\u00e9es (apr\u00e8s Nakayama) du Japon, c\u00e9l\u00e8bre pour ses pierres \u00e0 aiguiser naturelles de haute qualit\u00e9. Ces pierres sont appr\u00e9ci\u00e9es pour leurs propri\u00e9t\u00e9s uniques, qui permettent d&#039;obtenir d&#039;excellents r\u00e9sultats d&#039;aff\u00fbtage.<\/p>\n\n\n\n<figure class=\"wp-block-embed is-type-video is-provider-youtube wp-block-embed-youtube wp-embed-aspect-16-9 wp-has-aspect-ratio\"><div class=\"wp-block-embed__wrapper\">\n<div class=\"video-container\"><iframe title=\"Jnats : Nakayama Tomae, Aiwatani Kiita, Shobudani Ikimurasaki\" width=\"1170\" height=\"658\" src=\"https:\/\/www.youtube.com\/embed\/MiOfq4JKRL4?start=125&#038;feature=oembed\" frameborder=\"0\" allow=\"accelerometer; autoplay; clipboard-write; encrypted-media; gyroscope; picture-in-picture; web-share\" referrerpolicy=\"strict-origin-when-cross-origin\" allowfullscreen><\/iframe><\/div>\n<\/div><\/figure>\n\n\n\n<p>Les pierres \u00e0 aiguiser japonaises naturelles, telles que celles extraites de la mine de Shobudani, sont connues pour leur capacit\u00e9 \u00e0 donner aux lames un tranchant durable et une finition de haute qualit\u00e9. Ils sont souvent utilis\u00e9s pour aff\u00fbter les rasoirs, les couteaux et les outils de menuiserie. En raison de leur raret\u00e9 et de leur valeur esth\u00e9tique, les pierres de haute qualit\u00e9 de Shobudani sont tr\u00e8s appr\u00e9ci\u00e9es des collectionneurs et des taille-crayons professionnels.<\/p>","protected":false},"excerpt":{"rendered":"<ul>\n<li>Convient pour la finition des rasoirs, des couteaux et des outils.<\/li>\n<li>Dimensions : 205x74x22 mm<\/li>\n<li>Poids avec support 810 g<\/li>\n<li>Duret\u00e9 : Lv 4<\/li>\n<li>Les lignes sont s\u00e9curis\u00e9es<\/li>\n<\/ul>","protected":false},"featured_media":4174,"comment_status":"open","ping_status":"closed","template":"","meta":[],"product_brand":[],"product_cat":[22],"product_tag":[44],"class_list":{"0":"post-688","1":"product","2":"type-product","3":"status-publish","4":"has-post-thumbnail","6":"product_cat-jnats","7":"product_tag-shobudani","8":"product_shipping_class-iprastas","10":"first","11":"outofstock","12":"shipping-taxable","13":"purchasable","14":"product-type-simple"},"_links":{"self":[{"href":"https:\/\/jnats.eu\/fr\/wp-json\/wp\/v2\/product\/688","targetHints":{"allow":["GET"]}}],"collection":[{"href":"https:\/\/jnats.eu\/fr\/wp-json\/wp\/v2\/product"}],"about":[{"href":"https:\/\/jnats.eu\/fr\/wp-json\/wp\/v2\/types\/product"}],"replies":[{"embeddable":true,"href":"https:\/\/jnats.eu\/fr\/wp-json\/wp\/v2\/comments?post=688"}],"wp:featuredmedia":[{"embeddable":true,"href":"https:\/\/jnats.eu\/fr\/wp-json\/wp\/v2\/media\/4174"}],"wp:attachment":[{"href":"https:\/\/jnats.eu\/fr\/wp-json\/wp\/v2\/media?parent=688"}],"wp:term":[{"taxonomy":"product_brand","embeddable":true,"href":"https:\/\/jnats.eu\/fr\/wp-json\/wp\/v2\/product_brand?post=688"},{"taxonomy":"product_cat","embeddable":true,"href":"https:\/\/jnats.eu\/fr\/wp-json\/wp\/v2\/product_cat?post=688"},{"taxonomy":"product_tag","embeddable":true,"href":"https:\/\/jnats.eu\/fr\/wp-json\/wp\/v2\/product_tag?post=688"}],"curies":[{"name":"wp","href":"https:\/\/api.w.org\/{rel}","templated":true}]}}