{"id":709,"date":"2024-03-11T18:24:41","date_gmt":"2024-03-11T16:24:41","guid":{"rendered":"http:\/\/jnats.eu\/?post_type=product&#038;p=709"},"modified":"2025-03-09T13:56:49","modified_gmt":"2025-03-09T11:56:49","slug":"pierre-a-aiguiser-naturelle-japonaise-otsuki","status":"publish","type":"product","link":"https:\/\/jnats.eu\/fr\/produit-2\/pierre-a-aiguiser-naturelle-japonaise-otsuki\/","title":{"rendered":"Pierre \u00e0 aiguiser naturelle japonaise Otsuki"},"content":{"rendered":"<ul class=\"wp-block-list\">\n<li>Convient pour la finition des rasoirs, des couteaux et des outils.<\/li>\n\n\n\n<li>Dimensions : 207x76x32 mm<\/li>\n\n\n\n<li>Poids 1270 g<\/li>\n\n\n\n<li>Duret\u00e9\u00a0:\u00a0Niv 4,5<\/li>\n<\/ul>\n\n\n\n<figure class=\"wp-block-embed is-type-video is-provider-youtube wp-block-embed-youtube wp-embed-aspect-16-9 wp-has-aspect-ratio\"><div class=\"wp-block-embed__wrapper\">\n<div class=\"video-container\"><iframe title=\"Pierre \u00e0 aiguiser naturelle japonaise Otsuki\" width=\"1170\" height=\"658\" src=\"https:\/\/www.youtube.com\/embed\/SK7dmmzATjU?feature=oembed\" frameborder=\"0\" allow=\"accelerometer; autoplay; clipboard-write; encrypted-media; gyroscope; picture-in-picture; web-share\" referrerpolicy=\"strict-origin-when-cross-origin\" allowfullscreen><\/iframe><\/div>\n<\/div><\/figure>\n\n\n\n<p>Les principaux avantages des pierres \u00e0 aiguiser japonaises naturelles :<\/p>\n\n\n\n<ul class=\"wp-block-list\">\n<li>Les outils restent aff\u00fbt\u00e9s plus longtemps<\/li>\n\n\n\n<li>Les pierres ne sont pas contamin\u00e9es par les d\u00e9chets m\u00e9talliques.<\/li>\n\n\n\n<li>Facilit\u00e9 de d\u00e9montage du robinet-vanne<\/li>\n\n\n\n<li>Une r\u00e9ponse \u00e9tonnante qui vous permet de sentir exactement ce qui se passe sur la surface du m\u00e9tal.<\/li>\n<\/ul>","protected":false},"excerpt":{"rendered":"<ul>\n<li>Convient pour la finition des rasoirs, des couteaux et des outils.<\/li>\n<li>Dimensions : 207x74x31 mm<\/li>\n<li>Poids 1320 g<\/li>\n<li>Duret\u00e9 : Lv 4.8<\/li>\n<\/ul>","protected":false},"featured_media":1312,"comment_status":"open","ping_status":"closed","template":"","meta":[],"product_brand":[],"product_cat":[22],"product_tag":[150],"class_list":{"0":"post-709","1":"product","2":"type-product","3":"status-publish","4":"has-post-thumbnail","6":"product_cat-jnats","7":"product_tag-otsuki","8":"product_shipping_class-iprastas","10":"first","11":"outofstock","12":"shipping-taxable","13":"purchasable","14":"product-type-simple"},"_links":{"self":[{"href":"https:\/\/jnats.eu\/fr\/wp-json\/wp\/v2\/product\/709","targetHints":{"allow":["GET"]}}],"collection":[{"href":"https:\/\/jnats.eu\/fr\/wp-json\/wp\/v2\/product"}],"about":[{"href":"https:\/\/jnats.eu\/fr\/wp-json\/wp\/v2\/types\/product"}],"replies":[{"embeddable":true,"href":"https:\/\/jnats.eu\/fr\/wp-json\/wp\/v2\/comments?post=709"}],"wp:featuredmedia":[{"embeddable":true,"href":"https:\/\/jnats.eu\/fr\/wp-json\/wp\/v2\/media\/1312"}],"wp:attachment":[{"href":"https:\/\/jnats.eu\/fr\/wp-json\/wp\/v2\/media?parent=709"}],"wp:term":[{"taxonomy":"product_brand","embeddable":true,"href":"https:\/\/jnats.eu\/fr\/wp-json\/wp\/v2\/product_brand?post=709"},{"taxonomy":"product_cat","embeddable":true,"href":"https:\/\/jnats.eu\/fr\/wp-json\/wp\/v2\/product_cat?post=709"},{"taxonomy":"product_tag","embeddable":true,"href":"https:\/\/jnats.eu\/fr\/wp-json\/wp\/v2\/product_tag?post=709"}],"curies":[{"name":"wp","href":"https:\/\/api.w.org\/{rel}","templated":true}]}}