{"id":726,"date":"2024-03-11T18:46:54","date_gmt":"2024-03-11T16:46:54","guid":{"rendered":"http:\/\/jnats.eu\/?post_type=product&#038;p=726"},"modified":"2024-10-21T14:33:04","modified_gmt":"2024-10-21T11:33:04","slug":"ho-nagura-pierre-naturelle-japonaise","status":"publish","type":"product","link":"https:\/\/jnats.eu\/fr\/produit-2\/ho-nagura-pierre-naturelle-japonaise\/","title":{"rendered":"Ho Nagura Pierre naturelle japonaise"},"content":{"rendered":"<p>Ces pierres naturelles, extraites dans la pr\u00e9fecture d'Aichi, au Japon, sont utilis\u00e9es depuis des si\u00e8cles dans le cadre du processus de polissage des sabres traditionnels des samoura\u00efs japonais. Ces derni\u00e8res ann\u00e9es, elles sont devenues populaires et sont utilis\u00e9es pour polir et aiguiser de nombreux autres outils tranchants. Leur rapidit\u00e9 et la taille uniforme des particules les rendent tr\u00e8s efficaces pour les couteaux de cuisine. Leur capacit\u00e9 \u00e0 cr\u00e9er un bord tranchant avec un excellent \u00e9quilibre entre tranchant et perfection, ainsi qu'\u00e0 polir la surface de mani\u00e8re d\u00e9taill\u00e9e et r\u00e9guli\u00e8re, en fait un outil id\u00e9al pour l'aiguisage apr\u00e8s une \u00e9raflure. Elles sont id\u00e9ales pour l'aff\u00fbtage apr\u00e8s le grattage des pierres \u00e0 aiguiser synth\u00e9tiques \u00e0 grain moyen. Elles peuvent \u00eatre utiles comme pr\u00e9-polissage contre les pierres naturelles tr\u00e8s fines et peuvent \u00eatre utilis\u00e9es pour les finitions des couteaux en acier lamin\u00e9 et en acier monobloc.<\/p>\n\n\n\n<p>La pierre Mikawa Button Nagura \u00e9limine facilement les rayures des grains les plus grossiers. Sensation d'aiguisage en douceur qui ne \"prend\" pas la lame et une ligne de chamon d\u00e9taill\u00e9e et un givre brillant sur l'acier avec des rayures fines peu profondes. La lame parfaitement dentel\u00e9e convient \u00e0 tous les couteaux de cuisine.<\/p>","protected":false},"excerpt":{"rendered":"<ul>\n<li>Convient pour la finition et le polissage des couteaux et des outils<\/li>\n<p><!-- \/wp:list-item --><\/p>\n<p><!-- wp:list-item --><\/p>\n<li>Dimensions : 197x59x27 mm<\/li>\n<p><!-- \/wp:list-item --><\/p>\n<p><!-- wp:list-item --><\/p>\n<li>Poids avec support 840 g<\/li>\n<p><!-- \/wp:list-item --><\/p>\n<p><!-- wp:list-item --><\/p>\n<li>Duret\u00e9 : Lv 3.5<\/li>\n<p><!-- \/wp:list-item --><\/p>\n<p><!-- wp:list-item --><\/p>\n<li>Une pierre tr\u00e8s rapide et de forme r\u00e9guli\u00e8re.<\/li>\n<\/ul>","protected":false},"featured_media":1295,"comment_status":"open","ping_status":"closed","template":"","meta":[],"product_brand":[],"product_cat":[22],"product_tag":[153],"class_list":{"0":"post-726","1":"product","2":"type-product","3":"status-publish","4":"has-post-thumbnail","6":"product_cat-jnats","7":"product_tag-nagura","8":"product_shipping_class-iprastas","10":"first","11":"outofstock","12":"shipping-taxable","13":"purchasable","14":"product-type-simple"},"_links":{"self":[{"href":"https:\/\/jnats.eu\/fr\/wp-json\/wp\/v2\/product\/726","targetHints":{"allow":["GET"]}}],"collection":[{"href":"https:\/\/jnats.eu\/fr\/wp-json\/wp\/v2\/product"}],"about":[{"href":"https:\/\/jnats.eu\/fr\/wp-json\/wp\/v2\/types\/product"}],"replies":[{"embeddable":true,"href":"https:\/\/jnats.eu\/fr\/wp-json\/wp\/v2\/comments?post=726"}],"wp:featuredmedia":[{"embeddable":true,"href":"https:\/\/jnats.eu\/fr\/wp-json\/wp\/v2\/media\/1295"}],"wp:attachment":[{"href":"https:\/\/jnats.eu\/fr\/wp-json\/wp\/v2\/media?parent=726"}],"wp:term":[{"taxonomy":"product_brand","embeddable":true,"href":"https:\/\/jnats.eu\/fr\/wp-json\/wp\/v2\/product_brand?post=726"},{"taxonomy":"product_cat","embeddable":true,"href":"https:\/\/jnats.eu\/fr\/wp-json\/wp\/v2\/product_cat?post=726"},{"taxonomy":"product_tag","embeddable":true,"href":"https:\/\/jnats.eu\/fr\/wp-json\/wp\/v2\/product_tag?post=726"}],"curies":[{"name":"wp","href":"https:\/\/api.w.org\/{rel}","templated":true}]}}