{"id":756,"date":"2026-04-01T10:52:28","date_gmt":"2026-04-01T07:52:28","guid":{"rendered":"http:\/\/jnats.eu\/?post_type=product&#038;p=756"},"modified":"2026-04-06T10:58:20","modified_gmt":"2026-04-06T07:58:20","slug":"j-a-henckels-solingen-zwilligswerk-friodur-inox-no-stain-germany-rasoir-droit","status":"publish","type":"product","link":"https:\/\/jnats.eu\/fr\/produit-2\/j-a-henckels-solingen-zwilligswerk-friodur-inox-no-stain-germany-rasoir-droit\/","title":{"rendered":"NOS J.A. Henckels Solingen Zwilligswerk Friodur Inox Germany Straight Razor"},"content":{"rendered":"<figure class=\"wp-block-embed is-type-video is-provider-youtube wp-block-embed-youtube wp-embed-aspect-9-16 wp-has-aspect-ratio\"><div class=\"wp-block-embed__wrapper\">\n<div class=\"video-container\"><iframe title=\"NOS J.A. Henckels Solingen Zwilligswerk Friodur Inox Germany Straight Razors\" width=\"563\" height=\"1000\" src=\"https:\/\/www.youtube.com\/embed\/gGjV-mblg78?feature=oembed\" frameborder=\"0\" allow=\"accelerometer; autoplay; clipboard-write; encrypted-media; gyroscope; picture-in-picture; web-share\" referrerpolicy=\"strict-origin-when-cross-origin\" allowfullscreen><\/iframe><\/div>\n<\/div><\/figure>\n\n\n\n<p>Le Friodur de Henckels est le summum de l'ing\u00e9nierie et de l'artisanat allemands dans le monde du rasage traditionnel. Connu pour sa pr\u00e9cision, sa qualit\u00e9 et sa durabilit\u00e9, ce rasoir droit offre une exp\u00e9rience de rasage luxueuse recherch\u00e9e par les amateurs de produits de toilettage classiques.<\/p>\n\n\n\n<p>Acier inoxydable Friodur : fabriqu\u00e9 en Inox et tremp\u00e9 \u00e0 froid selon la technologie brevet\u00e9e Friodur de Henckels, ce rasoir pr\u00e9sente une duret\u00e9, une r\u00e9sistance \u00e0 la corrosion et une conservation du tranchant exceptionnelles. Le proc\u00e9d\u00e9 Friodur consiste \u00e0 tremper l'acier dans l'azote liquide afin d'augmenter sa solidit\u00e9 et sa r\u00e9sistance \u00e0 la corrosion et d'en extraire une structure plus fine, assurant ainsi une performance durable qui conserve son tranchant dans le temps.<\/p>\n\n\n\n<p>Design classique : le rasoir droit Friodur Inox pr\u00e9sente un design intemporel qui refl\u00e8te l'engagement de Henckels en mati\u00e8re d'\u00e9l\u00e9gance et de fonctionnalit\u00e9. Son profil \u00e9pur\u00e9, son poids \u00e9quilibr\u00e9 et son manche ergonomique le rendent agr\u00e9able \u00e0 tenir et facile \u00e0 man\u0153uvrer pendant le rasage.<\/p>\n\n\n\n<p>Utilisation polyvalente : que vous soyez un amateur de rasoir chevronn\u00e9 ou un novice du rasage traditionnel, le rasoir droit Friodur Inox de Henckels convient \u00e0 tous les niveaux de comp\u00e9tence. Son design polyvalent convient \u00e0 un large \u00e9ventail de styles de rasage et de pr\u00e9f\u00e9rences.<\/p>\n\n\n\n<p>Marque du patrimoine : avec une riche histoire remontant \u00e0 1731, Henckels est synonyme de qualit\u00e9, de fiabilit\u00e9 et d'innovation dans le monde de la coutellerie et des soins d'hygi\u00e8ne. Le rasoir Friodur Inox vintage incarne le savoir-faire Henckels depuis des g\u00e9n\u00e9rations.<\/p>\n\n\n\n<p>Que vous recherchiez un outil de rasage haut de gamme pour vos soins quotidiens ou pour compl\u00e9ter votre collection de produits de toilettage, le rasoir droit Friodur Inox de Henckels vous promet une exp\u00e9rience de rasage exceptionnelle qui allie tradition, pr\u00e9cision et luxe.<\/p>","protected":false},"excerpt":{"rendered":"<ul>\n<li>Acier inoxydable Inox, Friodur - tremp\u00e9 \u00e0 froid.<\/li>\n<li>Poign\u00e9e en polym\u00e8re<\/li>\n<li>Bo\u00eete en plastique<\/li>\n<li>Poids - 50 g<\/li>\n<li>Dimensions de la lame 75x20x6 mm<\/li>\n<li>Les rasoirs n'ont pas \u00e9t\u00e9 utilis\u00e9s (\u00e0 l'exception du n\u00b0 6), mais peuvent pr\u00e9senter de l\u00e9g\u00e8res rayures dues \u00e0 un long stockage.<\/li>\n<li><strong>Si vous ne voyez pas le num\u00e9ro dans la liste, c&#039;est qu&#039;il est vendu<\/strong><\/li>\n<\/ul>","protected":false},"featured_media":5949,"comment_status":"open","ping_status":"closed","template":"","meta":[],"product_brand":[],"product_cat":[23],"product_tag":[158,156,157,159],"class_list":{"0":"post-756","1":"product","2":"type-product","3":"status-publish","4":"has-post-thumbnail","6":"product_cat-razors","7":"product_tag-friodur","8":"product_tag-henckels","9":"product_tag-inox","10":"product_tag-straight-razor","11":"product_shipping_class-light","13":"first","14":"instock","15":"shipping-taxable","16":"purchasable","17":"product-type-variable"},"_links":{"self":[{"href":"https:\/\/jnats.eu\/fr\/wp-json\/wp\/v2\/product\/756","targetHints":{"allow":["GET"]}}],"collection":[{"href":"https:\/\/jnats.eu\/fr\/wp-json\/wp\/v2\/product"}],"about":[{"href":"https:\/\/jnats.eu\/fr\/wp-json\/wp\/v2\/types\/product"}],"replies":[{"embeddable":true,"href":"https:\/\/jnats.eu\/fr\/wp-json\/wp\/v2\/comments?post=756"}],"wp:featuredmedia":[{"embeddable":true,"href":"https:\/\/jnats.eu\/fr\/wp-json\/wp\/v2\/media\/5949"}],"wp:attachment":[{"href":"https:\/\/jnats.eu\/fr\/wp-json\/wp\/v2\/media?parent=756"}],"wp:term":[{"taxonomy":"product_brand","embeddable":true,"href":"https:\/\/jnats.eu\/fr\/wp-json\/wp\/v2\/product_brand?post=756"},{"taxonomy":"product_cat","embeddable":true,"href":"https:\/\/jnats.eu\/fr\/wp-json\/wp\/v2\/product_cat?post=756"},{"taxonomy":"product_tag","embeddable":true,"href":"https:\/\/jnats.eu\/fr\/wp-json\/wp\/v2\/product_tag?post=756"}],"curies":[{"name":"wp","href":"https:\/\/api.w.org\/{rel}","templated":true}]}}