{"id":796,"date":"2024-03-14T12:38:15","date_gmt":"2024-03-14T10:38:15","guid":{"rendered":"http:\/\/jnats.eu\/?post_type=product&#038;p=796"},"modified":"2025-09-30T11:22:55","modified_gmt":"2025-09-30T08:22:55","slug":"rasoirs-japonais-vintage-doccasion","status":"publish","type":"product","link":"https:\/\/jnats.eu\/fr\/produit-2\/rasoirs-japonais-vintage-doccasion\/","title":{"rendered":"Rasoirs japonais vintage Towa, Union, Daishi, R. Saito, Kikuboshi, Triumph"},"content":{"rendered":"<ol class=\"wp-block-list\">\n<li>G Towa T Best Hollow Ground Extra Tungsten Steel Real Japanese Hollow Ground Gen Takahashi H.Diamond &amp; Co<\/li>\n\n\n\n<li>Union 72 Japon Lame en forme de ciseau<\/li>\n\n\n\n<li>Daishi 350 Yasuki Acier en fer Acier Tamahagane R.K. CO. Lame en forme de ciseau. L'acier Tamahagane fait de \"sable de fer\" est utilis\u00e9 pour les sabres de samoura\u00efs et les katanas.<\/li>\n\n\n\n<li>Daishi 55 Yasuki Acier en fer Tamahagane R.K. CO.  L'acier Tamahagane, fabriqu\u00e9 \u00e0 partir de \"sable de fer\", est utilis\u00e9 pour les sabres de samoura\u00ef. Il peut \u00eatre durci jusqu'\u00e0 une duret\u00e9 de 70 HRC.<\/li>\n\n\n\n<li>R. Saito Kikuboshi 135 Extra Hollow Gruond<\/li>\n\n\n\n<li>Triumph Y.S.S 65825 Yasuki steel R. Saito design<\/li>\n<\/ol>\n\n\n\n<p>R. Saito \u00e9tait un coiffeur c\u00e9l\u00e8bre au Japon dans les ann\u00e9es 50-60. Il a fond\u00e9 une \u00e9cole de coiffure avec un grand nombre de professionnels dans de nombreuses villes. Son nom \u00e9tant synonyme de mode japonaise, ses cr\u00e9ations \u00e9taient tr\u00e8s appr\u00e9ci\u00e9es, tout comme son nom. Il a con\u00e7u des rasoirs qui ont \u00e9t\u00e9 produits par de grandes entreprises portant son nom : Kikuboshi, Diamond Hayashi et d'autres fabricants. Le produit \u00e9tait con\u00e7u pour \u00eatre le rasoir le plus facile \u00e0 utiliser.<\/p>\n\n\n\n<p>Traces de corrosion. Voir la vid\u00e9o.<\/p>\n\n\n\n<figure class=\"wp-block-embed is-type-video is-provider-youtube wp-block-embed-youtube wp-embed-aspect-16-9 wp-has-aspect-ratio\"><div class=\"wp-block-embed__wrapper\">\n<div class=\"video-container\"><iframe title=\"Rasoirs japonais vintage d&#039;occasion R. Saito, Tamahagane, Towa, Daishi\" width=\"1170\" height=\"658\" src=\"https:\/\/www.youtube.com\/embed\/CheeI2Xk0pE?feature=oembed\" frameborder=\"0\" allow=\"accelerometer; autoplay; clipboard-write; encrypted-media; gyroscope; picture-in-picture; web-share\" allowfullscreen><\/iframe><\/div>\n<\/div><\/figure>","protected":false},"excerpt":{"rendered":"<ol>\n<li><del>G Towa T Best Hollow Ground Extra Tungsten Steel Real Japanese Hollow Ground Gen Takahashi H.Diamond &amp; Co\u00a0<\/del> Vendu<\/li>\n<li><del>Union 72 Japon Lame en forme de ciseau<\/del><\/li>\n<li><del>Daishi 350 Yasuki Acier en fer Acier Tamahagane R.K. CO. Lame en forme de ciseau. L'acier Tamahagane fait de \"sable de fer\" est utilis\u00e9 pour les sabres de samoura\u00efs et les katanas.<\/del><\/li>\n<li>Daishi 55 Yasuki Acier en fer Tamahagane R.K. CO.  L'acier Tamahagane, fabriqu\u00e9 \u00e0 partir de \"sable de fer\", est utilis\u00e9 pour les sabres de samoura\u00ef. Il peut \u00eatre durci jusqu'\u00e0 une duret\u00e9 de 70 HRC.<\/li>\n<li><del>R. Saito Kikuboshi 135 Extra Hollow Gruond\u00a0<\/del> Vendu<\/li>\n<li><del>Triumph Y.S.S 65825 Yasuki steel R. Saito design<\/del><\/li>\n<\/ol>","protected":false},"featured_media":1151,"comment_status":"open","ping_status":"closed","template":"","meta":[],"product_brand":[],"product_cat":[23],"product_tag":[164,161,162,160,129,163],"class_list":{"0":"post-796","1":"product","2":"type-product","3":"status-publish","4":"has-post-thumbnail","6":"product_cat-razors","7":"product_tag-daishi","8":"product_tag-kikuboshi","9":"product_tag-r-saito","10":"product_tag-skustuvai","11":"product_tag-towa","12":"product_tag-union","13":"product_shipping_class-light","15":"first","16":"outofstock","17":"sold-individually","18":"shipping-taxable","19":"product-type-variable"},"_links":{"self":[{"href":"https:\/\/jnats.eu\/fr\/wp-json\/wp\/v2\/product\/796","targetHints":{"allow":["GET"]}}],"collection":[{"href":"https:\/\/jnats.eu\/fr\/wp-json\/wp\/v2\/product"}],"about":[{"href":"https:\/\/jnats.eu\/fr\/wp-json\/wp\/v2\/types\/product"}],"replies":[{"embeddable":true,"href":"https:\/\/jnats.eu\/fr\/wp-json\/wp\/v2\/comments?post=796"}],"wp:featuredmedia":[{"embeddable":true,"href":"https:\/\/jnats.eu\/fr\/wp-json\/wp\/v2\/media\/1151"}],"wp:attachment":[{"href":"https:\/\/jnats.eu\/fr\/wp-json\/wp\/v2\/media?parent=796"}],"wp:term":[{"taxonomy":"product_brand","embeddable":true,"href":"https:\/\/jnats.eu\/fr\/wp-json\/wp\/v2\/product_brand?post=796"},{"taxonomy":"product_cat","embeddable":true,"href":"https:\/\/jnats.eu\/fr\/wp-json\/wp\/v2\/product_cat?post=796"},{"taxonomy":"product_tag","embeddable":true,"href":"https:\/\/jnats.eu\/fr\/wp-json\/wp\/v2\/product_tag?post=796"}],"curies":[{"name":"wp","href":"https:\/\/api.w.org\/{rel}","templated":true}]}}