{"id":814,"date":"2024-04-20T14:08:11","date_gmt":"2024-04-20T11:08:11","guid":{"rendered":"http:\/\/jnats.eu\/?post_type=product&#038;p=814"},"modified":"2024-07-11T11:51:08","modified_gmt":"2024-07-11T08:51:08","slug":"pierre-a-aiguiser-naturelle-japonaise-ozuku-asagi","status":"publish","type":"product","link":"https:\/\/jnats.eu\/fr\/produit-2\/pierre-a-aiguiser-naturelle-japonaise-ozuku-asagi\/","title":{"rendered":"Pierre \u00e0 aiguiser naturelle japonaise Nakayama Asagi Maruka"},"content":{"rendered":"<p>Cette pierre est dure et extr\u00eamement fine, ce qui permet de travailler facilement les rasoirs. Bien qu&#039;elle soit assez r\u00e9sistante, elle a une r\u00e9ponse meilleure que la moyenne par rapport aux autres pierres de ce grain. Il peut \u00e9galement \u00eatre utilis\u00e9 pour les outils de menuiserie et les couteaux. Il laissera un vernis san mai argent\u00e9 brillant et d\u00e9taill\u00e9. Ce sont des pierres de finition tr\u00e8s puissantes \u00e0 tous points de vue.<\/p>\n\n\n\n<p>La pierre de Nakayama est c\u00e9l\u00e8bre pour la marque Kato Mutsuyama Maruka avec la lettre \u00ab ka \u00bb et le sceau Seihonzan \u32d5\u6b63\u672c\u5c71. Kato Mutsuyama fut le premier \u00e0 sculpter un tel sceau. Les dimensions non standards, les pierres de grande taille ou les pierres brutes ne portaient pas \u00e0 l&#039;origine la marque de Maruka. Cependant, il existe \u00e9galement des produits de qualit\u00e9 et des pierres \u00e0 aiguiser non standard qui ont ensuite \u00e9t\u00e9 marqu\u00e9es du tampon Maruka lors du traitement final au d\u00e9tail, ainsi que des pierres taill\u00e9es par le vendeur \u00e0 partir de pierres brutes sans le tampon \u32d5\u6b63\u672c\u5c71. De plus, les meules Nakayama vendues avant la p\u00e9riode d&#039;estampillage ne portent pas le cachet Maruka. <\/p>\n\n\n\n<p>Dans tous les cas, s&#039;il s&#039;agit de la pierre de Kato Mutsuyama provenant de cette mine, ce sera la m\u00eame pierre de Nakayama, qu&#039;elle porte ou non la marque Maruka. Le cachet \u32d5\u6b63\u672c\u5c71 lui-m\u00eame peut \u00eatre pr\u00e9sent ou non selon le canal de distribution et ne garantit pas la qualit\u00e9. Non seulement Nakayama, mais aussi d&#039;autres meules naturelles, chacune est diff\u00e9rente et il n&#039;y en a pas deux identiques. De plus, de nombreuses ann\u00e9es se sont \u00e9coul\u00e9es depuis la fermeture de la mine, de sorte qu&#039;il y a de moins en moins de bons sp\u00e9cimens sur le march\u00e9 chaque ann\u00e9e.<\/p>\n\n\n\n<p>En raison de leur raret\u00e9 et de la puissance de la marque, il existe de nombreuses contrefa\u00e7ons, nous vous recommandons donc de ne pas trop faire confiance au sceau Maruka et d&#039;\u00e9valuer la pierre de vos propres yeux.&nbsp;<\/p>\n\n\n\n<p>La mine Kato est situ\u00e9e dans les montagnes Nakayama, o\u00f9 \u00e9taient extraites les pierres \u00e0 aiguiser, et s&#039;appelait ainsi parce qu&#039;elle appartenait \u00e0 M. Kato. Hatanaka Whetstone est un magasin de pierre \u00e9tabli de longue date \u00e0 Kyoto. Apr\u00e8s la guerre, les ventes de meules Nakayama extraites de Kato Utsuyama \u00e9taient g\u00e9r\u00e9es par un groupe de cinq personnes d&#039;un important magasin de pierre de Kyoto. Parmi eux, Hatanaka Toishi aurait \u00e9t\u00e9 pendant un certain temps celui auquel les propri\u00e9taires de montagne avaient le plus confiance. en 1952 Hatanaka Toishi a enregistr\u00e9 la marque Junshin Honzan (\u7d14\u7a7a\u6b63\u672c\u5c71) pour se distinguer des autres d\u00e9taillants. Apr\u00e8s 1980 les droits sur la mine Nakayama ont \u00e9t\u00e9 achet\u00e9s par Hatanaka Whetstone et sont devenus propri\u00e9taires de la marque Maruka. Parall\u00e8lement, les pierres de cette mine \u00e9taient \u00e9galement distribu\u00e9es par d&#039;autres d\u00e9taillants.<\/p>\n\n\n\n<p><strong>Nakayama (\u4e2d\u5c71)<\/strong><br>Cette mine orientale est c\u00e9l\u00e8bre pour les pierres awasedo permettant de terminer le processus d&#039;aff\u00fbtage. La pierre multicouche (Hondomae Shikitomae) avec un \u00ab coll\u00e8gue \u00bb de couleur diff\u00e9rente est particuli\u00e8rement appr\u00e9ci\u00e9e par les charpentiers et les taille-crayons. Compar\u00e9s aux pierres de duret\u00e9 et de finesse similaires provenant d&#039;autres mines, les produits Nakayama sont connus pour une sensation d&#039;aff\u00fbtage plus agr\u00e9able. Les pierres Nakayama authentiques sont souvent accompagn\u00e9es du c\u00e9l\u00e8bre tampon Maruka \u32d5\u6b63\u672c\u5c71.<\/p>\n\n\n\n<figure class=\"wp-block-embed is-type-video is-provider-youtube wp-block-embed-youtube wp-embed-aspect-16-9 wp-has-aspect-ratio\"><div class=\"wp-block-embed__wrapper\">\n<div class=\"video-container\"><iframe title=\"Awasedo Jnats Ozuku Asagi Okudo Shobudani Karasu Kyoto Shinzen\" width=\"1170\" height=\"658\" src=\"https:\/\/www.youtube.com\/embed\/WR-t0Lxs7XY?start=612&#038;feature=oembed\" frameborder=\"0\" allow=\"accelerometer; autoplay; clipboard-write; encrypted-media; gyroscope; picture-in-picture; web-share\" referrerpolicy=\"strict-origin-when-cross-origin\" allowfullscreen><\/iframe><\/div>\n<\/div><\/figure>","protected":false},"excerpt":{"rendered":"<ul>\n<li>Convient pour la finition des rasoirs, des couteaux et des outils.<\/li>\n<li>Dimensions : 210x52x30 mm<\/li>\n<li>Poids : 860 g<\/li>\n<li>Duret\u00e9 : Lv 5+<\/li>\n<li>Les lignes sont s\u00e9curis\u00e9es<\/li>\n<li>Cette pierre tr\u00e8s dure est tr\u00e8s appr\u00e9ci\u00e9e des aiguiseurs de rasoirs, car elle permet d&#039;obtenir un tranchant maximal. Il est possible d&#039;acc\u00e9l\u00e9rer le travail \u00e0 l&#039;aide de la suspension Nagura ou en frottant avec une plaque diamant\u00e9e brute. Le tampon Maruka \u32d5\u6b63\u672c\u5c71 est \u00e0 peine visible, mais il est l\u00e0. Ceci est confirm\u00e9 par la plus haute qualit\u00e9 du travail de la pierre.\u00a0<\/li>\n<\/ul>","protected":false},"featured_media":1347,"comment_status":"open","ping_status":"closed","template":"","meta":[],"product_brand":[],"product_cat":[22],"product_tag":[45,58,49],"class_list":{"0":"post-814","1":"product","2":"type-product","3":"status-publish","4":"has-post-thumbnail","6":"product_cat-jnats","7":"product_tag-asagi","8":"product_tag-maruka","9":"product_tag-nakayama","10":"product_shipping_class-iprastas","12":"first","13":"outofstock","14":"sale","15":"shipping-taxable","16":"purchasable","17":"product-type-simple"},"_links":{"self":[{"href":"https:\/\/jnats.eu\/fr\/wp-json\/wp\/v2\/product\/814","targetHints":{"allow":["GET"]}}],"collection":[{"href":"https:\/\/jnats.eu\/fr\/wp-json\/wp\/v2\/product"}],"about":[{"href":"https:\/\/jnats.eu\/fr\/wp-json\/wp\/v2\/types\/product"}],"replies":[{"embeddable":true,"href":"https:\/\/jnats.eu\/fr\/wp-json\/wp\/v2\/comments?post=814"}],"wp:featuredmedia":[{"embeddable":true,"href":"https:\/\/jnats.eu\/fr\/wp-json\/wp\/v2\/media\/1347"}],"wp:attachment":[{"href":"https:\/\/jnats.eu\/fr\/wp-json\/wp\/v2\/media?parent=814"}],"wp:term":[{"taxonomy":"product_brand","embeddable":true,"href":"https:\/\/jnats.eu\/fr\/wp-json\/wp\/v2\/product_brand?post=814"},{"taxonomy":"product_cat","embeddable":true,"href":"https:\/\/jnats.eu\/fr\/wp-json\/wp\/v2\/product_cat?post=814"},{"taxonomy":"product_tag","embeddable":true,"href":"https:\/\/jnats.eu\/fr\/wp-json\/wp\/v2\/product_tag?post=814"}],"curies":[{"name":"wp","href":"https:\/\/api.w.org\/{rel}","templated":true}]}}