{"id":841,"date":"2024-03-15T14:51:46","date_gmt":"2024-03-15T12:51:46","guid":{"rendered":"http:\/\/jnats.eu\/?post_type=product&#038;p=841"},"modified":"2025-02-18T00:52:58","modified_gmt":"2025-02-17T22:52:58","slug":"shobudani-karasu-pierre-a-aiguiser-naturelle-japonaise","status":"publish","type":"product","link":"https:\/\/jnats.eu\/fr\/produit-2\/shobudani-karasu-pierre-a-aiguiser-naturelle-japonaise\/","title":{"rendered":"Pierre \u00e0 aiguiser naturelle japonaise Shobudani Karasu"},"content":{"rendered":"<ul class=\"wp-block-list\">\n<li>Convient pour la finition des rasoirs, des couteaux et des outils.<\/li>\n\n\n\n<li>Dimensions : 206x78x29 mm<\/li>\n\n\n\n<li>Poids : 1200 g<\/li>\n\n\n\n<li>Duret\u00e9 : Lv 4.8<\/li>\n\n\n\n<li>C\u00f4t\u00e9s et dessous recouverts de peinture<\/li>\n\n\n\n<li>Solide, assez rapide. Peut \u00eatre acc\u00e9l\u00e9r\u00e9 \u00e0 l'aide d'un clou ou d'une plaque diamant\u00e9e.<\/li>\n\n\n\n<li>La couche Aisa Karasu est l'une des plus appr\u00e9ci\u00e9es par les amateurs et les professionnels. Dans la hi\u00e9rarchie des pierres \u00e0 aiguiser naturelles japonaises, Shobudani vient juste apr\u00e8s Nakayama et n'est pas loin ou \u00e9gal \u00e0 ce dernier en termes de rapidit\u00e9, de douceur, de finesse et de r\u00e9activit\u00e9.<\/li>\n<\/ul>\n\n\n\n<figure class=\"wp-block-embed is-type-video is-provider-youtube wp-block-embed-youtube wp-embed-aspect-16-9 wp-has-aspect-ratio\"><div class=\"wp-block-embed__wrapper\">\n<div class=\"video-container\"><iframe title=\"Awasedo Jnats Ozuku Asagi Okudo Shobudani Karasu Kyoto Shinzen\" width=\"1170\" height=\"658\" src=\"https:\/\/www.youtube.com\/embed\/WR-t0Lxs7XY?start=507&#038;feature=oembed\" frameborder=\"0\" allow=\"accelerometer; autoplay; clipboard-write; encrypted-media; gyroscope; picture-in-picture; web-share\" allowfullscreen><\/iframe><\/div>\n<\/div><\/figure>","protected":false},"excerpt":{"rendered":"<p><!-- wp:list --><\/p>\n<ul><!-- wp:list-item --><\/p>\n<li><!-- wp:list -->\n<ul><!-- wp:list-item --><\/p>\n<li>Convient pour la finition des rasoirs, des couteaux et des outils.<\/li>\n<p><!-- \/wp:list-item --><\/p>\n<p><!-- wp:list-item --><\/p>\n<li>Dimensions : 206x78x29 mm<\/li>\n<p><!-- \/wp:list-item --><\/p>\n<p><!-- wp:list-item --><\/p>\n<li>Poids : 1200 g<\/li>\n<p><!-- \/wp:list-item --><\/p>\n<p><!-- wp:list-item --><\/p>\n<li>Duret\u00e9 : Lv 4.8<\/li>\n<p><!-- \/wp:list-item --><\/p>\n<p><!-- wp:list-item --><\/p>\n<li>C\u00f4t\u00e9s et dessous recouverts de peinture<\/li>\n<p><!-- \/wp:list-item --><\/p>\n<p><!-- wp:list-item --><\/p>\n<li>Solide, assez rapide. Peut \u00eatre acc\u00e9l\u00e9r\u00e9 \u00e0 l'aide d'un clou ou d'une plaque diamant\u00e9e.<\/li>\n<p><!-- \/wp:list-item --><\/p>\n<p><!-- wp:list-item --><\/p>\n<li>La couche Aisa Karasu est l'une des plus appr\u00e9ci\u00e9es par les amateurs et les professionnels. Dans la hi\u00e9rarchie des pierres \u00e0 aiguiser naturelles japonaises, Shobudani vient juste apr\u00e8s Nakayama et n'est pas loin ou \u00e9gal \u00e0 ce dernier en termes de rapidit\u00e9, de douceur, de finesse et de r\u00e9activit\u00e9.<\/li>\n<p><!-- \/wp:list-item --><\/ul>\n<p><!-- \/wp:list --><\/li>\n<p><!-- \/wp:list-item --><\/ul>\n<p><!-- \/wp:list --><\/p>","protected":false},"featured_media":1370,"comment_status":"open","ping_status":"closed","template":"","meta":[],"product_brand":[],"product_cat":[22],"product_tag":[57,44],"class_list":{"0":"post-841","1":"product","2":"type-product","3":"status-publish","4":"has-post-thumbnail","6":"product_cat-jnats","7":"product_tag-karasu","8":"product_tag-shobudani","9":"product_shipping_class-iprastas","11":"first","12":"outofstock","13":"sale","14":"shipping-taxable","15":"purchasable","16":"product-type-simple"},"_links":{"self":[{"href":"https:\/\/jnats.eu\/fr\/wp-json\/wp\/v2\/product\/841","targetHints":{"allow":["GET"]}}],"collection":[{"href":"https:\/\/jnats.eu\/fr\/wp-json\/wp\/v2\/product"}],"about":[{"href":"https:\/\/jnats.eu\/fr\/wp-json\/wp\/v2\/types\/product"}],"replies":[{"embeddable":true,"href":"https:\/\/jnats.eu\/fr\/wp-json\/wp\/v2\/comments?post=841"}],"wp:featuredmedia":[{"embeddable":true,"href":"https:\/\/jnats.eu\/fr\/wp-json\/wp\/v2\/media\/1370"}],"wp:attachment":[{"href":"https:\/\/jnats.eu\/fr\/wp-json\/wp\/v2\/media?parent=841"}],"wp:term":[{"taxonomy":"product_brand","embeddable":true,"href":"https:\/\/jnats.eu\/fr\/wp-json\/wp\/v2\/product_brand?post=841"},{"taxonomy":"product_cat","embeddable":true,"href":"https:\/\/jnats.eu\/fr\/wp-json\/wp\/v2\/product_cat?post=841"},{"taxonomy":"product_tag","embeddable":true,"href":"https:\/\/jnats.eu\/fr\/wp-json\/wp\/v2\/product_tag?post=841"}],"curies":[{"name":"wp","href":"https:\/\/api.w.org\/{rel}","templated":true}]}}