{"id":855,"date":"2024-03-16T10:16:58","date_gmt":"2024-03-16T08:16:58","guid":{"rendered":"http:\/\/jnats.eu\/?post_type=product&#038;p=855"},"modified":"2025-04-09T14:33:27","modified_gmt":"2025-04-09T11:33:27","slug":"nakayama-awasedo-pierre-a-aiguiser-naturelle-japonaise","status":"publish","type":"product","link":"https:\/\/jnats.eu\/fr\/produit-2\/nakayama-awasedo-pierre-a-aiguiser-naturelle-japonaise\/","title":{"rendered":"Pierre \u00e0 aiguiser naturelle japonaise Nakayama Awasedo"},"content":{"rendered":"<ul class=\"wp-block-list\">\n<li>Convient pour la finition des rasoirs, des couteaux et des outils.<\/li>\n\n\n\n<li>Dimensions : 198x72x27 mm<\/li>\n\n\n\n<li>Poids avec support : 1090 g<\/li>\n\n\n\n<li>Duret\u00e9 : Lv 5+<\/li>\n\n\n\n<li>Pierre tr\u00e8s dure. Le travail peut \u00eatre acc\u00e9l\u00e9r\u00e9 \u00e0 l'aide d'un clou ou d'une plaque diamant\u00e9e.<\/li>\n\n\n\n<li>La pierre \u00e0 aiguiser extraite dans les montagnes de Nakayama est la plus pris\u00e9e des amateurs et des professionnels. Dans la hi\u00e9rarchie des pierres \u00e0 aiguiser naturelles japonaises, la Nakayama se situe au sommet de la hi\u00e9rarchie en termes de toutes les qualit\u00e9s : vitesse, douceur, finesse et r\u00e9ponse.<\/li>\n<\/ul>\n\n\n\n<p>Les principaux avantages des pierres \u00e0 aiguiser japonaises naturelles :<\/p>\n\n\n\n<ul class=\"wp-block-list\">\n<li>Les outils restent aff\u00fbt\u00e9s plus longtemps<\/li>\n\n\n\n<li>Les pierres ne sont pas contamin\u00e9es par les d\u00e9chets m\u00e9talliques.<\/li>\n\n\n\n<li>Facilit\u00e9 de d\u00e9montage du robinet-vanne<\/li>\n\n\n\n<li>Une r\u00e9ponse \u00e9tonnante qui vous permet de sentir exactement ce qui se passe sur la surface du m\u00e9tal.<\/li>\n<\/ul>\n\n\n\n<figure class=\"wp-block-embed is-type-video is-provider-youtube wp-block-embed-youtube wp-embed-aspect-16-9 wp-has-aspect-ratio\"><div class=\"wp-block-embed__wrapper\">\n<div class=\"video-container\"><iframe title=\"Nouveau Kinmoji Kamisori Nakayama Awasedo\" width=\"1170\" height=\"658\" src=\"https:\/\/www.youtube.com\/embed\/SQeigg5Fprs?feature=oembed\" frameborder=\"0\" allow=\"accelerometer; autoplay; clipboard-write; encrypted-media; gyroscope; picture-in-picture; web-share\" referrerpolicy=\"strict-origin-when-cross-origin\" allowfullscreen><\/iframe><\/div>\n<\/div><\/figure>","protected":false},"excerpt":{"rendered":"<ul>\n<li>Convient pour la finition des rasoirs, des couteaux et des outils.<\/li>\n<li>Dimensions : 198x72x27 mm<\/li>\n<li>Poids avec support : 1090 g<\/li>\n<li>Duret\u00e9 : Lv 5+<\/li>\n<li>Pierre tr\u00e8s dure. Le travail peut \u00eatre acc\u00e9l\u00e9r\u00e9 \u00e0 l'aide d'un clou ou d'une plaque diamant\u00e9e.<\/li>\n<li>La pierre \u00e0 aiguiser extraite dans les montagnes de Nakayama est la plus pris\u00e9e des amateurs et des professionnels. Dans la hi\u00e9rarchie des pierres \u00e0 aiguiser naturelles japonaises, la Nakayama se situe au sommet de la hi\u00e9rarchie en termes de toutes les qualit\u00e9s : vitesse, douceur, finesse et r\u00e9ponse.<\/li>\n<\/ul>","protected":false},"featured_media":1292,"comment_status":"open","ping_status":"closed","template":"","meta":[],"product_brand":[],"product_cat":[22],"product_tag":[40,49],"class_list":{"0":"post-855","1":"product","2":"type-product","3":"status-publish","4":"has-post-thumbnail","6":"product_cat-jnats","7":"product_tag-awasedo","8":"product_tag-nakayama","9":"product_shipping_class-iprastas","11":"first","12":"outofstock","13":"sale","14":"shipping-taxable","15":"purchasable","16":"product-type-simple"},"_links":{"self":[{"href":"https:\/\/jnats.eu\/fr\/wp-json\/wp\/v2\/product\/855","targetHints":{"allow":["GET"]}}],"collection":[{"href":"https:\/\/jnats.eu\/fr\/wp-json\/wp\/v2\/product"}],"about":[{"href":"https:\/\/jnats.eu\/fr\/wp-json\/wp\/v2\/types\/product"}],"replies":[{"embeddable":true,"href":"https:\/\/jnats.eu\/fr\/wp-json\/wp\/v2\/comments?post=855"}],"wp:featuredmedia":[{"embeddable":true,"href":"https:\/\/jnats.eu\/fr\/wp-json\/wp\/v2\/media\/1292"}],"wp:attachment":[{"href":"https:\/\/jnats.eu\/fr\/wp-json\/wp\/v2\/media?parent=855"}],"wp:term":[{"taxonomy":"product_brand","embeddable":true,"href":"https:\/\/jnats.eu\/fr\/wp-json\/wp\/v2\/product_brand?post=855"},{"taxonomy":"product_cat","embeddable":true,"href":"https:\/\/jnats.eu\/fr\/wp-json\/wp\/v2\/product_cat?post=855"},{"taxonomy":"product_tag","embeddable":true,"href":"https:\/\/jnats.eu\/fr\/wp-json\/wp\/v2\/product_tag?post=855"}],"curies":[{"name":"wp","href":"https:\/\/api.w.org\/{rel}","templated":true}]}}