{"id":861,"date":"2024-03-16T10:29:38","date_gmt":"2024-03-16T08:29:38","guid":{"rendered":"http:\/\/jnats.eu\/?post_type=product&#038;p=861"},"modified":"2025-06-03T21:01:36","modified_gmt":"2025-06-03T18:01:36","slug":"shobudani-ikimurasaki-awasedo-pierre-a-aiguiser-naturelle-japonaise","status":"publish","type":"product","link":"https:\/\/jnats.eu\/fr\/produit-2\/shobudani-ikimurasaki-awasedo-pierre-a-aiguiser-naturelle-japonaise\/","title":{"rendered":"Pierre \u00e0 aiguiser naturelle japonaise Shobudani Ikimurasaki Awasedo"},"content":{"rendered":"<ul class=\"wp-block-list\">\n<li>Convient pour la finition des rasoirs, des couteaux et des outils.<\/li>\n\n\n\n<li>Dimensions : 198x69x22 mm<\/li>\n\n\n\n<li>Poids avec support : 860 g<\/li>\n\n\n\n<li>Duret\u00e9 : Lv 4.7<\/li>\n\n\n\n<li>Dur, rapide.&nbsp;<\/li>\n\n\n\n<li>Shobudani vient juste apr\u00e8s Nakayama dans la hi\u00e9rarchie des pierres \u00e0 aiguiser naturelles japonaises, et n'est pas loin ou \u00e9gal \u00e0 Nakayama en termes de vitesse, de douceur, de finesse et de r\u00e9ponse.<\/li>\n<\/ul>\n\n\n\n<figure class=\"wp-block-embed is-type-video is-provider-youtube wp-block-embed-youtube wp-embed-aspect-16-9 wp-has-aspect-ratio\"><div class=\"wp-block-embed__wrapper\">\n<div class=\"video-container\"><iframe title=\"New Kinmoji Kamisori, Naniwa Super Stone #3000, Shobudani Ikimurasaki Awasedo\" width=\"1170\" height=\"658\" src=\"https:\/\/www.youtube.com\/embed\/5MbmFGPudOY?start=267&#038;feature=oembed\" frameborder=\"0\" allow=\"accelerometer; autoplay; clipboard-write; encrypted-media; gyroscope; picture-in-picture; web-share\" referrerpolicy=\"strict-origin-when-cross-origin\" allowfullscreen><\/iframe><\/div>\n<\/div><\/figure>\n\n\n\n<p><strong>Les principaux avantages des pierres \u00e0 aiguiser japonaises naturelles :<\/strong><\/p>\n\n\n\n<ul class=\"wp-block-list\">\n<li>Les outils restent aff\u00fbt\u00e9s plus longtemps<\/li>\n\n\n\n<li>Les pierres ne sont pas contamin\u00e9es par les d\u00e9chets m\u00e9talliques.<\/li>\n\n\n\n<li>Facilit\u00e9 de d\u00e9montage du robinet-vanne<\/li>\n\n\n\n<li>Une r\u00e9ponse \u00e9tonnante qui vous permet de sentir exactement ce qui se passe sur la surface du m\u00e9tal.<\/li>\n<\/ul>","protected":false},"excerpt":{"rendered":"<ul>\n<li>Convient pour la finition des rasoirs, des couteaux et des outils.<\/li>\n<li>Dimensions : 198x69x22 mm<\/li>\n<li>Poids avec support : 860 g<\/li>\n<li>Duret\u00e9 : Lv 4.7<\/li>\n<li>Dur, rapide.<\/li>\n<li>Shobudani vient juste apr\u00e8s Nakayama dans la hi\u00e9rarchie des pierres \u00e0 aiguiser naturelles japonaises, et n'est pas loin ou \u00e9gal \u00e0 Nakayama en termes de vitesse, de douceur, de finesse et de r\u00e9ponse.<\/li>\n<\/ul>","protected":false},"featured_media":1282,"comment_status":"open","ping_status":"closed","template":"","meta":[],"product_brand":[],"product_cat":[22],"product_tag":[44],"class_list":{"0":"post-861","1":"product","2":"type-product","3":"status-publish","4":"has-post-thumbnail","6":"product_cat-jnats","7":"product_tag-shobudani","8":"product_shipping_class-iprastas","10":"first","11":"outofstock","12":"sale","13":"shipping-taxable","14":"purchasable","15":"product-type-simple"},"_links":{"self":[{"href":"https:\/\/jnats.eu\/fr\/wp-json\/wp\/v2\/product\/861","targetHints":{"allow":["GET"]}}],"collection":[{"href":"https:\/\/jnats.eu\/fr\/wp-json\/wp\/v2\/product"}],"about":[{"href":"https:\/\/jnats.eu\/fr\/wp-json\/wp\/v2\/types\/product"}],"replies":[{"embeddable":true,"href":"https:\/\/jnats.eu\/fr\/wp-json\/wp\/v2\/comments?post=861"}],"wp:featuredmedia":[{"embeddable":true,"href":"https:\/\/jnats.eu\/fr\/wp-json\/wp\/v2\/media\/1282"}],"wp:attachment":[{"href":"https:\/\/jnats.eu\/fr\/wp-json\/wp\/v2\/media?parent=861"}],"wp:term":[{"taxonomy":"product_brand","embeddable":true,"href":"https:\/\/jnats.eu\/fr\/wp-json\/wp\/v2\/product_brand?post=861"},{"taxonomy":"product_cat","embeddable":true,"href":"https:\/\/jnats.eu\/fr\/wp-json\/wp\/v2\/product_cat?post=861"},{"taxonomy":"product_tag","embeddable":true,"href":"https:\/\/jnats.eu\/fr\/wp-json\/wp\/v2\/product_tag?post=861"}],"curies":[{"name":"wp","href":"https:\/\/api.w.org\/{rel}","templated":true}]}}