{"id":870,"date":"2024-03-16T10:41:10","date_gmt":"2024-03-16T08:41:10","guid":{"rendered":"http:\/\/jnats.eu\/?post_type=product&#038;p=870"},"modified":"2024-11-28T23:41:07","modified_gmt":"2024-11-28T21:41:07","slug":"pierre-a-aiguiser-naturelle-japonaise-aiwatani-2","status":"publish","type":"product","link":"https:\/\/jnats.eu\/fr\/produit-2\/pierre-a-aiguiser-naturelle-japonaise-aiwatani-2\/","title":{"rendered":"Pierre \u00e0 aiguiser naturelle japonaise Aiwatani"},"content":{"rendered":"<ul class=\"wp-block-list\">\n<li>Convient pour la finition des couteaux et des outils. Pr\u00e9finition pour les rasoirs.<\/li>\n\n\n\n<li>Dimensions : 220x81x38 mm<\/li>\n\n\n\n<li>Poids avec support : 1890 g<\/li>\n\n\n\n<li>Duret\u00e9 : Lv 3.7<\/li>\n\n\n\n<li>C\u00f4t\u00e9s et socle laqu\u00e9s<\/li>\n<\/ul>\n\n\n\n<p><strong>Les principaux avantages des pierres \u00e0 aiguiser japonaises naturelles :<\/strong><\/p>\n\n\n\n<ul class=\"wp-block-list\">\n<li>Les outils restent aff\u00fbt\u00e9s plus longtemps<\/li>\n\n\n\n<li>Les pierres ne sont pas contamin\u00e9es par les d\u00e9chets m\u00e9talliques.<\/li>\n\n\n\n<li>Facilit\u00e9 de d\u00e9montage du robinet-vanne<\/li>\n\n\n\n<li>Une r\u00e9ponse \u00e9tonnante qui vous permet de sentir exactement ce qui se passe sur la surface du m\u00e9tal.<\/li>\n<\/ul>\n\n\n\n<figure class=\"wp-block-embed is-type-video is-provider-youtube wp-block-embed-youtube wp-embed-aspect-16-9 wp-has-aspect-ratio\"><div class=\"wp-block-embed__wrapper\">\n<div class=\"video-container\"><iframe title=\"Nakayama Awasedo, Ohira, Shobudani Jnats\" width=\"1170\" height=\"658\" src=\"https:\/\/www.youtube.com\/embed\/lP9TjJLP2BI?feature=oembed\" frameborder=\"0\" allow=\"accelerometer; autoplay; clipboard-write; encrypted-media; gyroscope; picture-in-picture; web-share\" referrerpolicy=\"strict-origin-when-cross-origin\" allowfullscreen><\/iframe><\/div>\n<\/div><\/figure>","protected":false},"excerpt":{"rendered":"<p><!-- wp:list --><\/p>\n<ul><!-- wp:list-item --><\/p>\n<li>Convient pour la finition des couteaux et des outils. Pr\u00e9finition pour les rasoirs.<\/li>\n<p><!-- \/wp:list-item --><\/p>\n<p><!-- wp:list-item --><\/p>\n<li>Dimensions : 220x81x38 mm<\/li>\n<p><!-- \/wp:list-item --><\/p>\n<p><!-- wp:list-item --><\/p>\n<li>Poids avec support : 1890 g<\/li>\n<p><!-- \/wp:list-item --><\/p>\n<p><!-- wp:list-item --><\/p>\n<li>Duret\u00e9 : Lv 3.7<\/li>\n<li>La suspension se d\u00e9bloque facilement.<\/li>\n<\/ul>","protected":false},"featured_media":1275,"comment_status":"open","ping_status":"closed","template":"","meta":[],"product_brand":[],"product_cat":[22],"product_tag":[65],"class_list":{"0":"post-870","1":"product","2":"type-product","3":"status-publish","4":"has-post-thumbnail","6":"product_cat-jnats","7":"product_tag-aiwatani","8":"product_shipping_class-iprastas","10":"first","11":"outofstock","12":"shipping-taxable","13":"purchasable","14":"product-type-simple"},"_links":{"self":[{"href":"https:\/\/jnats.eu\/fr\/wp-json\/wp\/v2\/product\/870","targetHints":{"allow":["GET"]}}],"collection":[{"href":"https:\/\/jnats.eu\/fr\/wp-json\/wp\/v2\/product"}],"about":[{"href":"https:\/\/jnats.eu\/fr\/wp-json\/wp\/v2\/types\/product"}],"replies":[{"embeddable":true,"href":"https:\/\/jnats.eu\/fr\/wp-json\/wp\/v2\/comments?post=870"}],"wp:featuredmedia":[{"embeddable":true,"href":"https:\/\/jnats.eu\/fr\/wp-json\/wp\/v2\/media\/1275"}],"wp:attachment":[{"href":"https:\/\/jnats.eu\/fr\/wp-json\/wp\/v2\/media?parent=870"}],"wp:term":[{"taxonomy":"product_brand","embeddable":true,"href":"https:\/\/jnats.eu\/fr\/wp-json\/wp\/v2\/product_brand?post=870"},{"taxonomy":"product_cat","embeddable":true,"href":"https:\/\/jnats.eu\/fr\/wp-json\/wp\/v2\/product_cat?post=870"},{"taxonomy":"product_tag","embeddable":true,"href":"https:\/\/jnats.eu\/fr\/wp-json\/wp\/v2\/product_tag?post=870"}],"curies":[{"name":"wp","href":"https:\/\/api.w.org\/{rel}","templated":true}]}}