{"id":20,"date":"2024-02-15T13:36:39","date_gmt":"2024-02-15T11:36:39","guid":{"rendered":"http:\/\/jnats.eu\/?page_id=20"},"modified":"2024-05-01T12:57:35","modified_gmt":"2024-05-01T09:57:35","slug":"rimborso_rimborsi","status":"publish","type":"page","link":"https:\/\/jnats.eu\/it\/rimborso_rimborsi\/","title":{"rendered":"Termini e condizioni di acquisto"},"content":{"rendered":"<h2 class=\"wp-block-heading\">Consegna della merce<\/h2>\n\n\n\n<p>Consegniamo la merce tramite un corriere di nostra scelta all&#039;indirizzo indicato dall&#039;acquirente in fase di ordine o presso un ufficio postale. Spediamo la merce entro 1-2 giorni lavorativi.<\/p>\n\n\n\n<p>Termini preliminari per la consegna della merce:<\/p>\n\n\n\n<ul class=\"wp-block-list\">\n<li>In Lituania: 1-3 giorni lavorativi<\/li>\n\n\n\n<li>In Europa: 3-15 giorni lavorativi<\/li>\n\n\n\n<li>Resto del mondo: 10-40 giorni lavorativi.<\/li>\n<\/ul>\n\n\n\n<h2 class=\"wp-block-heading\">Prezzo di consegna<\/h2>\n\n\n\n<p>Prezzo di consegna in base al peso:<\/p>\n\n\n\n<ul class=\"wp-block-list\">\n<li>In Lituania - da 1,7\u20ac<\/li>\n\n\n\n<li>In Europa: da 8,3\u20ac<\/li>\n\n\n\n<li>Resto del mondo: da 9,8\u20ac<\/li>\n<\/ul>\n\n\n\n<p>Offriamo anche la spedizione gratuita al di sopra di un determinato importo del carrello, che \u00e8 soggetto a modifiche senza preavviso.<\/p>\n\n\n\n<p>Il corriere consegner\u00e0 i pacchi fino a 30 kg al distributore automatico, direttamente davanti alla porta di casa o appartamento. Si prega di notare che il pacco non verr\u00e0 trasportato in spazi o locali interni, come stanze, balconi o cortili.<\/p>\n\n\n\n<p>Il corriere consegner\u00e0 i pacchi di peso superiore a 30 kg solo davanti alla porta di casa o alle scale del condominio e aiuter\u00e0 a scaricarli dal veicolo. Si prega di notare che il pacco non verr\u00e0 consegnato davanti alla porta di casa\/appartamento n\u00e9 portato in spazi o locali interni.<\/p>\n\n\n\n<p><strong><em>Gli acquirenti extra UE si assumono la piena responsabilit\u00e0 per eventuali tasse di importazione e altre tasse.<\/em><\/strong><\/p>\n\n\n\n<h2 class=\"wp-block-heading\"><strong>Rimborsi e rimborsi<\/strong><\/h2>\n\n\n\n<p>La merce pu\u00f2 essere restituita entro 30 giorni dalla data di ricevimento. Se sono trascorsi pi\u00f9 di 30 giorni da quando hai ricevuto gli articoli, non possiamo offrirti un rimborso completo o uno scambio, ad eccezione dei nuovi prodotti con difetti di fabbrica.<\/p>\n\n\n\n<p>Per avere diritto a un reso, l&#039;articolo deve essere nelle stesse condizioni in cui lo hai ricevuto. Deve anche essere nella confezione originale, se era nella confezione originale. Abbiamo bisogno del numero dell&#039;ordine, dell&#039;estratto conto del vaglia o di altra prova per avviare un reso.<\/p>\n\n\n\n<p>Non rispedire l'acquisto al produttore.<\/p>\n\n\n\n<p><strong>In alcune situazioni viene rimborsata solo una parte del denaro:<\/strong><\/p>\n\n\n\n<ul class=\"wp-block-list\">\n<li>Il prodotto presenta evidenti segni di utilizzo o di danneggiamento<\/li>\n\n\n\n<li>Qualsiasi articolo che non sia nelle condizioni originali, sia danneggiato o manchi di parti per cause non imputabili a noi.<\/li>\n<\/ul>\n\n\n\n<p>Una volta ricevuto e verificato il tuo reso, ti invieremo un&#039;e-mail una lettera che ti informa che abbiamo ricevuto l&#039;articolo restituito. Ti informeremo inoltre dell&#039;approvazione o del rifiuto del tuo rimborso. Se la richiesta viene approvata, i fondi verranno elaborati entro 10 giorni e i fondi verranno restituiti sul conto da te specificato.<\/p>\n\n\n\n<h2 class=\"wp-block-heading\">Fondi in ritardo o non rimborsati<\/h2>\n\n\n\n<ul class=\"wp-block-list\">\n<li>Se non avete ancora ricevuto il denaro, controllate di nuovo il vostro conto bancario.<\/li>\n\n\n\n<li>Contatta quindi la societ\u00e0 che ha emesso la carta di credito o la fattura. Potrebbe volerci del tempo prima che il rimborso venga annunciato ufficialmente.<\/li>\n\n\n\n<li>Poi contattate la vostra banca. Spesso ci vuole un po' di tempo prima che i fondi vengano restituiti.<\/li>\n\n\n\n<li>Se avete fatto tutto questo e non avete ancora ricevuto il vostro denaro, contattateci all'indirizzo: <a href=\"mailto:info@jnats.eu\">info@jnats.eu<\/a><\/li>\n<\/ul>\n\n\n\n<p>I rimborsi possono essere effettuati solo per i prodotti normali. I beni virtuali (sconti, buoni regalo, ecc.) non sono rimborsabili.<\/p>\n\n\n\n<p><strong>Cambiamento<\/strong><br>Sostituiamo solo gli articoli che non sono stati danneggiati o rotti da voi. Se avete bisogno di sostituirlo con lo stesso articolo, inviateci un'e-mail a <a href=\"mailto:info@jnats.eu\">info@jnats.eu<\/a> e spedire il prodotto all&#039;indirizzo: Eugenijus Mockaitis, Jurbarkas, Lauko 2-17, Lituania.<\/p>\n\n\n\n<p><strong>Regali<\/strong><br>Se l'articolo \u00e8 stato contrassegnato come regalo al momento dell'acquisto e inviato direttamente a voi, riceverete un credito regalo equivalente al valore del reso. Un buono regalo vi sar\u00e0 inviato al ricevimento dell'articolo restituito.<\/p>\n\n\n\n<p>Se l'articolo non era contrassegnato come regalo al momento dell'acquisto, o se il donatore aveva inviato l'ordine a se stesso per consegnarlo in seguito, rimborseremo il donatore e questi sar\u00e0 a conoscenza del rimborso.<\/p>\n\n\n\n<p><strong>Restituzione del prodotto<\/strong><br>Se desideri restituire il prodotto, devi inviarlo a Eugenijus Mockaitis, Jurbarkas, Lauko 2-17, Lituania.<\/p>\n\n\n\n<p>Le spese di spedizione per la restituzione della merce sono a carico del cliente. Le spese di spedizione non sono rimborsabili. In caso di rimborso, le spese di spedizione per la restituzione saranno detratte dal rimborso.<\/p>\n\n\n\n<p>A seconda del luogo di residenza, il tempo necessario per ricevere il prodotto sostituito pu\u00f2 variare.<\/p>\n\n\n\n<p>Se state restituendo prodotti pi\u00f9 costosi, potreste prendere in considerazione l'utilizzo di un servizio di spedizione tracciato o l'acquisto di un'assicurazione sulla spedizione. Non garantiamo di ricevere l'articolo restituito.<\/p>\n\n\n\n<p><strong>Avete bisogno di aiuto?<\/strong><br>In caso di domande relative ai rimborsi, si prega di contattarci a <a href=\"mailto:info@jnats.eu\">info@jnats.eu<\/a> o per telefono <a href=\"Tel:+37064444623\">+370 644 44623<\/a>.<\/p>","protected":false},"excerpt":{"rendered":"<p>Consegna Consegniamo la merce tramite un corriere di nostra scelta all'indirizzo indicato dall'acquirente al momento dell'ordine o a un ufficio postale. La merce viene spedita entro 1-2 giorni lavorativi. Prezzo di consegna Prezzo di consegna in base al peso: offriamo anche la consegna gratuita a partire da un determinato importo del carrello, che \u00e8 soggetto a modifiche senza preavviso. I pacchi di peso fino a 30 kg sono [...]<\/p>","protected":false},"author":1,"featured_media":0,"parent":0,"menu_order":0,"comment_status":"closed","ping_status":"closed","template":"","meta":{"footnotes":""},"class_list":["post-20","page","type-page","status-publish","hentry"],"_links":{"self":[{"href":"https:\/\/jnats.eu\/it\/wp-json\/wp\/v2\/pages\/20","targetHints":{"allow":["GET"]}}],"collection":[{"href":"https:\/\/jnats.eu\/it\/wp-json\/wp\/v2\/pages"}],"about":[{"href":"https:\/\/jnats.eu\/it\/wp-json\/wp\/v2\/types\/page"}],"author":[{"embeddable":true,"href":"https:\/\/jnats.eu\/it\/wp-json\/wp\/v2\/users\/1"}],"replies":[{"embeddable":true,"href":"https:\/\/jnats.eu\/it\/wp-json\/wp\/v2\/comments?post=20"}],"version-history":[{"count":0,"href":"https:\/\/jnats.eu\/it\/wp-json\/wp\/v2\/pages\/20\/revisions"}],"wp:attachment":[{"href":"https:\/\/jnats.eu\/it\/wp-json\/wp\/v2\/media?parent=20"}],"curies":[{"name":"wp","href":"https:\/\/api.w.org\/{rel}","templated":true}]}}