{"id":4393,"date":"2025-04-15T11:06:23","date_gmt":"2025-04-15T08:06:23","guid":{"rendered":"https:\/\/jnats.eu\/?page_id=4393"},"modified":"2025-04-15T11:14:24","modified_gmt":"2025-04-15T08:14:24","slug":"apie-mus","status":"publish","type":"page","link":"https:\/\/jnats.eu\/it\/apie-mus\/","title":{"rendered":"Chi siamo"},"content":{"rendered":"<p><strong>JNATS.eu<\/strong> - un luogo dove si incontrano la passione per l'affilatura e il rispetto per l'artigianato giapponese. Siamo appassionati di pietre giapponesi naturali per l'affilatura e siamo stanchi di acquistare \"pietre in busta\". In molti negozi online le descrizioni delle pietre sono vaghe, le informazioni sono carenti e il risultato finale \u00e8 spesso deludente.<\/p>\n\n\n\n<p>Abbiamo deciso di cambiare le cose. Testiamo personalmente ogni pietra che offriamo nel nostro negozio, e non sono solo parole. Insieme a ogni prodotto troverete video reali che dimostrano le propriet\u00e0 della pietra, la sensazione di affilatura, i risultati e l'esperienza.<\/p>\n\n\n\n<p>Il nostro obiettivo \u00e8 quello di creare uno spazio trasparente, informativo e adatto agli appassionati, dove tutti possano acquistare esattamente ci\u00f2 che cercano: nessuna incertezza, solo valore reale. Se siete interessati alla qualit\u00e0, all'artigianalit\u00e0 e alla chiarezza, siete nel posto giusto.<\/p>\n\n\n\n<figure class=\"wp-block-image size-large\"><img decoding=\"async\" width=\"1024\" height=\"768\" src=\"https:\/\/jnats.eu\/wp-content\/uploads\/2024\/04\/Nakayama-Kiita-Karasu-Maruka-2-1024x768.webp\" alt=\"\" class=\"wp-image-2253\" srcset=\"https:\/\/jnats.eu\/wp-content\/uploads\/2024\/04\/Nakayama-Kiita-Karasu-Maruka-2-1024x768.webp 1024w, https:\/\/jnats.eu\/wp-content\/uploads\/2024\/04\/Nakayama-Kiita-Karasu-Maruka-2-300x225.webp 300w, https:\/\/jnats.eu\/wp-content\/uploads\/2024\/04\/Nakayama-Kiita-Karasu-Maruka-2-768x576.webp 768w, https:\/\/jnats.eu\/wp-content\/uploads\/2024\/04\/Nakayama-Kiita-Karasu-Maruka-2-1536x1152.webp 1536w, https:\/\/jnats.eu\/wp-content\/uploads\/2024\/04\/Nakayama-Kiita-Karasu-Maruka-2-16x12.webp 16w, https:\/\/jnats.eu\/wp-content\/uploads\/2024\/04\/Nakayama-Kiita-Karasu-Maruka-2-990x743.webp 990w, https:\/\/jnats.eu\/wp-content\/uploads\/2024\/04\/Nakayama-Kiita-Karasu-Maruka-2-441x331.webp 441w, https:\/\/jnats.eu\/wp-content\/uploads\/2024\/04\/Nakayama-Kiita-Karasu-Maruka-2-600x450.webp 600w, https:\/\/jnats.eu\/wp-content\/uploads\/2024\/04\/Nakayama-Kiita-Karasu-Maruka-2-150x113.webp 150w, https:\/\/jnats.eu\/wp-content\/uploads\/2024\/04\/Nakayama-Kiita-Karasu-Maruka-2.webp 2000w\" sizes=\"(max-width: 1024px) 100vw, 1024px\" \/><\/figure>","protected":false},"excerpt":{"rendered":"<p>JNATS.eu \u00e8 il luogo in cui si incontrano la passione per l'affilatura e il rispetto per l'artigianato giapponese. Siamo appassionati di pietre giapponesi naturali per l'affilatura e siamo stanchi di acquistare \"pietre in busta\". In molti negozi online le descrizioni delle pietre sono vaghe, le informazioni sono carenti e il risultato finale \u00e8 spesso deludente. Abbiamo deciso di cambiare questa situazione. Testiamo personalmente ogni pietra che offriamo nel nostro negozio - e non si tratta solo di parole. [...]<\/p>","protected":false},"author":1,"featured_media":2253,"parent":0,"menu_order":0,"comment_status":"closed","ping_status":"closed","template":"","meta":{"footnotes":""},"class_list":["post-4393","page","type-page","status-publish","has-post-thumbnail","hentry"],"_links":{"self":[{"href":"https:\/\/jnats.eu\/it\/wp-json\/wp\/v2\/pages\/4393","targetHints":{"allow":["GET"]}}],"collection":[{"href":"https:\/\/jnats.eu\/it\/wp-json\/wp\/v2\/pages"}],"about":[{"href":"https:\/\/jnats.eu\/it\/wp-json\/wp\/v2\/types\/page"}],"author":[{"embeddable":true,"href":"https:\/\/jnats.eu\/it\/wp-json\/wp\/v2\/users\/1"}],"replies":[{"embeddable":true,"href":"https:\/\/jnats.eu\/it\/wp-json\/wp\/v2\/comments?post=4393"}],"version-history":[{"count":2,"href":"https:\/\/jnats.eu\/it\/wp-json\/wp\/v2\/pages\/4393\/revisions"}],"predecessor-version":[{"id":4396,"href":"https:\/\/jnats.eu\/it\/wp-json\/wp\/v2\/pages\/4393\/revisions\/4396"}],"wp:featuredmedia":[{"embeddable":true,"href":"https:\/\/jnats.eu\/it\/wp-json\/wp\/v2\/media\/2253"}],"wp:attachment":[{"href":"https:\/\/jnats.eu\/it\/wp-json\/wp\/v2\/media?parent=4393"}],"curies":[{"name":"wp","href":"https:\/\/api.w.org\/{rel}","templated":true}]}}