{"id":110,"date":"2024-02-21T11:44:46","date_gmt":"2024-02-21T09:44:46","guid":{"rendered":"http:\/\/jnats.eu\/?post_type=product&#038;p=110"},"modified":"2025-09-19T08:00:46","modified_gmt":"2025-09-19T05:00:46","slug":"pietra-naturale-giapponese-per-affilare-la-finitura-awasedo-iromono","status":"publish","type":"product","link":"https:\/\/jnats.eu\/it\/prodotto-2\/pietra-naturale-giapponese-per-affilare-la-finitura-awasedo-iromono\/","title":{"rendered":"Awasedo Iromono Pietra giapponese naturale per affilare e rifinire"},"content":{"rendered":"<ul class=\"wp-block-list\">\n<li><strong>Durezza: Lv 4<\/strong><\/li>\n\n\n\n<li><strong>Dimensioni: 198x72x25<\/strong> mm<\/li>\n\n\n\n<li><strong>Peso (con supporto): 1048 g.<\/strong><\/li>\n\n\n\n<li><strong>Contro: La linea d&#039;angolo \u00e8 pi\u00f9 ruvida rispetto al resto della superficie, ma \u00e8 facilmente evitabile.<\/strong><\/li>\n<\/ul>\n\n\n\n<p>La pietra naturale giapponese \u00e8 una scelta eccellente sia per gli chef professionisti che per altri produttori alimentari che cercano risultati della massima qualit\u00e0 in cucina.<\/p>\n\n\n\n<p>Le pietre giapponesi sono apprezzate per la loro struttura speciale, che garantisce eccellenti propriet\u00e0 di affilatura della lama. Gli artigiani giapponesi li apprezzano per il loro speciale equilibrio tra densit\u00e0 della grana e morbidezza, che consente al coltello di mantenere l&#039;affilatura per un periodo di tempo pi\u00f9 lungo. Inoltre il processo di affilatura \u00e8 pi\u00f9 semplice, perch\u00e9 le pietre naturali non consentono la formazione di un cancello, a differenza di quelle sintetiche.<\/p>\n\n\n\n<p>La superficie di questa pietra \u00e8 abbastanza liscia e uniforme, quindi puoi essere sicuro che il tuo coltello sar\u00e0 affilato in modo uniforme dall&#039;inizio alla fine.<\/p>\n\n\n\n<p>Inoltre, questa pietra naturale giapponese pu\u00f2 essere utilizzata non solo per affilare i coltelli, ma anche per diverse altre lame, come forbici o scalpelli. \u00c8 uno strumento multifunzionale che arricchir\u00e0 la tua attrezzatura da cucina.<\/p>\n\n\n\n<p>Regala al tuo coltello un&#039;esperienza di affilatura unica che soddisfer\u00e0 sia gli chef professionisti che quelli casalinghi che cercano la massima qualit\u00e0 e un risultato perfetto.<\/p>\n\n\n\n<figure class=\"wp-block-embed is-type-video is-provider-youtube wp-block-embed-youtube wp-embed-aspect-16-9 wp-has-aspect-ratio\"><div class=\"wp-block-embed__wrapper\">\n<div class=\"video-container\"><iframe title=\"JNATS Awasedo\" width=\"1170\" height=\"658\" src=\"https:\/\/www.youtube.com\/embed\/9KOBiaxAnt8?start=20&#038;feature=oembed\" frameborder=\"0\" allow=\"accelerometer; autoplay; clipboard-write; encrypted-media; gyroscope; picture-in-picture; web-share\" allowfullscreen><\/iframe><\/div>\n<\/div><\/figure>","protected":false},"excerpt":{"rendered":"<p><!-- wp:list --><\/p>\n<ul><!-- wp:list-item --><\/p>\n<li><strong>Durezza: Lv 4<\/strong><\/li>\n<p><!-- \/wp:list-item --><\/p>\n<p><!-- wp:list-item --><\/p>\n<li><strong>Dimensioni: 198x72x25mm<\/strong><\/li>\n<p><!-- \/wp:list-item --><\/p>\n<p><!-- wp:list-item --><\/p>\n<li><strong>Peso (con supporto): 1048 g.<\/strong><\/li>\n<p><!-- \/wp:list-item --><\/p>\n<p><!-- wp:list-item --><\/p>\n<li><strong>Contro: La linea d&#039;angolo \u00e8 pi\u00f9 ruvida rispetto al resto della superficie, ma \u00e8 facilmente evitabile.<\/strong><\/li>\n<p><!-- \/wp:list-item --><\/ul>\n<p><!-- \/wp:list --><\/p>","protected":false},"featured_media":1204,"comment_status":"open","ping_status":"closed","template":"","meta":[],"product_brand":[],"product_cat":[22],"product_tag":[40,41],"class_list":{"0":"post-110","1":"product","2":"type-product","3":"status-publish","4":"has-post-thumbnail","6":"product_cat-jnats","7":"product_tag-awasedo","8":"product_tag-iromono","9":"product_shipping_class-iprastas","11":"first","12":"outofstock","13":"sale","14":"shipping-taxable","15":"purchasable","16":"product-type-simple"},"_links":{"self":[{"href":"https:\/\/jnats.eu\/it\/wp-json\/wp\/v2\/product\/110","targetHints":{"allow":["GET"]}}],"collection":[{"href":"https:\/\/jnats.eu\/it\/wp-json\/wp\/v2\/product"}],"about":[{"href":"https:\/\/jnats.eu\/it\/wp-json\/wp\/v2\/types\/product"}],"replies":[{"embeddable":true,"href":"https:\/\/jnats.eu\/it\/wp-json\/wp\/v2\/comments?post=110"}],"wp:featuredmedia":[{"embeddable":true,"href":"https:\/\/jnats.eu\/it\/wp-json\/wp\/v2\/media\/1204"}],"wp:attachment":[{"href":"https:\/\/jnats.eu\/it\/wp-json\/wp\/v2\/media?parent=110"}],"wp:term":[{"taxonomy":"product_brand","embeddable":true,"href":"https:\/\/jnats.eu\/it\/wp-json\/wp\/v2\/product_brand?post=110"},{"taxonomy":"product_cat","embeddable":true,"href":"https:\/\/jnats.eu\/it\/wp-json\/wp\/v2\/product_cat?post=110"},{"taxonomy":"product_tag","embeddable":true,"href":"https:\/\/jnats.eu\/it\/wp-json\/wp\/v2\/product_tag?post=110"}],"curies":[{"name":"wp","href":"https:\/\/api.w.org\/{rel}","templated":true}]}}