{"id":117,"date":"2024-02-21T11:57:24","date_gmt":"2024-02-21T09:57:24","guid":{"rendered":"http:\/\/jnats.eu\/?post_type=product&#038;p=117"},"modified":"2024-08-19T23:02:13","modified_gmt":"2024-08-19T20:02:13","slug":"pietra-naturale-giapponese-per-affilare-la-finitura-shobudani-mizu-asagi","status":"publish","type":"product","link":"https:\/\/jnats.eu\/it\/prodotto-2\/pietra-naturale-giapponese-per-affilare-la-finitura-shobudani-mizu-asagi\/","title":{"rendered":"Shobudani Mizu Asagi Pietra giapponese naturale per affilatura e rifinitura"},"content":{"rendered":"<ul class=\"wp-block-list\">\n<li><strong>Durezza: Lv 4<\/strong><\/li>\n\n\n\n<li><strong>Dimensioni: 198x70x22 mm<\/strong><\/li>\n\n\n\n<li><strong>Peso: 772 grammi.<\/strong><\/li>\n\n\n\n<li><strong>Adatto per la finitura di coltelli in acciaio al carbonio, forbici, utensili da falegnameria, rasoi, ecc<\/strong><\/li>\n<\/ul>\n\n\n\n<p>La pietra di finitura per affilatura giapponese naturale Shobudani Mizu Asagi \u00e8 uno strumento eccezionale con una struttura estremamente fine che pu\u00f2 ottenere la massima qualit\u00e0 di affilatura. Questa pietra non \u00e8 solo uno strumento pratico in cucina, ma anche un valore artistico apprezzato da un vero artigiano. <\/p>\n\n\n\n<p>La pietra Shobudani Mizu Asagi \u00e8 affascinante con il suo colore e la sua consistenza unici. La sua superficie \u00e8 delicatamente scritta e presenta sfumature naturali di vari colori che conferiscono alla pietra un fascino particolare. Inoltre, i minerali e gli oligoelementi contenuti in queste pietre contribuiscono all&#039;unicit\u00e0 dei risultati di empowerment.<\/p>\n\n\n\n<p>Questa pietra giapponese ha la capacit\u00e0 unica di produrre un&#039;affilatura quasi come un rasoio sulla lama di un coltello in acciaio al carbonio. Ci\u00f2 significa che il tuo coltello otterr\u00e0 un taglio estremamente nitido che taglia il cibo con facilit\u00e0 mantenendo la forma ottimale della lama e la longevit\u00e0 dell&#039;affilatura.<\/p>\n\n\n\n<p>La pietra Shobudani Mizu Asagi \u00e8 adatta non solo agli chef professionisti, ma anche agli appassionati di cucina domestica che cercano il risultato perfetto dell&#039;affilatura di una lama. Questa pietra non solo garantir\u00e0 che il tuo coltello rimanga affilato pi\u00f9 a lungo, ma aggiunger\u00e0 anche unicit\u00e0 alla tua attrezzatura da cucina. Acquista una pietra Shobudani Mizu Asagi e scopri la vera arte dell&#039;affilatura giapponese.<\/p>\n\n\n\n<figure class=\"wp-block-embed is-type-video is-provider-youtube wp-block-embed-youtube wp-embed-aspect-16-9 wp-has-aspect-ratio\"><div class=\"wp-block-embed__wrapper\">\n<div class=\"video-container\"><iframe title=\"JNATS Awasedo\" width=\"1170\" height=\"658\" src=\"https:\/\/www.youtube.com\/embed\/9KOBiaxAnt8?start=782&#038;feature=oembed\" frameborder=\"0\" allow=\"accelerometer; autoplay; clipboard-write; encrypted-media; gyroscope; picture-in-picture; web-share\" allowfullscreen><\/iframe><\/div>\n<\/div><\/figure>","protected":false},"excerpt":{"rendered":"<ul>\n<li><strong>Durezza: Lv 4<\/strong><\/li>\n<li><strong>Dimensioni: 198x70x22 mm<\/strong><\/li>\n<li><strong>Peso: 772 grammi.<\/strong><\/li>\n<li><strong>Adatto per la finitura di coltelli in acciaio al carbonio, forbici, utensili da falegnameria, rasoi, ecc<\/strong><\/li>\n<\/ul>","protected":false},"featured_media":1271,"comment_status":"open","ping_status":"closed","template":"","meta":[],"product_brand":[],"product_cat":[22],"product_tag":[45,44],"class_list":{"0":"post-117","1":"product","2":"type-product","3":"status-publish","4":"has-post-thumbnail","6":"product_cat-jnats","7":"product_tag-asagi","8":"product_tag-shobudani","9":"product_shipping_class-iprastas","11":"first","12":"outofstock","13":"sale","14":"shipping-taxable","15":"purchasable","16":"product-type-simple"},"_links":{"self":[{"href":"https:\/\/jnats.eu\/it\/wp-json\/wp\/v2\/product\/117","targetHints":{"allow":["GET"]}}],"collection":[{"href":"https:\/\/jnats.eu\/it\/wp-json\/wp\/v2\/product"}],"about":[{"href":"https:\/\/jnats.eu\/it\/wp-json\/wp\/v2\/types\/product"}],"replies":[{"embeddable":true,"href":"https:\/\/jnats.eu\/it\/wp-json\/wp\/v2\/comments?post=117"}],"wp:featuredmedia":[{"embeddable":true,"href":"https:\/\/jnats.eu\/it\/wp-json\/wp\/v2\/media\/1271"}],"wp:attachment":[{"href":"https:\/\/jnats.eu\/it\/wp-json\/wp\/v2\/media?parent=117"}],"wp:term":[{"taxonomy":"product_brand","embeddable":true,"href":"https:\/\/jnats.eu\/it\/wp-json\/wp\/v2\/product_brand?post=117"},{"taxonomy":"product_cat","embeddable":true,"href":"https:\/\/jnats.eu\/it\/wp-json\/wp\/v2\/product_cat?post=117"},{"taxonomy":"product_tag","embeddable":true,"href":"https:\/\/jnats.eu\/it\/wp-json\/wp\/v2\/product_tag?post=117"}],"curies":[{"name":"wp","href":"https:\/\/api.w.org\/{rel}","templated":true}]}}