{"id":125,"date":"2024-02-21T12:09:07","date_gmt":"2024-02-21T10:09:07","guid":{"rendered":"http:\/\/jnats.eu\/?post_type=product&#038;p=125"},"modified":"2025-09-27T14:51:41","modified_gmt":"2025-09-27T11:51:41","slug":"ohira-awasedo","status":"publish","type":"product","link":"https:\/\/jnats.eu\/it\/prodotto-2\/ohira-awasedo\/","title":{"rendered":"Ohira Nashiji Awasedo Pietra naturale giapponese per affilare"},"content":{"rendered":"<p><br><\/p>\n\n\n\n<ul class=\"wp-block-list\">\n<li><strong>Durezza: Lv 4<\/strong><\/li>\n\n\n\n<li><strong>Dimensioni: 205x75x33 mm<\/strong><\/li>\n\n\n\n<li><strong>Peso: 1230 grammi.<\/strong><\/li>\n\n\n\n<li><strong>Adatto per la finitura di coltelli, forbici, falegnami e altri utensili in acciaio al carbonio.<\/strong><\/li>\n<\/ul>\n\n\n\n<p>Ohira Awasedo \u00e8 una speciale pietra giapponese per affilare, apprezzata da artigiani e cuochi professionisti di tutto il mondo. Questa pietra \u00e8 prodotta da fonti naturali uniche nella regione dei monti Ohira in Giappone, che le conferiscono una composizione e propriet\u00e0 speciali.<\/p>\n\n\n\n<p>Ohira Awasedo \u00e8 nota per il suo alto contenuto di minerali e per la sua speciale consistenza, che le conferisce un effetto unico di affilatura delle lame. Questa pietra \u00e8 speciale perch\u00e9 contiene una variet\u00e0 di minerali come talco, quarzo e altre particelle microscopiche che formano una superficie di affilatura delicata ed efficace.<\/p>\n\n\n\n<p>Ohira Awasedo non solo conferisce al coltello la sua eccezionale affilatura, ma contribuisce anche a creare uno speciale effetto di lucidatura sulla lama. Ci\u00f2 si traduce non solo in un elevato livello di affilatura, ma anche in una superficie attraente che conferisce al coltello non solo un'alta qualit\u00e0 funzionale, ma anche un valore estetico.<\/p>\n\n\n\n<p>Questa pietra Ohira Awasedo \u00e8 adatta sia ai professionisti che ai cuochi casalinghi che cercano la massima qualit\u00e0 di affilatura e risultati eccellenti per i loro coltelli. \u00c8 uno strumento unico che aggiunger\u00e0 valore alla vostra cucina e dar\u00e0 al vostro coltello un'affilatura speciale e un effetto di lucidatura eccezionale.<\/p>\n\n\n\n<figure class=\"wp-block-embed is-type-video is-provider-youtube wp-block-embed-youtube wp-embed-aspect-16-9 wp-has-aspect-ratio\"><div class=\"wp-block-embed__wrapper\">\n<div class=\"video-container\"><iframe title=\"JNATS Pietre di grano Awasedo\" width=\"1170\" height=\"658\" src=\"https:\/\/www.youtube.com\/embed\/9KOBiaxAnt8?feature=oembed\" frameborder=\"0\" allow=\"accelerometer; autoplay; clipboard-write; encrypted-media; gyroscope; picture-in-picture; web-share\" referrerpolicy=\"strict-origin-when-cross-origin\" allowfullscreen><\/iframe><\/div>\n<\/div><\/figure>","protected":false},"excerpt":{"rendered":"<ul>\n<li><strong>Durezza: Lv 4<\/strong><\/li>\n<li><strong>Dimensioni: 205x75x33 mm<\/strong><\/li>\n<li><strong>Peso: 1230 grammi.<\/strong><\/li>\n<li><strong>Adatto per la finitura di coltelli, forbici e utensili da falegnameria in acciaio al carbonio.<\/strong><\/li>\n<\/ul>","protected":false},"featured_media":1239,"comment_status":"open","ping_status":"closed","template":"","meta":[],"product_brand":[],"product_cat":[22],"product_tag":[40,48,47,46],"class_list":{"0":"post-125","1":"product","2":"type-product","3":"status-publish","4":"has-post-thumbnail","6":"product_cat-jnats","7":"product_tag-awasedo","8":"product_tag-nashiji","9":"product_tag-ohira","10":"product_tag-ohira-awasedo","11":"product_shipping_class-iprastas","13":"first","14":"outofstock","15":"sale","16":"shipping-taxable","17":"purchasable","18":"product-type-simple"},"_links":{"self":[{"href":"https:\/\/jnats.eu\/it\/wp-json\/wp\/v2\/product\/125","targetHints":{"allow":["GET"]}}],"collection":[{"href":"https:\/\/jnats.eu\/it\/wp-json\/wp\/v2\/product"}],"about":[{"href":"https:\/\/jnats.eu\/it\/wp-json\/wp\/v2\/types\/product"}],"replies":[{"embeddable":true,"href":"https:\/\/jnats.eu\/it\/wp-json\/wp\/v2\/comments?post=125"}],"wp:featuredmedia":[{"embeddable":true,"href":"https:\/\/jnats.eu\/it\/wp-json\/wp\/v2\/media\/1239"}],"wp:attachment":[{"href":"https:\/\/jnats.eu\/it\/wp-json\/wp\/v2\/media?parent=125"}],"wp:term":[{"taxonomy":"product_brand","embeddable":true,"href":"https:\/\/jnats.eu\/it\/wp-json\/wp\/v2\/product_brand?post=125"},{"taxonomy":"product_cat","embeddable":true,"href":"https:\/\/jnats.eu\/it\/wp-json\/wp\/v2\/product_cat?post=125"},{"taxonomy":"product_tag","embeddable":true,"href":"https:\/\/jnats.eu\/it\/wp-json\/wp\/v2\/product_tag?post=125"}],"curies":[{"name":"wp","href":"https:\/\/api.w.org\/{rel}","templated":true}]}}