{"id":1412,"date":"2024-04-11T15:19:07","date_gmt":"2024-04-11T12:19:07","guid":{"rendered":"http:\/\/jnats.eu\/?post_type=product&#038;p=1412"},"modified":"2025-03-04T09:11:01","modified_gmt":"2025-03-04T07:11:01","slug":"okudo-shiro-suita-pietra-per-affilatura-naturale-giapponese","status":"publish","type":"product","link":"https:\/\/jnats.eu\/it\/prodotto-2\/okudo-shiro-suita-pietra-per-affilatura-naturale-giapponese\/","title":{"rendered":"Pietra da affilatura naturale giapponese Okudo Shiro Suita"},"content":{"rendered":"<ul class=\"wp-block-list\">\n<li>Adatto per la finitura di rasoi, coltelli, forbici, attrezzi da falegnameria e altri utensili.<\/li>\n\n\n\n<li>Dimensioni: 203x74x42 mm<\/li>\n\n\n\n<li>Peso: 1620 grammi<\/li>\n\n\n\n<li>Durezza: Lv 4,5<\/li>\n\n\n\n<li>Ha una velocit\u00e0 e una fluidit\u00e0 di funzionamento medie. L'accelerazione pu\u00f2 essere ottenuta con l'aiuto di un chiodo o strofinando con una piastra diamantata ruvida. Lucida a specchio.<\/li>\n<\/ul>","protected":false},"excerpt":{"rendered":"<p><!-- wp:list --><\/p>\n<ul><!-- wp:list-item --><\/p>\n<li>Adatto per la finitura di rasoi, coltelli, forbici, attrezzi da falegnameria e altri utensili.<\/li>\n<p><!-- \/wp:list-item --><\/p>\n<p><!-- wp:list-item --><\/p>\n<li>Dimensioni: 203x74x42 mm<\/li>\n<p><!-- \/wp:list-item --><\/p>\n<p><!-- wp:list-item --><\/p>\n<li>Peso: 1620 grammi<\/li>\n<p><!-- \/wp:list-item --><\/p>\n<p><!-- wp:list-item --><\/p>\n<li>Durezza: Lv 4,5<\/li>\n<p><!-- \/wp:list-item --><\/p>\n<p><!-- wp:list-item --><\/p>\n<li>Ha una velocit\u00e0 e una fluidit\u00e0 di funzionamento medie. L'accelerazione pu\u00f2 essere ottenuta con l'aiuto di un chiodo o strofinando con una piastra diamantata ruvida. Lucida a specchio.<\/li>\n<p><!-- \/wp:list-item --><\/ul>\n<p><!-- \/wp:list --><\/p>","protected":false},"featured_media":1416,"comment_status":"open","ping_status":"closed","template":"","meta":[],"product_brand":[],"product_cat":[22],"product_tag":[142,87,50],"class_list":{"0":"post-1412","1":"product","2":"type-product","3":"status-publish","4":"has-post-thumbnail","6":"product_cat-jnats","7":"product_tag-okudo","8":"product_tag-shiro","9":"product_tag-suita","10":"product_shipping_class-iprastas","12":"first","13":"outofstock","14":"sale","15":"shipping-taxable","16":"purchasable","17":"product-type-simple"},"_links":{"self":[{"href":"https:\/\/jnats.eu\/it\/wp-json\/wp\/v2\/product\/1412","targetHints":{"allow":["GET"]}}],"collection":[{"href":"https:\/\/jnats.eu\/it\/wp-json\/wp\/v2\/product"}],"about":[{"href":"https:\/\/jnats.eu\/it\/wp-json\/wp\/v2\/types\/product"}],"replies":[{"embeddable":true,"href":"https:\/\/jnats.eu\/it\/wp-json\/wp\/v2\/comments?post=1412"}],"wp:featuredmedia":[{"embeddable":true,"href":"https:\/\/jnats.eu\/it\/wp-json\/wp\/v2\/media\/1416"}],"wp:attachment":[{"href":"https:\/\/jnats.eu\/it\/wp-json\/wp\/v2\/media?parent=1412"}],"wp:term":[{"taxonomy":"product_brand","embeddable":true,"href":"https:\/\/jnats.eu\/it\/wp-json\/wp\/v2\/product_brand?post=1412"},{"taxonomy":"product_cat","embeddable":true,"href":"https:\/\/jnats.eu\/it\/wp-json\/wp\/v2\/product_cat?post=1412"},{"taxonomy":"product_tag","embeddable":true,"href":"https:\/\/jnats.eu\/it\/wp-json\/wp\/v2\/product_tag?post=1412"}],"curies":[{"name":"wp","href":"https:\/\/api.w.org\/{rel}","templated":true}]}}