{"id":1470,"date":"2024-04-12T12:00:06","date_gmt":"2024-04-12T09:00:06","guid":{"rendered":"http:\/\/jnats.eu\/?post_type=product&#038;p=1470"},"modified":"2024-11-12T10:34:54","modified_gmt":"2024-11-12T08:34:54","slug":"mizukihara-uchigumori-fiori-di-loto-jnat","status":"publish","type":"product","link":"https:\/\/jnats.eu\/it\/prodotto-2\/mizukihara-uchigumori-fiori-di-loto-jnat\/","title":{"rendered":"Mizukihara Uchigumori Fiori di loto"},"content":{"rendered":"<p>Questa pietra \u00e8 particolarmente apprezzata da chi desidera pietre per la lucidatura. \u00c8 piuttosto morbida, ma rilascia poco slurry e mantiene ragionevolmente bene la forma. Le Uchigumori non sono le pietre pi\u00f9 veloci, ma i risultati di lucidatura sono eccezionali. Senza ingrandimento, non saranno visibili graffi evidenti sulla superficie della lama. L'acciaio temperato avr\u00e0 una splendida lucentezza e il guscio si scurir\u00e0. Sebbene l'uchigumori non riveli la struttura della grana fine come potrebbe fare un Suita pi\u00f9 fine e pi\u00f9 duro, i risultati sono di solito pi\u00f9 prevedibili e pi\u00f9 facili da ottenere. Con una superficie completamente levigata, possono essere utilizzati per prefinitura di rasoi o utensili, ma sono pi\u00f9 adatti per lucidare un coltello da cucina. Possono essere utilizzate anche per affilare e produrre lame aggressive.<\/p>\n\n\n\n<p>La pietra \u00e8 molto pulita, con solo alcune linee nella parte inferiore che difficilmente causeranno problemi. La pietra \u00e8 grigia con punti rossi chiamati fiori di loto. Questi ultimi sono presenti su tutta la pietra e formano un fitto disegno noto come renge. <\/p>\n\n\n\n<p>La superficie della pietra \u00e8 levigata e pronta per essere lavorata. <\/p>\n\n\n\n<p>La miniera di Mizukihara (\u6c34\u6728\u539f) vicino a Ojira, nota come un'altra fonte di uchigumori. Mizukihara non \u00e8 ancora oggi utilizzata in modo intensivo.<\/p>\n\n\n\n<figure class=\"wp-block-embed is-type-video is-provider-youtube wp-block-embed-youtube wp-embed-aspect-16-9 wp-has-aspect-ratio\"><div class=\"wp-block-embed__wrapper\">\n<div class=\"video-container\"><iframe title=\"Mizukihara Uchigumori, Kizuyama, Aiwatani\" width=\"1170\" height=\"658\" src=\"https:\/\/www.youtube.com\/embed\/Uzd6FESK3iY?feature=oembed\" frameborder=\"0\" allow=\"accelerometer; autoplay; clipboard-write; encrypted-media; gyroscope; picture-in-picture; web-share\" referrerpolicy=\"strict-origin-when-cross-origin\" allowfullscreen><\/iframe><\/div>\n<\/div><\/figure>","protected":false},"excerpt":{"rendered":"<ul>\n<li>Molto apprezzato per la finitura Kasumi della lama Sanmai (acciaio duro rivestito da uno strato pi\u00f9 morbido).<\/li>\n<li>Adatto per affilare coltelli, forbici, attrezzi da falegnameria e altri utensili.<\/li>\n<li>Dimensioni: 230x85x32 mm<\/li>\n<li>Peso: 1420 grammi<\/li>\n<li>Durezza: Lv 3,5<\/li>\n<li>Ha una velocit\u00e0 di lavoro moderata e una buona scorrevolezza.<\/li>\n<li>Si consiglia di lavorare con acqua calda, poich\u00e9 l'acqua fredda compromette la velocit\u00e0 e la risposta.<\/li>\n<\/ul>","protected":false},"featured_media":1471,"comment_status":"open","ping_status":"closed","template":"","meta":[],"product_brand":[],"product_cat":[22],"product_tag":[192,193],"class_list":{"0":"post-1470","1":"product","2":"type-product","3":"status-publish","4":"has-post-thumbnail","6":"product_cat-jnats","7":"product_tag-mizukihara","8":"product_tag-uchigumori","9":"product_shipping_class-iprastas","11":"first","12":"outofstock","13":"shipping-taxable","14":"purchasable","15":"product-type-simple"},"_links":{"self":[{"href":"https:\/\/jnats.eu\/it\/wp-json\/wp\/v2\/product\/1470","targetHints":{"allow":["GET"]}}],"collection":[{"href":"https:\/\/jnats.eu\/it\/wp-json\/wp\/v2\/product"}],"about":[{"href":"https:\/\/jnats.eu\/it\/wp-json\/wp\/v2\/types\/product"}],"replies":[{"embeddable":true,"href":"https:\/\/jnats.eu\/it\/wp-json\/wp\/v2\/comments?post=1470"}],"wp:featuredmedia":[{"embeddable":true,"href":"https:\/\/jnats.eu\/it\/wp-json\/wp\/v2\/media\/1471"}],"wp:attachment":[{"href":"https:\/\/jnats.eu\/it\/wp-json\/wp\/v2\/media?parent=1470"}],"wp:term":[{"taxonomy":"product_brand","embeddable":true,"href":"https:\/\/jnats.eu\/it\/wp-json\/wp\/v2\/product_brand?post=1470"},{"taxonomy":"product_cat","embeddable":true,"href":"https:\/\/jnats.eu\/it\/wp-json\/wp\/v2\/product_cat?post=1470"},{"taxonomy":"product_tag","embeddable":true,"href":"https:\/\/jnats.eu\/it\/wp-json\/wp\/v2\/product_tag?post=1470"}],"curies":[{"name":"wp","href":"https:\/\/api.w.org\/{rel}","templated":true}]}}