{"id":152,"date":"2024-02-22T09:41:55","date_gmt":"2024-02-22T07:41:55","guid":{"rendered":"http:\/\/jnats.eu\/?post_type=product&#038;p=152"},"modified":"2024-05-02T23:31:57","modified_gmt":"2024-05-02T20:31:57","slug":"pietra-naturale-giapponese-per-affilare-la-kisuita-nakayama","status":"publish","type":"product","link":"https:\/\/jnats.eu\/it\/prodotto-2\/pietra-naturale-giapponese-per-affilare-la-kisuita-nakayama\/","title":{"rendered":"Nakayama Kisuita Pietra giapponese naturale per affilatura"},"content":{"rendered":"<ul class=\"wp-block-list\">\n<li><strong>Durezza: Lv 5<\/strong><\/li>\n\n\n\n<li><strong>Dimensioni: 176x56x28mm<\/strong><\/li>\n\n\n\n<li><strong>Peso (con supporto): 935 g.<\/strong><\/li>\n\n\n\n<li><strong>Una pietra dura dalla struttura omogenea. Le linee sono completamente sicure e non sembrano affatto affilate. Sigillo della Tokyo Natural Stone Association. Perfetto per rifinire rasoi, coltelli, falegnameria e altri strumenti.&nbsp;<\/strong><\/li>\n<\/ul>\n\n\n\n<p>Nakayama \u00e8 la montagna pi\u00f9 alta tra le famose per le pietre naturali per affilare. Nakayama Kisuita \u00e8 un&#039;autentica pietra giapponese, sapientemente estratta per offrire la migliore esperienza di affilatura. Questa pietra si distingue non solo per la sua nobilt\u00e0, ma anche per la sua straordinaria naturalezza e la potente efficacia dell&#039;affilatura.<\/p>\n\n\n\n<p>Caratteristiche:<\/p>\n\n\n\n<ol class=\"wp-block-list\">\n<li><strong>Fonte d&#039;origine unica<\/strong>: Nakayama Kisuita viene estratto da una regione montuosa giapponese famosa per i suoi speciali minerali di roccia. Questo dono della natura conferisce alla pietra speciali particelle abrasive e una consistenza che garantisce risultati di affilatura della massima qualit\u00e0.<\/li>\n\n\n\n<li><strong>Grani piccoli<\/strong>: La pietra \u00e8 caratterizzata da strutture fini ma abrasive che consentono l&#039;affilatura delicata e precisa di un coltello o di un&#039;altra lama. \u00c8 perfetto sia per gli artigiani professionisti che per gli appassionati di cucina domestica.<\/li>\n\n\n\n<li><strong>Durabilit\u00e0 e resistenza all&#039;usura<\/strong>: Nakayama Kisuita \u00e8 noto per la sua longevit\u00e0. Questa pietra \u00e8 resistente all&#039;usura, quindi pu\u00f2 essere utilizzata a lungo, mantenendo perfettamente la sua affilatura.<\/li>\n\n\n\n<li><strong>Affilatura pulita e naturale<\/strong>: La pietra permette di ottenere un filo estremamente affilato mantenendo intatta la struttura della lama. Ci\u00f2 consente di ottenere un risultato di affilatura perfetto con il minimo sforzo.<\/li>\n<\/ol>\n\n\n\n<p>Nakayama Kisuita \u00e8 una pietra dalla forma eccezionale e dalla qualit\u00e0 eccellente che diventer\u00e0 parte integrante della vostra affilatura. \u00c8 un vero simbolo dell&#039;artigianato giapponese, permettendoti di godere di un taglio netto e preciso ogni volta che usi il coltello. Acquista Nakayama Kisuita e sperimenta la vera arte dell&#039;affilatura giapponese!<\/p>","protected":false},"excerpt":{"rendered":"<ul>\n<li><strong>Durezza: Lv 5<\/strong><\/li>\n<li><strong>Dimensioni: 176x56x28mm<\/strong><\/li>\n<li><strong>Peso (con supporto): 935 g.<\/strong><\/li>\n<li><strong>Una pietra dura dalla struttura omogenea. Le linee sono completamente sicure e non sembrano affatto affilate. Sigillo della Tokyo Natural Stone Association. Perfetto per rifinire rasoi, coltelli, falegnameria e altri strumenti.\u00a0<\/strong><\/li>\n<\/ul>","protected":false},"featured_media":1233,"comment_status":"open","ping_status":"closed","template":"","meta":[],"product_brand":[],"product_cat":[22],"product_tag":[49,50],"class_list":{"0":"post-152","1":"product","2":"type-product","3":"status-publish","4":"has-post-thumbnail","6":"product_cat-jnats","7":"product_tag-nakayama","8":"product_tag-suita","9":"product_shipping_class-iprastas","11":"first","12":"outofstock","13":"sale","14":"shipping-taxable","15":"purchasable","16":"product-type-simple"},"_links":{"self":[{"href":"https:\/\/jnats.eu\/it\/wp-json\/wp\/v2\/product\/152","targetHints":{"allow":["GET"]}}],"collection":[{"href":"https:\/\/jnats.eu\/it\/wp-json\/wp\/v2\/product"}],"about":[{"href":"https:\/\/jnats.eu\/it\/wp-json\/wp\/v2\/types\/product"}],"replies":[{"embeddable":true,"href":"https:\/\/jnats.eu\/it\/wp-json\/wp\/v2\/comments?post=152"}],"wp:featuredmedia":[{"embeddable":true,"href":"https:\/\/jnats.eu\/it\/wp-json\/wp\/v2\/media\/1233"}],"wp:attachment":[{"href":"https:\/\/jnats.eu\/it\/wp-json\/wp\/v2\/media?parent=152"}],"wp:term":[{"taxonomy":"product_brand","embeddable":true,"href":"https:\/\/jnats.eu\/it\/wp-json\/wp\/v2\/product_brand?post=152"},{"taxonomy":"product_cat","embeddable":true,"href":"https:\/\/jnats.eu\/it\/wp-json\/wp\/v2\/product_cat?post=152"},{"taxonomy":"product_tag","embeddable":true,"href":"https:\/\/jnats.eu\/it\/wp-json\/wp\/v2\/product_tag?post=152"}],"curies":[{"name":"wp","href":"https:\/\/api.w.org\/{rel}","templated":true}]}}