{"id":159,"date":"2024-02-22T09:52:19","date_gmt":"2024-02-22T07:52:19","guid":{"rendered":"http:\/\/jnats.eu\/?post_type=product&#038;p=159"},"modified":"2024-11-12T09:42:38","modified_gmt":"2024-11-12T07:42:38","slug":"nakayama-asagi-kato-mio","status":"publish","type":"product","link":"https:\/\/jnats.eu\/it\/prodotto-2\/nakayama-asagi-kato-mio\/","title":{"rendered":"Pietra naturale giapponese per affilatura Nakayama Asagi Kato Mine"},"content":{"rendered":"<ul class=\"wp-block-list\">\n<li><strong>Durezza: Lv 4,8<\/strong><\/li>\n\n\n\n<li><strong>Dimensioni: 167x50x37mm<\/strong><\/li>\n\n\n\n<li><strong>Peso (con supporto): 1140 g<\/strong><\/li>\n\n\n\n<li><strong>Una pietra dura dalla struttura omogenea. Le linee sono completamente sicure e non sembrano affatto affilate. Perfetto per rifinire coltelli, falegnameria e altri strumenti.&nbsp;<\/strong><\/li>\n<\/ul>\n\n\n\n<p>La miniera di Kato \u00e8 famosa per il marchio Maruka \u32d5, che contrassegna le pietre della massima qualit\u00e0. Nakayama Asagi \u00e8 una pietra giapponese autentica e di qualit\u00e0 creata da rocce accuratamente selezionate con speciali propriet\u00e0 di affilatura e consistenza attraente. Questa pietra \u00e8 una scelta eccellente sia per gli artigiani esperti che per i principianti che desiderano ottenere risultati di affilatura della massima qualit\u00e0.<\/p>\n\n\n\n<p>Nakayama Asagi non \u00e8 solo una pietra, ma anche un&#039;opera d&#039;arte che vi permetter\u00e0 di immergervi nel mondo dell&#039;artigianato giapponese. Ottieni questa pietra unica e di qualit\u00e0 e sperimenta la magia tagliente dell&#039;affilatura giapponese ad ogni taglio!<\/p>","protected":false},"excerpt":{"rendered":"<ul>\n<li><strong>Durezza: Lv 4,8<\/strong><\/li>\n<li><strong>Dimensioni: 167x50x37mm<\/strong><\/li>\n<li><strong>Peso (con supporto): 1140 g<\/strong><\/li>\n<li><strong>Una pietra dura dalla struttura omogenea. Le linee sono completamente sicure e non sembrano affatto affilate. Perfetto per rifinire coltelli, falegnameria e altri strumenti.\u00a0<\/strong><\/li>\n<\/ul>","protected":false},"featured_media":1228,"comment_status":"open","ping_status":"closed","template":"","meta":[],"product_brand":[],"product_cat":[22],"product_tag":[49],"class_list":{"0":"post-159","1":"product","2":"type-product","3":"status-publish","4":"has-post-thumbnail","6":"product_cat-jnats","7":"product_tag-nakayama","8":"product_shipping_class-iprastas","10":"first","11":"outofstock","12":"shipping-taxable","13":"purchasable","14":"product-type-simple"},"_links":{"self":[{"href":"https:\/\/jnats.eu\/it\/wp-json\/wp\/v2\/product\/159","targetHints":{"allow":["GET"]}}],"collection":[{"href":"https:\/\/jnats.eu\/it\/wp-json\/wp\/v2\/product"}],"about":[{"href":"https:\/\/jnats.eu\/it\/wp-json\/wp\/v2\/types\/product"}],"replies":[{"embeddable":true,"href":"https:\/\/jnats.eu\/it\/wp-json\/wp\/v2\/comments?post=159"}],"wp:featuredmedia":[{"embeddable":true,"href":"https:\/\/jnats.eu\/it\/wp-json\/wp\/v2\/media\/1228"}],"wp:attachment":[{"href":"https:\/\/jnats.eu\/it\/wp-json\/wp\/v2\/media?parent=159"}],"wp:term":[{"taxonomy":"product_brand","embeddable":true,"href":"https:\/\/jnats.eu\/it\/wp-json\/wp\/v2\/product_brand?post=159"},{"taxonomy":"product_cat","embeddable":true,"href":"https:\/\/jnats.eu\/it\/wp-json\/wp\/v2\/product_cat?post=159"},{"taxonomy":"product_tag","embeddable":true,"href":"https:\/\/jnats.eu\/it\/wp-json\/wp\/v2\/product_tag?post=159"}],"curies":[{"name":"wp","href":"https:\/\/api.w.org\/{rel}","templated":true}]}}