{"id":164,"date":"2024-02-22T18:10:31","date_gmt":"2024-02-22T16:10:31","guid":{"rendered":"http:\/\/jnats.eu\/?post_type=product&#038;p=164"},"modified":"2024-08-18T23:33:41","modified_gmt":"2024-08-18T20:33:41","slug":"nakayama-hondomae-asayo","status":"publish","type":"product","link":"https:\/\/jnats.eu\/it\/prodotto-2\/nakayama-hondomae-asayo\/","title":{"rendered":"Nakayama Hondomae Asayo Pietra naturale giapponese per affilare"},"content":{"rendered":"<p>Dimensioni ca. 18,5x5,6x2,1 cm<\/p>\n\n\n\n<p>Peso 640 g (con supporto)<\/p>\n\n\n\n<p>La pietra avr\u00e0 un piccolo strato di Merganser mescolato con uno strato di Tomae e Shikitomae. Il finale \u00e8 vicino a Hondo-mae, la consistenza \u00e8 buona e scivola bene, rendendolo facile da usare. Trattandosi di una mola ricavata da pietra grezza, il prezzo \u00e8 basso considerando la qualit\u00e0. <\/p>\n\n\n\n<p>\u00c8 incollato su un vecchio supporto. Questa \u00e8 una pietra per affilare di alta qualit\u00e0, quindi penso che ripagher\u00e0 anche con un po&#039; di sforzo. Questa pietra per affilare \u00e8 delicata sulla lama e pu\u00f2 essere utilizzata per rifinire rasoi, coltelli e scalpelli. Assicurati di utilizzare acqua calda intorno ai 40 gradi Celsius per ottenere i migliori risultati in questo periodo dell&#039;anno. Penso che sarebbe difficile ottenere le migliori prestazioni da questa pietra per affilare usando acqua fredda. <\/p>\n\n\n\n<p>Se sei un principiante e cerchi una pietra per affilare di alta qualit\u00e0 a un prezzo basso, ti consigliamo vivamente questa pietra per affilare.<\/p>","protected":false},"excerpt":{"rendered":"<ul>\n<li><strong>Dimensioni circa: 18,5 x 5,6 x 2,1 cm<\/strong><\/li>\n<li><strong>Peso: 640 g (con supporto)<\/strong><\/li>\n<li><strong>Durezza: Lv 4,7<\/strong><\/li>\n<\/ul>\n<p>Pietra vintage di alta qualit\u00e0 proveniente dalla miniera di Nakayama pi\u00f9 apprezzata.<\/p>","protected":false},"featured_media":1243,"comment_status":"open","ping_status":"closed","template":"","meta":[],"product_brand":[],"product_cat":[22],"product_tag":[51,49],"class_list":{"0":"post-164","1":"product","2":"type-product","3":"status-publish","4":"has-post-thumbnail","6":"product_cat-jnats","7":"product_tag-hondomae","8":"product_tag-nakayama","9":"product_shipping_class-iprastas","11":"first","12":"outofstock","13":"sale","14":"shipping-taxable","15":"purchasable","16":"product-type-simple"},"_links":{"self":[{"href":"https:\/\/jnats.eu\/it\/wp-json\/wp\/v2\/product\/164","targetHints":{"allow":["GET"]}}],"collection":[{"href":"https:\/\/jnats.eu\/it\/wp-json\/wp\/v2\/product"}],"about":[{"href":"https:\/\/jnats.eu\/it\/wp-json\/wp\/v2\/types\/product"}],"replies":[{"embeddable":true,"href":"https:\/\/jnats.eu\/it\/wp-json\/wp\/v2\/comments?post=164"}],"wp:featuredmedia":[{"embeddable":true,"href":"https:\/\/jnats.eu\/it\/wp-json\/wp\/v2\/media\/1243"}],"wp:attachment":[{"href":"https:\/\/jnats.eu\/it\/wp-json\/wp\/v2\/media?parent=164"}],"wp:term":[{"taxonomy":"product_brand","embeddable":true,"href":"https:\/\/jnats.eu\/it\/wp-json\/wp\/v2\/product_brand?post=164"},{"taxonomy":"product_cat","embeddable":true,"href":"https:\/\/jnats.eu\/it\/wp-json\/wp\/v2\/product_cat?post=164"},{"taxonomy":"product_tag","embeddable":true,"href":"https:\/\/jnats.eu\/it\/wp-json\/wp\/v2\/product_tag?post=164"}],"curies":[{"name":"wp","href":"https:\/\/api.w.org\/{rel}","templated":true}]}}