{"id":1648,"date":"2024-04-16T12:34:16","date_gmt":"2024-04-16T09:34:16","guid":{"rendered":"http:\/\/jnats.eu\/?post_type=product&#038;p=1648"},"modified":"2025-09-25T22:47:52","modified_gmt":"2025-09-25T19:47:52","slug":"la-colpa-e-del-coltello-yakut","status":"publish","type":"product","link":"https:\/\/jnats.eu\/it\/prodotto-2\/la-colpa-e-del-coltello-yakut\/","title":{"rendered":"Colpa del coltello yakut"},"content":{"rendered":"<p>MATERIALI <br>Utilizziamo acciaio, pelle e legno della massima qualit\u00e0 nella produzione dei nostri prodotti. Inoltre non utilizziamo la plastica perch\u00e9 dannosa per l&#039;ambiente. Ci\u00f2 rende i nostri prodotti molto durevoli, affidabili e ti serviranno a lungo.<\/p>\n\n\n\n<p> PROCESSO PRODUTTIVO<br>L&#039;Ucraina \u00e8 famosa da secoli per la forgiatura e la tempra dei metalli, nonch\u00e9 per l&#039;intaglio del legno. Sin dai tempi di Kievan Rus, i nostri artigiani hanno affinato le loro abilit\u00e0 per produrre prodotti della massima qualit\u00e0. Abbiamo selezionato un team esperto e qualificato di artigiani e designer per produrre i nostri prodotti. Tutti i nostri prodotti sono fatti a mano e autentici, non fabbricati in fabbrica o simili.<\/p>\n\n\n\n<figure class=\"wp-block-embed is-type-video is-provider-youtube wp-block-embed-youtube wp-embed-aspect-16-9 wp-has-aspect-ratio\"><div class=\"wp-block-embed__wrapper\">\n<div class=\"video-container\"><iframe title=\"Coltello YAKUT forgiato\" width=\"1170\" height=\"658\" src=\"https:\/\/www.youtube.com\/embed\/Hht7zvNtczg?feature=oembed\" frameborder=\"0\" allow=\"accelerometer; autoplay; clipboard-write; encrypted-media; gyroscope; picture-in-picture; web-share\" referrerpolicy=\"strict-origin-when-cross-origin\" allowfullscreen><\/iframe><\/div>\n<\/div><\/figure>","protected":false},"excerpt":{"rendered":"<ul>\n<li>Lunghezza totale: 223 mm.<\/li>\n<li>Lunghezza lama: 110 mm.<\/li>\n<li>Lunghezza impugnatura: 110 mm.<\/li>\n<li>Spessore lama: 3,5 mm<\/li>\n<li>Il peso del coltello \u00e8 di 99 g<\/li>\n<li>Peso con custodia 170 g<\/li>\n<li>Acciaio: SX15SG, durezza 59-60 HRC<\/li>\n<li>Materiale manico: Frassino Capa<\/li>\n<li>Prodotto in Ucraina<\/li>\n<li>La custodia in legno \u00e8 rivestita in pelle naturale.<\/li>\n<\/ul>","protected":false},"featured_media":1653,"comment_status":"open","ping_status":"closed","template":"","meta":[],"product_brand":[],"product_cat":[24],"product_tag":[210,76],"class_list":{"0":"post-1648","1":"product","2":"type-product","3":"status-publish","4":"has-post-thumbnail","6":"product_cat-knifes","7":"product_tag-jakutas","8":"product_tag-peilis","9":"product_shipping_class-iprastas","11":"first","12":"outofstock","13":"sale","14":"shipping-taxable","15":"purchasable","16":"product-type-simple"},"_links":{"self":[{"href":"https:\/\/jnats.eu\/it\/wp-json\/wp\/v2\/product\/1648","targetHints":{"allow":["GET"]}}],"collection":[{"href":"https:\/\/jnats.eu\/it\/wp-json\/wp\/v2\/product"}],"about":[{"href":"https:\/\/jnats.eu\/it\/wp-json\/wp\/v2\/types\/product"}],"replies":[{"embeddable":true,"href":"https:\/\/jnats.eu\/it\/wp-json\/wp\/v2\/comments?post=1648"}],"wp:featuredmedia":[{"embeddable":true,"href":"https:\/\/jnats.eu\/it\/wp-json\/wp\/v2\/media\/1653"}],"wp:attachment":[{"href":"https:\/\/jnats.eu\/it\/wp-json\/wp\/v2\/media?parent=1648"}],"wp:term":[{"taxonomy":"product_brand","embeddable":true,"href":"https:\/\/jnats.eu\/it\/wp-json\/wp\/v2\/product_brand?post=1648"},{"taxonomy":"product_cat","embeddable":true,"href":"https:\/\/jnats.eu\/it\/wp-json\/wp\/v2\/product_cat?post=1648"},{"taxonomy":"product_tag","embeddable":true,"href":"https:\/\/jnats.eu\/it\/wp-json\/wp\/v2\/product_tag?post=1648"}],"curies":[{"name":"wp","href":"https:\/\/api.w.org\/{rel}","templated":true}]}}