{"id":1654,"date":"2024-04-16T12:58:49","date_gmt":"2024-04-16T09:58:49","guid":{"rendered":"http:\/\/jnats.eu\/?post_type=product&#038;p=1654"},"modified":"2026-02-22T14:16:03","modified_gmt":"2026-02-22T12:16:03","slug":"coltello-universale-vanax-37-ironwood","status":"publish","type":"product","link":"https:\/\/jnats.eu\/it\/prodotto-2\/coltello-universale-vanax-37-ironwood\/","title":{"rendered":"Coltello universale Kmet Pancuj Vanax 37, legno di ferro"},"content":{"rendered":"<p>Uddeholm Vanax (Svezia) - Acciaio prodotto mediante nitrurazione in fase solida da polvere spray. L'elevato contenuto di azoto garantisce un'alta resistenza all'usura dei prodotti, spesso diverse volte superiore a quella degli acciai \"normali\". Gli acciai VANAX sono caratterizzati da elevata resistenza meccanica, buona flessibilit\u00e0, resistenza all'abrasione e altissima resistenza alla corrosione. Questo acciaio non \u00e8 disponibile come coltello di serie a causa della necessit\u00e0 di selezionare il giusto trattamento termico, che richiede molto tempo, energia, abilit\u00e0 e impegno.\u00a0<\/p>\n\n\n\n<figure class=\"wp-block-image size-full\"><img decoding=\"async\" width=\"561\" height=\"755\" src=\"http:\/\/jnats.eu\/wp-content\/uploads\/2024\/04\/stainless-ratings-table2-1.webp\" alt=\"\" class=\"wp-image-1852\" srcset=\"https:\/\/jnats.eu\/wp-content\/uploads\/2024\/04\/stainless-ratings-table2-1.webp 561w, https:\/\/jnats.eu\/wp-content\/uploads\/2024\/04\/stainless-ratings-table2-1-223x300.webp 223w, https:\/\/jnats.eu\/wp-content\/uploads\/2024\/04\/stainless-ratings-table2-1-9x12.webp 9w, https:\/\/jnats.eu\/wp-content\/uploads\/2024\/04\/stainless-ratings-table2-1-441x594.webp 441w, https:\/\/jnats.eu\/wp-content\/uploads\/2024\/04\/stainless-ratings-table2-1-150x202.webp 150w\" sizes=\"(max-width: 561px) 100vw, 561px\" \/><\/figure>\n\n\n\n<p>Usi tipici dell'acciaio:<\/p>\n\n\n\n<ul class=\"wp-block-list\">\n<li>Componenti di forma agile che richiedono un'elevata resistenza alla corrosione<\/li>\n\n\n\n<li>Coltelli a mano<\/li>\n\n\n\n<li>Componenti e coltelli per l'industria alimentare<\/li>\n\n\n\n<li>Parti che operano in ambienti aggressivi<\/li>\n\n\n\n<li>Parti di macchine altamente sollecitate in ambienti corrosivi<\/li>\n<\/ul>\n\n\n\n<p><br><strong>Composizione chimica dell'acciaio Vanax 37<\/strong><\/p>\n\n\n\n<ul class=\"wp-block-list\">\n<li>C (carbonio)-0,36% <\/li>\n\n\n\n<li>Mo (molibdeno)-1,05%<\/li>\n\n\n\n<li>Mn (manganese)-0,34%<\/li>\n\n\n\n<li>V (vanadio)-3,38%<\/li>\n\n\n\n<li>Cr (cromo) -18,00%<\/li>\n\n\n\n<li>Si (silicio)-0,35%<\/li>\n\n\n\n<li>N (azoto)-1,53%<\/li>\n\n\n\n<li>Ni (nichel)-0,18%<\/li>\n\n\n\n<li>P (fosforo) -0,18%<\/li>\n\n\n\n<li>S (zolfo) -0,009%<\/li>\n\n\n\n<li>W (tungsteno) -0,06%<\/li>\n\n\n\n<li>Co (cobalto) -0,05%<\/li>\n\n\n\n<li>Cu (rame) -0,09%<\/li>\n\n\n\n<li>Al (alluminio) -0,0005%<\/li>\n<\/ul>\n\n\n\n<figure class=\"wp-block-embed is-type-video is-provider-youtube wp-block-embed-youtube wp-embed-aspect-16-9 wp-has-aspect-ratio\"><div class=\"wp-block-embed__wrapper\">\n<div class=\"video-container\"><iframe title=\"Coltello universale Kmet Pancuj Vanax 37, legno di ferro\" width=\"1170\" height=\"658\" src=\"https:\/\/www.youtube.com\/embed\/4FYzvMo9BQ8?feature=oembed\" frameborder=\"0\" allow=\"accelerometer; autoplay; clipboard-write; encrypted-media; gyroscope; picture-in-picture; web-share\" referrerpolicy=\"strict-origin-when-cross-origin\" allowfullscreen><\/iframe><\/div>\n<\/div><\/figure>","protected":false},"excerpt":{"rendered":"<ul>\n<li>Lunghezza della lama: 130 mm.<\/li>\n<li>Larghezza della lama: 30 mm.<\/li>\n<li>Superficie della lama: sabbiata<\/li>\n<li>Spessore della lama: 3,0 mm<\/li>\n<li>Acciaio Vanax 37. Temprato da uno dei migliori termistori russi, Alan Balikoev.\u00a0<\/li>\n<li>Il vantaggio principale di questo acciaio \u00e8 l'altissima resistenza alla corrosione, ma la maggior parte degli altri acciai da polvere mantiene la propria affilatura molto pi\u00f9 a lungo.<\/li>\n<li>Durezza: 60 HRC<\/li>\n<li>Piste: diritte<\/li>\n<li>Affilatura lama: 0,3-0,4 mm<\/li>\n<li>Lunghezza impugnatura: 120 mm<\/li>\n<li>Installazione della maniglia: attraverso<\/li>\n<li>Materiale del manico \"ironwood\" naturale Legno di ferro. Naturalmente ricco di resine, la stabilizzazione non \u00e8 necessaria o addirittura possibile.<\/li>\n<li>Peso con custodia: 250 g<\/li>\n<li>Peso: 163 g<\/li>\n<li>Prodotto in Russia Kmet<\/li>\n<\/ul>","protected":false},"featured_media":1658,"comment_status":"open","ping_status":"closed","template":"","meta":[],"product_brand":[],"product_cat":[24],"product_tag":[211],"class_list":{"0":"post-1654","1":"product","2":"type-product","3":"status-publish","4":"has-post-thumbnail","6":"product_cat-knifes","7":"product_tag-vanax","8":"product_shipping_class-iprastas","10":"first","11":"outofstock","12":"sale","13":"shipping-taxable","14":"purchasable","15":"product-type-simple"},"_links":{"self":[{"href":"https:\/\/jnats.eu\/it\/wp-json\/wp\/v2\/product\/1654","targetHints":{"allow":["GET"]}}],"collection":[{"href":"https:\/\/jnats.eu\/it\/wp-json\/wp\/v2\/product"}],"about":[{"href":"https:\/\/jnats.eu\/it\/wp-json\/wp\/v2\/types\/product"}],"replies":[{"embeddable":true,"href":"https:\/\/jnats.eu\/it\/wp-json\/wp\/v2\/comments?post=1654"}],"wp:featuredmedia":[{"embeddable":true,"href":"https:\/\/jnats.eu\/it\/wp-json\/wp\/v2\/media\/1658"}],"wp:attachment":[{"href":"https:\/\/jnats.eu\/it\/wp-json\/wp\/v2\/media?parent=1654"}],"wp:term":[{"taxonomy":"product_brand","embeddable":true,"href":"https:\/\/jnats.eu\/it\/wp-json\/wp\/v2\/product_brand?post=1654"},{"taxonomy":"product_cat","embeddable":true,"href":"https:\/\/jnats.eu\/it\/wp-json\/wp\/v2\/product_cat?post=1654"},{"taxonomy":"product_tag","embeddable":true,"href":"https:\/\/jnats.eu\/it\/wp-json\/wp\/v2\/product_tag?post=1654"}],"curies":[{"name":"wp","href":"https:\/\/api.w.org\/{rel}","templated":true}]}}