{"id":1665,"date":"2024-04-16T13:22:53","date_gmt":"2024-04-16T10:22:53","guid":{"rendered":"http:\/\/jnats.eu\/?post_type=product&#038;p=1665"},"modified":"2024-07-24T11:05:08","modified_gmt":"2024-07-24T08:05:08","slug":"scuoiatore-di-coltelli-interoculari-cpm110v","status":"publish","type":"product","link":"https:\/\/jnats.eu\/it\/prodotto-2\/scuoiatore-di-coltelli-interoculari-cpm110v\/","title":{"rendered":"Coltello da caccia Skineris CPM s110v"},"content":{"rendered":"<figure class=\"wp-block-embed is-type-video is-provider-youtube wp-block-embed-youtube wp-embed-aspect-16-9 wp-has-aspect-ratio\"><div class=\"wp-block-embed__wrapper\">\n<div class=\"video-container\"><iframe title=\"Coltello da caccia Skinner CPM110V\" width=\"1170\" height=\"658\" src=\"https:\/\/www.youtube.com\/embed\/ozYnW_Wzp44?feature=oembed\" frameborder=\"0\" allow=\"accelerometer; autoplay; clipboard-write; encrypted-media; gyroscope; picture-in-picture; web-share\" referrerpolicy=\"strict-origin-when-cross-origin\" allowfullscreen><\/iframe><\/div>\n<\/div><\/figure>\n\n\n\n<p>L'S110V \u00e8 un acciaio molto interessante grazie alle innovazioni apportate nel suo sviluppo, tra cui il niobio per migliorare la struttura dei carburi e la resistenza alla corrosione, e il cobalto per garantire la possibilit\u00e0 di trattamento termico nonostante l'eccellente resistenza alla corrosione. L'acciaio ha buone propriet\u00e0, tra cui la lunga conservazione dell'affilatura e la resistenza alla corrosione, oltre a una durezza adeguata. L'S110V e l'S90V sono i preferiti da molti cacciatori tra gli acciai inossidabili, grazie all'ottimo mantenimento dell'affilatura e alle prestazioni di taglio aggressive.<\/p>\n\n\n\n<figure class=\"wp-block-image size-full is-resized\"><img decoding=\"async\" width=\"752\" height=\"452\" src=\"http:\/\/jnats.eu\/wp-content\/uploads\/2024\/04\/M398-toughness-edge-retention-balance.webp\" alt=\"\" class=\"wp-image-1666\" style=\"width:900px;height:auto\" srcset=\"https:\/\/jnats.eu\/wp-content\/uploads\/2024\/04\/M398-toughness-edge-retention-balance.webp 752w, https:\/\/jnats.eu\/wp-content\/uploads\/2024\/04\/M398-toughness-edge-retention-balance-300x180.webp 300w, https:\/\/jnats.eu\/wp-content\/uploads\/2024\/04\/M398-toughness-edge-retention-balance-18x12.webp 18w, https:\/\/jnats.eu\/wp-content\/uploads\/2024\/04\/M398-toughness-edge-retention-balance-441x265.webp 441w, https:\/\/jnats.eu\/wp-content\/uploads\/2024\/04\/M398-toughness-edge-retention-balance-600x361.webp 600w, https:\/\/jnats.eu\/wp-content\/uploads\/2024\/04\/M398-toughness-edge-retention-balance-150x90.webp 150w\" sizes=\"(max-width: 752px) 100vw, 752px\" \/><\/figure>\n\n\n\n<figure class=\"wp-block-embed is-type-wp-embed is-provider-knife-steel-nerds wp-block-embed-knife-steel-nerds\"><div class=\"wp-block-embed__wrapper\">\n<div class=\"video-container\"><blockquote class=\"wp-embedded-content\" data-secret=\"4V3dJab2Pm\"><a href=\"https:\/\/knifesteelnerds.com\/2020\/11\/23\/cpm-s110v-steel-history-and-properties\/\">Acciaio CPM-S110V - Storia e propriet\u00e0<\/a><\/blockquote><iframe class=\"wp-embedded-content\" sandbox=\"allow-scripts\" security=\"restricted\" style=\"position: absolute; clip: rect(1px, 1px, 1px, 1px);\" title=\"&quot;Acciaio CPM-S110V - Storia e propriet\u00e0&quot; - Knife Steel Nerds\" src=\"https:\/\/knifesteelnerds.com\/2020\/11\/23\/cpm-s110v-steel-history-and-properties\/embed\/#?secret=vHuqxkcbBg#?secret=4V3dJab2Pm\" data-secret=\"4V3dJab2Pm\" width=\"600\" height=\"338\" frameborder=\"0\" marginwidth=\"0\" marginheight=\"0\" scrolling=\"no\"><\/iframe><\/div>\n<\/div><\/figure>","protected":false},"excerpt":{"rendered":"<ul>\n<li>Lunghezza della lama: 122 mm.<\/li>\n<li>Larghezza della lama: 31 mm.<\/li>\n<li>Superficie della lama: lucidata<\/li>\n<li>Spessore della lama (acciaio): 3,6 mm.<\/li>\n<li>Pavimento: dritto<\/li>\n<li>Piombo della lama: 0,3-0,4 mm.<\/li>\n<li>Lunghezza dell'impugnatura: 125 mm. Altezza del manico: 32 mm. Spessore 18 mm (pi\u00f9 stretto dello \"standard\")<\/li>\n<li>Installazione della maniglia: piantata<\/li>\n<li>Materiale del manico: dente di mammut, noce del Caucaso stabilizzato.<\/li>\n<li>Acciaio: CPM s110v. Durezza: 63 HRC. Temprato da Alan Balikoev, uno dei migliori termisti della Russia. Questo acciaio non \u00e8 disponibile in serie perch\u00e9 \u00e8 difficile da lavorare e il trattamento termico deve essere selezionato in modo appropriato, il che richiede molto tempo, energia, abilit\u00e0 e impegno.\u00a0\u00a0<\/li>\n<li>Il vantaggio principale di questo acciaio \u00e8 l'ottima conservazione dell'affilatura e la resistenza alla corrosione.<\/li>\n<li>Peso con custodia: 250 g<\/li>\n<li>Peso: 139 g<\/li>\n<li>Custodia in vera pelle<\/li>\n<li>Prodotto in Russia, Maestro: Yakov Shishkin<\/li>\n<\/ul>","protected":false},"featured_media":1672,"comment_status":"open","ping_status":"closed","template":"","meta":[],"product_brand":[],"product_cat":[24],"product_tag":[212,75,213],"class_list":{"0":"post-1665","1":"product","2":"type-product","3":"status-publish","4":"has-post-thumbnail","6":"product_cat-knifes","7":"product_tag-cpm110v","8":"product_tag-medzioklinis-peilis","9":"product_tag-skineris","10":"product_shipping_class-iprastas","12":"first","13":"outofstock","14":"sale","15":"shipping-taxable","16":"purchasable","17":"product-type-simple"},"_links":{"self":[{"href":"https:\/\/jnats.eu\/it\/wp-json\/wp\/v2\/product\/1665","targetHints":{"allow":["GET"]}}],"collection":[{"href":"https:\/\/jnats.eu\/it\/wp-json\/wp\/v2\/product"}],"about":[{"href":"https:\/\/jnats.eu\/it\/wp-json\/wp\/v2\/types\/product"}],"replies":[{"embeddable":true,"href":"https:\/\/jnats.eu\/it\/wp-json\/wp\/v2\/comments?post=1665"}],"wp:featuredmedia":[{"embeddable":true,"href":"https:\/\/jnats.eu\/it\/wp-json\/wp\/v2\/media\/1672"}],"wp:attachment":[{"href":"https:\/\/jnats.eu\/it\/wp-json\/wp\/v2\/media?parent=1665"}],"wp:term":[{"taxonomy":"product_brand","embeddable":true,"href":"https:\/\/jnats.eu\/it\/wp-json\/wp\/v2\/product_brand?post=1665"},{"taxonomy":"product_cat","embeddable":true,"href":"https:\/\/jnats.eu\/it\/wp-json\/wp\/v2\/product_cat?post=1665"},{"taxonomy":"product_tag","embeddable":true,"href":"https:\/\/jnats.eu\/it\/wp-json\/wp\/v2\/product_tag?post=1665"}],"curies":[{"name":"wp","href":"https:\/\/api.w.org\/{rel}","templated":true}]}}