{"id":1733,"date":"2024-04-18T10:05:17","date_gmt":"2024-04-18T07:05:17","guid":{"rendered":"http:\/\/jnats.eu\/?post_type=product&#038;p=1733"},"modified":"2025-10-05T11:12:26","modified_gmt":"2025-10-05T08:12:26","slug":"shoubu-karasu-tuta","status":"publish","type":"product","link":"https:\/\/jnats.eu\/it\/prodotto-2\/shoubu-karasu-tuta\/","title":{"rendered":"Suite Shoubu Karasu"},"content":{"rendered":"<p>Questa pietra \u00e8 facile da usare ed \u00e8 ideale per rifinire rasoi, lucidare e affilare coltelli da cucina. \u00c8 veloce e lascia una linea kasumi contrastante. La sua ampia superficie la rende ideale per l'affilatura e la lucidatura.<\/p>\n\n\n\n<p>Questa pietra \u00e8 di colore grigio chiaro con molte macchie carsiche e sottili linee \"dorate\". Sono presenti anche alcune macchie di namazu.<\/p>\n\n\n\n<figure class=\"wp-block-embed is-type-video is-provider-youtube wp-block-embed-youtube wp-embed-aspect-16-9 wp-has-aspect-ratio\"><div class=\"wp-block-embed__wrapper\">\n<div class=\"video-container\"><iframe title=\"Kasumi finisce su Jnats: Ohira, Nisshoyama Naikumo Suita, Shobudani Karasu\" width=\"1170\" height=\"658\" src=\"https:\/\/www.youtube.com\/embed\/EufKzrz4gFs?start=910&#038;feature=oembed\" frameborder=\"0\" allow=\"accelerometer; autoplay; clipboard-write; encrypted-media; gyroscope; picture-in-picture; web-share\" referrerpolicy=\"strict-origin-when-cross-origin\" allowfullscreen><\/iframe><\/div>\n<\/div><\/figure>\n\n\n\n<p><strong>Shobu (\u83d6\u84b2\u8c37, Shobudani, Shoubu)<\/strong><br>Miniera orientale, molto apprezzata per la qualit\u00e0 delle sue pietre da affilatura. Sebbene questa miniera non sia cos\u00ec apprezzata come Ohira o Nakayama in Occidente, le pietre provenienti da questa miniera sono generalmente di qualit\u00e0 molto elevata. I prezzi all'ingrosso dello Shoubu sono tra i pi\u00f9 alti di tutte le pietre.<\/p>","protected":false},"excerpt":{"rendered":"<ul>\n<li>Adatto per la finitura di rasoi, coltelli, forbici, attrezzi da falegnameria e altri utensili.<\/li>\n<li>Dimensioni: 180x110x30 mm<\/li>\n<li>Peso: 1475 g<\/li>\n<li>Durezza: Lv 5<\/li>\n<li>Superficie pronta per il lavoro. Alcuni angoli non sono stati completamente levigati.<\/li>\n<li>Le linee sono sicure.<\/li>\n<li>Si consiglia di lavorare con acqua calda, poich\u00e9 l'acqua fredda compromette la velocit\u00e0 e la risposta.<\/li>\n<\/ul>","protected":false},"featured_media":1744,"comment_status":"open","ping_status":"closed","template":"","meta":[],"product_brand":[],"product_cat":[22],"product_tag":[57,219,44,218,50,220],"class_list":{"0":"post-1733","1":"product","2":"type-product","3":"status-publish","4":"has-post-thumbnail","6":"product_cat-jnats","7":"product_tag-karasu","8":"product_tag-shobu","9":"product_tag-shobudani","10":"product_tag-shoubu","11":"product_tag-suita","12":"product_tag-220","13":"product_shipping_class-iprastas","15":"first","16":"outofstock","17":"shipping-taxable","18":"purchasable","19":"product-type-simple"},"_links":{"self":[{"href":"https:\/\/jnats.eu\/it\/wp-json\/wp\/v2\/product\/1733","targetHints":{"allow":["GET"]}}],"collection":[{"href":"https:\/\/jnats.eu\/it\/wp-json\/wp\/v2\/product"}],"about":[{"href":"https:\/\/jnats.eu\/it\/wp-json\/wp\/v2\/types\/product"}],"replies":[{"embeddable":true,"href":"https:\/\/jnats.eu\/it\/wp-json\/wp\/v2\/comments?post=1733"}],"wp:featuredmedia":[{"embeddable":true,"href":"https:\/\/jnats.eu\/it\/wp-json\/wp\/v2\/media\/1744"}],"wp:attachment":[{"href":"https:\/\/jnats.eu\/it\/wp-json\/wp\/v2\/media?parent=1733"}],"wp:term":[{"taxonomy":"product_brand","embeddable":true,"href":"https:\/\/jnats.eu\/it\/wp-json\/wp\/v2\/product_brand?post=1733"},{"taxonomy":"product_cat","embeddable":true,"href":"https:\/\/jnats.eu\/it\/wp-json\/wp\/v2\/product_cat?post=1733"},{"taxonomy":"product_tag","embeddable":true,"href":"https:\/\/jnats.eu\/it\/wp-json\/wp\/v2\/product_tag?post=1733"}],"curies":[{"name":"wp","href":"https:\/\/api.w.org\/{rel}","templated":true}]}}