{"id":1777,"date":"2024-04-18T16:02:45","date_gmt":"2024-04-18T13:02:45","guid":{"rendered":"http:\/\/jnats.eu\/?post_type=product&#038;p=1777"},"modified":"2024-06-29T15:55:34","modified_gmt":"2024-06-29T12:55:34","slug":"shobudani-karasu-suite-3","status":"publish","type":"product","link":"https:\/\/jnats.eu\/it\/prodotto-2\/shobudani-karasu-suite-3\/","title":{"rendered":"Suite Shobudani Karasu"},"content":{"rendered":"<p>Questa pietra \u00e8 facile da usare ed \u00e8 ideale per rifinire rasoi, lucidare e affilare coltelli da cucina. \u00c8 veloce e lascia una linea kasumi contrastante. La sua ampia superficie la rende ideale per l'affilatura e la lucidatura.<\/p>\n\n\n\n<p>Questa pietra \u00e8 di colore grigio chiaro con macchie di karasu (corvo).<\/p>\n\n\n\n<p><strong>Shobu (\u83d6\u84b2\u8c37, Shobudani, Shoubu)<\/strong><br>Miniera orientale, molto apprezzata per la qualit\u00e0 delle sue pietre da affilatura. Sebbene questa miniera non sia cos\u00ec apprezzata come Ohira o Nakayama in Occidente, le pietre provenienti da questa miniera sono generalmente di qualit\u00e0 molto elevata. I prezzi all'ingrosso dello Shoubu sono tra i pi\u00f9 alti di tutte le pietre.<\/p>","protected":false},"excerpt":{"rendered":"<ul>\n<li>Adatto per la finitura di rasoi, coltelli, forbici, attrezzi da falegnameria e altri utensili.<\/li>\n<li>Dimensioni: 192x75x34 mm<\/li>\n<li>Peso: 1340 g<\/li>\n<li>Durezza: Lv 5<\/li>\n<li>La superficie \u00e8 pronta per il lavoro senza alcun difetto. Un paio di angoli non sono completamente allineati.<\/li>\n<li>Le linee sono sicure.<\/li>\n<li>Si consiglia di lavorare con acqua calda, poich\u00e9 l'acqua fredda compromette la velocit\u00e0 e la risposta.<\/li>\n<\/ul>","protected":false},"featured_media":1784,"comment_status":"open","ping_status":"closed","template":"","meta":[],"product_brand":[],"product_cat":[22],"product_tag":[57,44,50],"class_list":{"0":"post-1777","1":"product","2":"type-product","3":"status-publish","4":"has-post-thumbnail","6":"product_cat-jnats","7":"product_tag-karasu","8":"product_tag-shobudani","9":"product_tag-suita","10":"product_shipping_class-iprastas","12":"first","13":"outofstock","14":"shipping-taxable","15":"purchasable","16":"product-type-simple"},"_links":{"self":[{"href":"https:\/\/jnats.eu\/it\/wp-json\/wp\/v2\/product\/1777","targetHints":{"allow":["GET"]}}],"collection":[{"href":"https:\/\/jnats.eu\/it\/wp-json\/wp\/v2\/product"}],"about":[{"href":"https:\/\/jnats.eu\/it\/wp-json\/wp\/v2\/types\/product"}],"replies":[{"embeddable":true,"href":"https:\/\/jnats.eu\/it\/wp-json\/wp\/v2\/comments?post=1777"}],"wp:featuredmedia":[{"embeddable":true,"href":"https:\/\/jnats.eu\/it\/wp-json\/wp\/v2\/media\/1784"}],"wp:attachment":[{"href":"https:\/\/jnats.eu\/it\/wp-json\/wp\/v2\/media?parent=1777"}],"wp:term":[{"taxonomy":"product_brand","embeddable":true,"href":"https:\/\/jnats.eu\/it\/wp-json\/wp\/v2\/product_brand?post=1777"},{"taxonomy":"product_cat","embeddable":true,"href":"https:\/\/jnats.eu\/it\/wp-json\/wp\/v2\/product_cat?post=1777"},{"taxonomy":"product_tag","embeddable":true,"href":"https:\/\/jnats.eu\/it\/wp-json\/wp\/v2\/product_tag?post=1777"}],"curies":[{"name":"wp","href":"https:\/\/api.w.org\/{rel}","templated":true}]}}