{"id":1805,"date":"2024-04-19T10:30:22","date_gmt":"2024-04-19T07:30:22","guid":{"rendered":"http:\/\/jnats.eu\/?post_type=product&#038;p=1805"},"modified":"2024-10-27T13:00:39","modified_gmt":"2024-10-27T11:00:39","slug":"ohira-renge-suita","status":"publish","type":"product","link":"https:\/\/jnats.eu\/it\/prodotto-2\/ohira-renge-suita\/","title":{"rendered":"Suite Ohira Renge"},"content":{"rendered":"<p>Le pietre per affilare di alta qualit\u00e0 Ohira Renge Suita sono rare. La pietra \u00e8 veloce, d\u00e0 una buona risposta e risultati eccezionali. L&#039;Ohira di alta qualit\u00e0 \u00e8 sempre pi\u00f9 raro e questa pietra \u00e8 un perfetto esempio del motivo per cui la miniera ha raggiunto la sua buona reputazione. Questa pietra va abbastanza bene per la suite Ohira. Che il tuo obiettivo principale sia l&#039;affilatura della lama o la lucidatura Kasumi, questa pietra non ti deluder\u00e0. Per favore, non comprarlo, voglio tenerlo.<\/p>\n\n\n\n<p>Una base bianca pura con un motivo renge denso e uniforme. Uno degli angoli \u00e8 leggermente scheggiato e presenta linee di sicurezza. Questa \u00e8 l&#039;unica cosa che impedisce a questa pietra di diventare un esemplare da museo con un prezzo davvero astronomico. <\/p>\n\n\n\n<p><strong>Ohira (\u5927\u5e73, Oohira, Ohirayama)<\/strong><br>Una miniera occidentale famosa per Uchigumori e la qualit\u00e0 dei suoi Suita. Anche se la miniera viene ancora sfruttata occasionalmente, gli uchigumori e gli ohira suite esportabili sono sempre pi\u00f9 difficili da trovare. A causa della qualit\u00e0 superiore di Ohira suita e uchigumori, non \u00e8 raro che pietre provenienti da altre miniere vengano stampate o vendute come Ohira.<\/p>\n\n\n\n<figure class=\"wp-block-embed is-type-video is-provider-youtube wp-block-embed-youtube wp-embed-aspect-16-9 wp-has-aspect-ratio\"><div class=\"wp-block-embed__wrapper\">\n<div class=\"video-container\"><iframe title=\"Ohira Renge Suita, Nishiyama Shiro Suita, Nakayama Asagi Nashiji, Kyoto Shomotoyama, Atago\" width=\"1170\" height=\"658\" src=\"https:\/\/www.youtube.com\/embed\/NhqN2jyKzUg?start=167&#038;feature=oembed\" frameborder=\"0\" allow=\"accelerometer; autoplay; clipboard-write; encrypted-media; gyroscope; picture-in-picture; web-share\" referrerpolicy=\"strict-origin-when-cross-origin\" allowfullscreen><\/iframe><\/div>\n<\/div><\/figure>","protected":false},"excerpt":{"rendered":"<ul>\n<li>Adatto per la rifinitura di coltelli, forbici, carpenteria, altri utensili e finitura kasumi.<\/li>\n<li>Dimensioni: 204x75x24 mm<\/li>\n<li>Peso: 1150 g<\/li>\n<li>Durezza: Lv 4<\/li>\n<li>La superficie \u00e8 liscia e pronta per il lavoro.<\/li>\n<li>Le linee sono sicure.<\/li>\n<li>Si consiglia di lavorare con acqua calda, poich\u00e9 l'acqua fredda compromette la velocit\u00e0 e la risposta.<\/li>\n<\/ul>","protected":false},"featured_media":2115,"comment_status":"open","ping_status":"closed","template":"","meta":[],"product_brand":[],"product_cat":[22],"product_tag":[47,86,50],"class_list":{"0":"post-1805","1":"product","2":"type-product","3":"status-publish","4":"has-post-thumbnail","6":"product_cat-jnats","7":"product_tag-ohira","8":"product_tag-renge","9":"product_tag-suita","10":"product_shipping_class-iprastas","12":"first","13":"outofstock","14":"shipping-taxable","15":"purchasable","16":"product-type-simple"},"_links":{"self":[{"href":"https:\/\/jnats.eu\/it\/wp-json\/wp\/v2\/product\/1805","targetHints":{"allow":["GET"]}}],"collection":[{"href":"https:\/\/jnats.eu\/it\/wp-json\/wp\/v2\/product"}],"about":[{"href":"https:\/\/jnats.eu\/it\/wp-json\/wp\/v2\/types\/product"}],"replies":[{"embeddable":true,"href":"https:\/\/jnats.eu\/it\/wp-json\/wp\/v2\/comments?post=1805"}],"wp:featuredmedia":[{"embeddable":true,"href":"https:\/\/jnats.eu\/it\/wp-json\/wp\/v2\/media\/2115"}],"wp:attachment":[{"href":"https:\/\/jnats.eu\/it\/wp-json\/wp\/v2\/media?parent=1805"}],"wp:term":[{"taxonomy":"product_brand","embeddable":true,"href":"https:\/\/jnats.eu\/it\/wp-json\/wp\/v2\/product_brand?post=1805"},{"taxonomy":"product_cat","embeddable":true,"href":"https:\/\/jnats.eu\/it\/wp-json\/wp\/v2\/product_cat?post=1805"},{"taxonomy":"product_tag","embeddable":true,"href":"https:\/\/jnats.eu\/it\/wp-json\/wp\/v2\/product_tag?post=1805"}],"curies":[{"name":"wp","href":"https:\/\/api.w.org\/{rel}","templated":true}]}}