{"id":1810,"date":"2024-04-19T10:42:51","date_gmt":"2024-04-19T07:42:51","guid":{"rendered":"http:\/\/jnats.eu\/?post_type=product&#038;p=1810"},"modified":"2026-03-23T10:03:54","modified_gmt":"2026-03-23T08:03:54","slug":"suite-nishiyama-shiro","status":"publish","type":"product","link":"https:\/\/jnats.eu\/it\/prodotto-2\/suite-nishiyama-shiro\/","title":{"rendered":"Suite Nishiyama Shiro"},"content":{"rendered":"<figure class=\"wp-block-embed is-type-video is-provider-youtube wp-block-embed-youtube wp-embed-aspect-16-9 wp-has-aspect-ratio\"><div class=\"wp-block-embed__wrapper\">\n<div class=\"video-container\"><iframe title=\"Test di Nishiyama Shiro Suita con Sandvik 14C28N | Slurry vs No Slurry\" width=\"1170\" height=\"658\" src=\"https:\/\/www.youtube.com\/embed\/uP8MI-JS99I?feature=oembed\" frameborder=\"0\" allow=\"accelerometer; autoplay; clipboard-write; encrypted-media; gyroscope; picture-in-picture; web-share\" referrerpolicy=\"strict-origin-when-cross-origin\" allowfullscreen><\/iframe><\/div>\n<\/div><\/figure>\n\n\n\n<p>Le pietre per affilare Nishiyama Shiro Suita non sono praticamente pi\u00f9 sul mercato. La pietra \u00e8 veloce, d\u00e0 una buona risposta e risultati eccezionali. Che il tuo obiettivo principale sia l&#039;affilatura della lama o la lucidatura Kasumi, questa pietra non ti deluder\u00e0. <\/p>\n\n\n\n<p>Base bianca con motivo a linee rosse. Una linea ruvida in uno degli angoli impedisce l&#039;affilatura ed \u00e8 l&#039;unica cosa che impedisce a questa pietra di diventare un esemplare da museo dal prezzo davvero astronomico.<\/p>","protected":false},"excerpt":{"rendered":"<ul>\n<li>Adatto per la finitura e la finitura kasumi di coltelli, forbici, falegnameria e altri utensili.<\/li>\n<li>Dimensioni: 220x79x40mm<\/li>\n<li>Peso: 1700 grammi<\/li>\n<li>Durezza: Lv 4,5<\/li>\n<li>La superficie \u00e8 liscia e pronta per il lavoro.<\/li>\n<li>Le linee sono sicure, <span style=\"color: #ff0000;\"><strong>tranne uno sul bordo (tossico - vedi foto).<\/strong><\/span><\/li>\n<li>Si consiglia di lavorare con acqua calda, poich\u00e9 l'acqua fredda compromette la velocit\u00e0 e la risposta.<\/li>\n<\/ul>","protected":false},"featured_media":1812,"comment_status":"open","ping_status":"closed","template":"","meta":[],"product_brand":[],"product_cat":[22],"product_tag":[224,223,87,50],"class_list":{"0":"post-1810","1":"product","2":"type-product","3":"status-publish","4":"has-post-thumbnail","6":"product_cat-jnats","7":"product_tag-nishiyama","8":"product_tag-nishiyama-shiro-suita","9":"product_tag-shiro","10":"product_tag-suita","11":"product_shipping_class-iprastas","13":"first","14":"instock","15":"sale","16":"shipping-taxable","17":"purchasable","18":"product-type-simple"},"_links":{"self":[{"href":"https:\/\/jnats.eu\/it\/wp-json\/wp\/v2\/product\/1810","targetHints":{"allow":["GET"]}}],"collection":[{"href":"https:\/\/jnats.eu\/it\/wp-json\/wp\/v2\/product"}],"about":[{"href":"https:\/\/jnats.eu\/it\/wp-json\/wp\/v2\/types\/product"}],"replies":[{"embeddable":true,"href":"https:\/\/jnats.eu\/it\/wp-json\/wp\/v2\/comments?post=1810"}],"wp:featuredmedia":[{"embeddable":true,"href":"https:\/\/jnats.eu\/it\/wp-json\/wp\/v2\/media\/1812"}],"wp:attachment":[{"href":"https:\/\/jnats.eu\/it\/wp-json\/wp\/v2\/media?parent=1810"}],"wp:term":[{"taxonomy":"product_brand","embeddable":true,"href":"https:\/\/jnats.eu\/it\/wp-json\/wp\/v2\/product_brand?post=1810"},{"taxonomy":"product_cat","embeddable":true,"href":"https:\/\/jnats.eu\/it\/wp-json\/wp\/v2\/product_cat?post=1810"},{"taxonomy":"product_tag","embeddable":true,"href":"https:\/\/jnats.eu\/it\/wp-json\/wp\/v2\/product_tag?post=1810"}],"curies":[{"name":"wp","href":"https:\/\/api.w.org\/{rel}","templated":true}]}}