{"id":1831,"date":"2024-04-19T11:11:05","date_gmt":"2024-04-19T08:11:05","guid":{"rendered":"http:\/\/jnats.eu\/?post_type=product&#038;p=1831"},"modified":"2024-05-03T12:02:38","modified_gmt":"2024-05-03T09:02:38","slug":"atagoyama-awasedo","status":"publish","type":"product","link":"https:\/\/jnats.eu\/it\/prodotto-2\/atagoyama-awasedo\/","title":{"rendered":"Atagoyama Awasedo"},"content":{"rendered":"<p>Nonostante il suo aspetto senza pretese, questa pietra \u00e8 piacevole da usare. Le grandi dimensioni offrono una sensazione di affilatura estremamente stabile e la purezza della pietra garantisce risultati costanti per tutta la vita. \u00c8 un &quot;cavallo di battaglia&quot; che pu\u00f2 durare una vita per l&#039;affilatore professionista e gli appassionati di lucidatura. La pietra \u00e8 resistente ma non cos\u00ec dura da renderla troppo difficile da usare per gli utenti meno esperti. Utilizzando una sospensione estratta lateralmente o con piastra diamantata, cancella 6k abbastanza rapidamente. le pietre sintetiche graffiano e lasciano un piacevole kasumi, e con una pietra pulita il coltello pu\u00f2 essere ulteriormente rifinito fino a ottenere una finitura lucida. Questa pietra \u00e8 adatta a tutto, dai coltelli agli utensili e ai rasoi. La pietra \u00e8 di colore grigio chiaro uniforme con motivi sottili.<\/p>\n\n\n\n<p><strong>Atagoyama<\/strong><br>Questa miniera ha estratto pietre da Chu-ishi naori, che generalmente sono grandi e pulite. Il monte Atago \u00e8 spesso indicato come il centro dell&#039;area mineraria della pietra per affilare di Kyoto.<\/p>\n\n\n\n<figure class=\"wp-block-embed is-type-video is-provider-youtube wp-block-embed-youtube wp-embed-aspect-16-9 wp-has-aspect-ratio\"><div class=\"wp-block-embed__wrapper\">\n<div class=\"video-container\"><iframe title=\"Ohira Renge Suita, Nishiyama Shiro Suita, Nakayama Asagi Nashiji, Kyoto Shomotoyama, Atago\" width=\"1170\" height=\"658\" src=\"https:\/\/www.youtube.com\/embed\/NhqN2jyKzUg?start=275&#038;feature=oembed\" frameborder=\"0\" allow=\"accelerometer; autoplay; clipboard-write; encrypted-media; gyroscope; picture-in-picture; web-share\" referrerpolicy=\"strict-origin-when-cross-origin\" allowfullscreen><\/iframe><\/div>\n<\/div><\/figure>","protected":false},"excerpt":{"rendered":"<ul>\n<li>Adatto per la finitura di rasoi, coltelli, forbici, attrezzi da falegnameria e altri utensili.<\/li>\n<li>Dimensioni: 208x78x40mm<\/li>\n<li>Peso: 1590 g<\/li>\n<li>Durezza: Lv 4,7<\/li>\n<li>La superficie \u00e8 liscia e pronta per il lavoro.<\/li>\n<li>Le linee sono sicure.<\/li>\n<li>Si consiglia di lavorare con acqua calda, poich\u00e9 l'acqua fredda compromette la velocit\u00e0 e la risposta.<\/li>\n<\/ul>","protected":false},"featured_media":1837,"comment_status":"open","ping_status":"closed","template":"","meta":[],"product_brand":[],"product_cat":[22],"product_tag":[225,40],"class_list":{"0":"post-1831","1":"product","2":"type-product","3":"status-publish","4":"has-post-thumbnail","6":"product_cat-jnats","7":"product_tag-atagoyama","8":"product_tag-awasedo","9":"product_shipping_class-iprastas","11":"first","12":"instock","13":"sale","14":"shipping-taxable","15":"purchasable","16":"product-type-simple"},"_links":{"self":[{"href":"https:\/\/jnats.eu\/it\/wp-json\/wp\/v2\/product\/1831","targetHints":{"allow":["GET"]}}],"collection":[{"href":"https:\/\/jnats.eu\/it\/wp-json\/wp\/v2\/product"}],"about":[{"href":"https:\/\/jnats.eu\/it\/wp-json\/wp\/v2\/types\/product"}],"replies":[{"embeddable":true,"href":"https:\/\/jnats.eu\/it\/wp-json\/wp\/v2\/comments?post=1831"}],"wp:featuredmedia":[{"embeddable":true,"href":"https:\/\/jnats.eu\/it\/wp-json\/wp\/v2\/media\/1837"}],"wp:attachment":[{"href":"https:\/\/jnats.eu\/it\/wp-json\/wp\/v2\/media?parent=1831"}],"wp:term":[{"taxonomy":"product_brand","embeddable":true,"href":"https:\/\/jnats.eu\/it\/wp-json\/wp\/v2\/product_brand?post=1831"},{"taxonomy":"product_cat","embeddable":true,"href":"https:\/\/jnats.eu\/it\/wp-json\/wp\/v2\/product_cat?post=1831"},{"taxonomy":"product_tag","embeddable":true,"href":"https:\/\/jnats.eu\/it\/wp-json\/wp\/v2\/product_tag?post=1831"}],"curies":[{"name":"wp","href":"https:\/\/api.w.org\/{rel}","templated":true}]}}