{"id":1860,"date":"2024-04-21T09:13:48","date_gmt":"2024-04-21T06:13:48","guid":{"rendered":"http:\/\/jnats.eu\/?post_type=product&#038;p=1860"},"modified":"2026-02-13T11:09:09","modified_gmt":"2026-02-13T09:09:09","slug":"yaginoshima-asagi-2","status":"publish","type":"product","link":"https:\/\/jnats.eu\/it\/prodotto-2\/yaginoshima-asagi-2\/","title":{"rendered":"Yaginoshima Asagi"},"content":{"rendered":"<p>La Yaginoshima Asagi \u00e8 un&#039;eccellente pietra fine multiuso per la finitura dell&#039;affilatura. \u00c8 bello, piccolo e abbastanza facile da usare. Un cavallo di battaglia senza preoccupazioni. Un&#039;attenta levigatura pu\u00f2 rifinire rasoi e attrezzi da falegname ed \u00e8 adatta anche per una raffinata lucidatura del kasumi. Grazie alla superficie extra ampia \u00e8 adatto per spade e asce.<\/p>\n\n\n\n<p>La pietra \u00e8 molto omogenea in tutto il suo disegno grigio &quot;pelle di delfino&quot;.<\/p>\n\n\n\n<p><strong>Yaginoshima (\u516b\u6728\u306e\u5d8b)<\/strong><br>Miniera Est nella regione di Kyoto.<\/p>\n\n\n\n<figure class=\"wp-block-embed is-type-video is-provider-youtube wp-block-embed-youtube wp-embed-aspect-16-9 wp-has-aspect-ratio\"><div class=\"wp-block-embed__wrapper\">\n<div class=\"video-container\"><iframe title=\"Yaginoshima Asagi, Nakayama Kiita, Shomotoyama Kiita\" width=\"1170\" height=\"658\" src=\"https:\/\/www.youtube.com\/embed\/BfthwASlRYw?feature=oembed\" frameborder=\"0\" allow=\"accelerometer; autoplay; clipboard-write; encrypted-media; gyroscope; picture-in-picture; web-share\" referrerpolicy=\"strict-origin-when-cross-origin\" allowfullscreen><\/iframe><\/div>\n<\/div><\/figure>","protected":false},"excerpt":{"rendered":"<ul>\n<li>Adatto per la rifinitura di lamette da barba, forbici, falegnameria e altri utensili.<\/li>\n<li>Dimensioni: 206x70x32mm<\/li>\n<li>Peso con supporto: 1380 g<\/li>\n<li>Durezza: Lv 4,5<\/li>\n<li>La superficie \u00e8 liscia e pronta per il lavoro.<\/li>\n<li>Si consiglia di lavorare con acqua calda, poich\u00e9 l'acqua fredda compromette la velocit\u00e0 e la risposta.<\/li>\n<\/ul>","protected":false},"featured_media":1861,"comment_status":"open","ping_status":"closed","template":"","meta":[],"product_brand":[],"product_cat":[22],"product_tag":[45,226],"class_list":{"0":"post-1860","1":"product","2":"type-product","3":"status-publish","4":"has-post-thumbnail","6":"product_cat-jnats","7":"product_tag-asagi","8":"product_tag-yaginoshima","9":"product_shipping_class-iprastas","11":"first","12":"instock","13":"shipping-taxable","14":"purchasable","15":"product-type-simple"},"_links":{"self":[{"href":"https:\/\/jnats.eu\/it\/wp-json\/wp\/v2\/product\/1860","targetHints":{"allow":["GET"]}}],"collection":[{"href":"https:\/\/jnats.eu\/it\/wp-json\/wp\/v2\/product"}],"about":[{"href":"https:\/\/jnats.eu\/it\/wp-json\/wp\/v2\/types\/product"}],"replies":[{"embeddable":true,"href":"https:\/\/jnats.eu\/it\/wp-json\/wp\/v2\/comments?post=1860"}],"wp:featuredmedia":[{"embeddable":true,"href":"https:\/\/jnats.eu\/it\/wp-json\/wp\/v2\/media\/1861"}],"wp:attachment":[{"href":"https:\/\/jnats.eu\/it\/wp-json\/wp\/v2\/media?parent=1860"}],"wp:term":[{"taxonomy":"product_brand","embeddable":true,"href":"https:\/\/jnats.eu\/it\/wp-json\/wp\/v2\/product_brand?post=1860"},{"taxonomy":"product_cat","embeddable":true,"href":"https:\/\/jnats.eu\/it\/wp-json\/wp\/v2\/product_cat?post=1860"},{"taxonomy":"product_tag","embeddable":true,"href":"https:\/\/jnats.eu\/it\/wp-json\/wp\/v2\/product_tag?post=1860"}],"curies":[{"name":"wp","href":"https:\/\/api.w.org\/{rel}","templated":true}]}}