{"id":1866,"date":"2026-03-16T09:30:36","date_gmt":"2026-03-16T07:30:36","guid":{"rendered":"http:\/\/jnats.eu\/?post_type=product&#038;p=1866"},"modified":"2026-03-27T00:51:08","modified_gmt":"2026-03-26T22:51:08","slug":"nakayama-kiita-2","status":"publish","type":"product","link":"https:\/\/jnats.eu\/it\/prodotto-2\/nakayama-kiita-2\/","title":{"rendered":"Nakayama Kiita Tomae"},"content":{"rendered":"<figure class=\"wp-block-embed is-type-video is-provider-youtube wp-block-embed-youtube wp-embed-aspect-16-9 wp-has-aspect-ratio\"><div class=\"wp-block-embed__wrapper\">\n<div class=\"video-container\"><iframe title=\"Affilatura di un rasoio sovietico del 1955 \u201cLyubitelskaya\u201d | Aoto \u2192 Ohira \u2192 Nakayama Kiita\" width=\"1170\" height=\"658\" src=\"https:\/\/www.youtube.com\/embed\/NyQAXd54ZH8?start=387&#038;feature=oembed\" frameborder=\"0\" allow=\"accelerometer; autoplay; clipboard-write; encrypted-media; gyroscope; picture-in-picture; web-share\" referrerpolicy=\"strict-origin-when-cross-origin\" allowfullscreen><\/iframe><\/div>\n<\/div><\/figure>\n\n\n\n<p>Questa Nakayama Kiita \u00e8 molto dura e facilita il lavoro con il nagura. La pietra \u00e8 ottima per affilare le lame di rasoio, ma \u00e8 anche sufficiente per i coltelli in acciaio al carbonio, ma le sue dimensioni non la rendono comoda per affilare utensili pi\u00f9 grandi. <\/p>\n\n\n\n<p>Questa kiita ha un colore giallo brillante con poche macchie pi\u00f9 scure. La parte inferiore presenta segni residui di corteccia.<\/p>\n\n\n\n<p><strong>Nakayama (\u4e2d\u5c71)<\/strong><\/p>\n\n\n\n<p>Questa miniera orientale \u00e8 famosa per le sue pietre di finitura awasedo. La pietra multistrato con un altro \u00e8 particolarmente apprezzata da professionisti e dilettanti. Rispetto alle pietre di durezza e finezza simili provenienti da altre miniere, le pietre Nakayama sono note per una sensazione di affilatura e una velocit\u00e0 di lavoro pi\u00f9 piacevoli.<\/p>","protected":false},"excerpt":{"rendered":"<ul>\n<li>Adatto per la finitura di rasoi, coltelli, forbici, attrezzi da falegnameria e altri utensili.<\/li>\n<li>Dimensioni: 127x110x22 mm<\/li>\n<li>Peso: 770 g<\/li>\n<li>Durezza: Lv 5+<\/li>\n<li>La superficie \u00e8 liscia e pronta per il lavoro.<\/li>\n<li>Si consiglia di lavorare con acqua calda, poich\u00e9 l'acqua fredda compromette la velocit\u00e0 e la risposta.<\/li>\n<\/ul>","protected":false},"featured_media":5827,"comment_status":"open","ping_status":"closed","template":"","meta":[],"product_brand":[],"product_cat":[22],"product_tag":[141,49],"class_list":{"0":"post-1866","1":"product","2":"type-product","3":"status-publish","4":"has-post-thumbnail","6":"product_cat-jnats","7":"product_tag-kiita","8":"product_tag-nakayama","9":"product_shipping_class-iprastas","11":"first","12":"outofstock","13":"shipping-taxable","14":"purchasable","15":"product-type-simple"},"_links":{"self":[{"href":"https:\/\/jnats.eu\/it\/wp-json\/wp\/v2\/product\/1866","targetHints":{"allow":["GET"]}}],"collection":[{"href":"https:\/\/jnats.eu\/it\/wp-json\/wp\/v2\/product"}],"about":[{"href":"https:\/\/jnats.eu\/it\/wp-json\/wp\/v2\/types\/product"}],"replies":[{"embeddable":true,"href":"https:\/\/jnats.eu\/it\/wp-json\/wp\/v2\/comments?post=1866"}],"wp:featuredmedia":[{"embeddable":true,"href":"https:\/\/jnats.eu\/it\/wp-json\/wp\/v2\/media\/5827"}],"wp:attachment":[{"href":"https:\/\/jnats.eu\/it\/wp-json\/wp\/v2\/media?parent=1866"}],"wp:term":[{"taxonomy":"product_brand","embeddable":true,"href":"https:\/\/jnats.eu\/it\/wp-json\/wp\/v2\/product_brand?post=1866"},{"taxonomy":"product_cat","embeddable":true,"href":"https:\/\/jnats.eu\/it\/wp-json\/wp\/v2\/product_cat?post=1866"},{"taxonomy":"product_tag","embeddable":true,"href":"https:\/\/jnats.eu\/it\/wp-json\/wp\/v2\/product_tag?post=1866"}],"curies":[{"name":"wp","href":"https:\/\/api.w.org\/{rel}","templated":true}]}}