{"id":1873,"date":"2024-04-21T09:33:15","date_gmt":"2024-04-21T06:33:15","guid":{"rendered":"http:\/\/jnats.eu\/?post_type=product&#038;p=1873"},"modified":"2025-03-06T13:21:20","modified_gmt":"2025-03-06T11:21:20","slug":"shomotoyama-e-diverso","status":"publish","type":"product","link":"https:\/\/jnats.eu\/it\/prodotto-2\/shomotoyama-e-diverso\/","title":{"rendered":"Shomotoyama Kiita"},"content":{"rendered":"<p>Nonostante sia piuttosto resistente, \u00e8 facile lavorare con questa Kiita. La pietra \u00e8 abbastanza buona per rifinire un rasoio, ma abbastanza facile da usare da essere adatta anche per i coltelli. Non c&#039;\u00e8 bisogno di una nagura o di una piastra diamantata poich\u00e9 la pietra rilascer\u00e0 la propria sospensione e presto saranno visibili i frammenti del metallo lucido. Le sue dimensioni lo rendono perfetto per il lavoro con il rasoio, ma andr\u00e0 bene anche per affilare strumenti pi\u00f9 grandi. <\/p>\n\n\n\n<p>Shomotoyama prende il nome dalle pietre Nakayama e Okudo. Non posso dire quale sia il mio in questo caso.<\/p>\n\n\n\n<figure class=\"wp-block-embed is-type-video is-provider-youtube wp-block-embed-youtube wp-embed-aspect-16-9 wp-has-aspect-ratio\"><div class=\"wp-block-embed__wrapper\">\n<div class=\"video-container\"><iframe title=\"Yaginoshima Asagi, Nakayama Kiita, Shomotoyama Kiita\" width=\"1170\" height=\"658\" src=\"https:\/\/www.youtube.com\/embed\/BfthwASlRYw?start=204&#038;feature=oembed\" frameborder=\"0\" allow=\"accelerometer; autoplay; clipboard-write; encrypted-media; gyroscope; picture-in-picture; web-share\" referrerpolicy=\"strict-origin-when-cross-origin\" allowfullscreen><\/iframe><\/div>\n<\/div><\/figure>","protected":false},"excerpt":{"rendered":"<ul>\n<li>Adatto per la finitura di rasoi, coltelli, forbici, attrezzi da falegnameria e altri utensili.<\/li>\n<li>Dimensioni: 208x77x24mm<\/li>\n<li>Peso con supporto: 1020 g<\/li>\n<li>Durezza: Lv 4,5<\/li>\n<li>La superficie \u00e8 liscia e pronta per il lavoro.<\/li>\n<li>Linee sicure<\/li>\n<li><strong>Usura irregolare: angoli ad altezze diverse.<\/strong><\/li>\n<li>Si consiglia di lavorare con acqua calda, poich\u00e9 l'acqua fredda compromette la velocit\u00e0 e la risposta.<\/li>\n<\/ul>","protected":false},"featured_media":1875,"comment_status":"open","ping_status":"closed","template":"","meta":[],"product_brand":[],"product_cat":[22],"product_tag":[141,227],"class_list":{"0":"post-1873","1":"product","2":"type-product","3":"status-publish","4":"has-post-thumbnail","6":"product_cat-jnats","7":"product_tag-kiita","8":"product_tag-shomotoyama-kiita","10":"first","11":"outofstock","12":"sale","13":"shipping-taxable","14":"purchasable","15":"product-type-simple"},"_links":{"self":[{"href":"https:\/\/jnats.eu\/it\/wp-json\/wp\/v2\/product\/1873","targetHints":{"allow":["GET"]}}],"collection":[{"href":"https:\/\/jnats.eu\/it\/wp-json\/wp\/v2\/product"}],"about":[{"href":"https:\/\/jnats.eu\/it\/wp-json\/wp\/v2\/types\/product"}],"replies":[{"embeddable":true,"href":"https:\/\/jnats.eu\/it\/wp-json\/wp\/v2\/comments?post=1873"}],"wp:featuredmedia":[{"embeddable":true,"href":"https:\/\/jnats.eu\/it\/wp-json\/wp\/v2\/media\/1875"}],"wp:attachment":[{"href":"https:\/\/jnats.eu\/it\/wp-json\/wp\/v2\/media?parent=1873"}],"wp:term":[{"taxonomy":"product_brand","embeddable":true,"href":"https:\/\/jnats.eu\/it\/wp-json\/wp\/v2\/product_brand?post=1873"},{"taxonomy":"product_cat","embeddable":true,"href":"https:\/\/jnats.eu\/it\/wp-json\/wp\/v2\/product_cat?post=1873"},{"taxonomy":"product_tag","embeddable":true,"href":"https:\/\/jnats.eu\/it\/wp-json\/wp\/v2\/product_tag?post=1873"}],"curies":[{"name":"wp","href":"https:\/\/api.w.org\/{rel}","templated":true}]}}