{"id":1893,"date":"2024-04-22T09:51:46","date_gmt":"2024-04-22T06:51:46","guid":{"rendered":"http:\/\/jnats.eu\/?post_type=product&#038;p=1893"},"modified":"2024-09-15T12:00:18","modified_gmt":"2024-09-15T09:00:18","slug":"maruoyama-tomae-pietra-giapponese-per-rifinire-laffilatura","status":"publish","type":"product","link":"https:\/\/jnats.eu\/it\/prodotto-2\/maruoyama-tomae-pietra-giapponese-per-rifinire-laffilatura\/","title":{"rendered":"Pietra di finitura giapponese per affilatura Maruoyama Tomae"},"content":{"rendered":"<p>Nonostante le sue dimensioni, questa koppa \u00e8 un bell&#039;esempio di pietra giapponese per affilare la finitura di Maruo. Non \u00e8 troppo duro, n\u00e9 troppo fine e adatto a varie applicazioni. Finir\u00e0 l&#039;affilatura dei coltelli da cucina e servir\u00e0 come rifinitore per utensili e rasoi. Questa dimensione \u00e8 perfetta per i rasoi, ma pu\u00f2 essere utilizzata anche per lucidare i coltelli da cucina, anche di grandi dimensioni. Tuttavia, non sarebbe la mia prima scelta di dimensioni per strumenti o coltelli. <\/p>\n\n\n\n<p>Nessuna riga o inclusione di cui preoccuparsi. Questa pietra \u00e8 sigillata.<\/p>\n\n\n\n<p><strong>Maruo (\u4e38\u5c3e\u5c71 Maruoyama)<\/strong><br>Una delle poche miniere giapponesi di pietra di finitura ancora in funzione. questa miniera occidentale \u00e8 famosa per il suo morbido shiro suit. Questa miniera \u00e8 anche molto apprezzata per le sue pietre a strati shiki uchigumori (tenjyou suite), ao suite e aisa. Un tempo ampiamente disponibili e relativamente economiche, l\u2019aumento della domanda ha superato l\u2019offerta, rendendo queste pietre pi\u00f9 difficili da trovare e ora significativamente pi\u00f9 costose rispetto a qualche anno fa. Tuttavia, considerando tutti i vantaggi, sono abbastanza convenienti.<\/p>","protected":false},"excerpt":{"rendered":"<ul>\n<li>Adatto per la finitura di rasoi, coltelli, forbici, attrezzi da falegnameria e altri utensili.<\/li>\n<li>Dimensioni: 153x75x21mm<\/li>\n<li>Peso con supporto: 940 g<\/li>\n<li>Durezza: Lv 4<\/li>\n<li>La superficie \u00e8 liscia e pronta per il lavoro<\/li>\n<li>Si consiglia di lavorare con acqua calda, poich\u00e9 l'acqua fredda compromette la velocit\u00e0 e la risposta.<\/li>\n<\/ul>","protected":false},"featured_media":1897,"comment_status":"open","ping_status":"closed","template":"","meta":[],"product_brand":[],"product_cat":[22],"product_tag":[234,233],"class_list":{"0":"post-1893","1":"product","2":"type-product","3":"status-publish","4":"has-post-thumbnail","6":"product_cat-jnats","7":"product_tag-maruo","8":"product_tag-maruoyama","9":"product_shipping_class-iprastas","11":"first","12":"outofstock","13":"shipping-taxable","14":"purchasable","15":"product-type-simple"},"_links":{"self":[{"href":"https:\/\/jnats.eu\/it\/wp-json\/wp\/v2\/product\/1893","targetHints":{"allow":["GET"]}}],"collection":[{"href":"https:\/\/jnats.eu\/it\/wp-json\/wp\/v2\/product"}],"about":[{"href":"https:\/\/jnats.eu\/it\/wp-json\/wp\/v2\/types\/product"}],"replies":[{"embeddable":true,"href":"https:\/\/jnats.eu\/it\/wp-json\/wp\/v2\/comments?post=1893"}],"wp:featuredmedia":[{"embeddable":true,"href":"https:\/\/jnats.eu\/it\/wp-json\/wp\/v2\/media\/1897"}],"wp:attachment":[{"href":"https:\/\/jnats.eu\/it\/wp-json\/wp\/v2\/media?parent=1893"}],"wp:term":[{"taxonomy":"product_brand","embeddable":true,"href":"https:\/\/jnats.eu\/it\/wp-json\/wp\/v2\/product_brand?post=1893"},{"taxonomy":"product_cat","embeddable":true,"href":"https:\/\/jnats.eu\/it\/wp-json\/wp\/v2\/product_cat?post=1893"},{"taxonomy":"product_tag","embeddable":true,"href":"https:\/\/jnats.eu\/it\/wp-json\/wp\/v2\/product_tag?post=1893"}],"curies":[{"name":"wp","href":"https:\/\/api.w.org\/{rel}","templated":true}]}}