{"id":1899,"date":"2024-04-22T10:03:17","date_gmt":"2024-04-22T07:03:17","guid":{"rendered":"http:\/\/jnats.eu\/?post_type=product&#038;p=1899"},"modified":"2026-02-13T11:06:39","modified_gmt":"2026-02-13T09:06:39","slug":"shohonyama-ohira-pietra-naturale-giapponese-rossa-per-affilare","status":"publish","type":"product","link":"https:\/\/jnats.eu\/it\/prodotto-2\/shohonyama-ohira-pietra-naturale-giapponese-rossa-per-affilare\/","title":{"rendered":"Shohonyama Ohira Pietra naturale giapponese rossa per affilare"},"content":{"rendered":"<p>Questo \u00e8 Shohonyama Red Ohira Ipponsen di Kyoto. Coltelli da rifinitura e utensili da falegnameria. In questa miniera, l&#039;Ohira Rossa \u00e8 una delle migliori e pi\u00f9 pregiate. Questo Ohira rosso, una bella gradazione rosa mostra un viso luminoso. Il potere morbido e abrasivo \u00e8 abbastanza buono. Il processo di affilatura \u00e8 molto fluido, la sospensione fine viene rilasciata abbastanza rapidamente, \u00e8 facile da affilare. La superficie \u00e8 liscia senza linee o inclusioni &quot;tossiche&quot;. <\/p>\n\n\n\n<figure class=\"wp-block-embed is-type-video is-provider-youtube wp-block-embed-youtube wp-embed-aspect-16-9 wp-has-aspect-ratio\"><div class=\"wp-block-embed__wrapper\">\n<div class=\"video-container\"><iframe title=\"Recensione del coltello XINZUO | Venduto come Kamazaki in Lituania | Heimcut in Russia\" width=\"1170\" height=\"658\" src=\"https:\/\/www.youtube.com\/embed\/htGmVVVoAwg?start=184&#038;feature=oembed\" frameborder=\"0\" allow=\"accelerometer; autoplay; clipboard-write; encrypted-media; gyroscope; picture-in-picture; web-share\" referrerpolicy=\"strict-origin-when-cross-origin\" allowfullscreen><\/iframe><\/div>\n<\/div><\/figure>\n\n\n\n<p>Tieni presente che le pietre naturali per affilare giapponesi potrebbero non piacere agli affilatori alle prime armi, poich\u00e9 sono pi\u00f9 difficili da usare e funzionano pi\u00f9 lentamente di quelle artificiali. Queste sono pietre naturali quindi ognuna \u00e8 diversa quindi le mie misure non sono esatte. \u00c8 un investimento a vita per le persone che affilano coltelli e strumenti. <\/p>\n\n\n\n<p>Sentiti libero di porre le tue domande se ne hai.<\/p>","protected":false},"excerpt":{"rendered":"<ul>\n<li>Adatto per la finitura di coltelli, forbici, attrezzi da falegnameria e altri utensili.<\/li>\n<li>Dimensioni: 206x75x36 mm<\/li>\n<li>Peso con supporto: 1880 g<\/li>\n<li>Durezza: Lv 4<\/li>\n<li>La superficie \u00e8 liscia e pronta per il lavoro<\/li>\n<li>Si consiglia di lavorare con acqua calda, perch\u00e9 l&#039;acqua fredda deteriora la velocit\u00e0 di lavoro e la risposta.<\/li>\n<\/ul>","protected":false},"featured_media":1903,"comment_status":"open","ping_status":"closed","template":"","meta":[],"product_brand":[],"product_cat":[22],"product_tag":[47,235],"class_list":{"0":"post-1899","1":"product","2":"type-product","3":"status-publish","4":"has-post-thumbnail","6":"product_cat-jnats","7":"product_tag-ohira","8":"product_tag-shohonyama","9":"product_shipping_class-iprastas","11":"first","12":"instock","13":"shipping-taxable","14":"purchasable","15":"product-type-simple"},"_links":{"self":[{"href":"https:\/\/jnats.eu\/it\/wp-json\/wp\/v2\/product\/1899","targetHints":{"allow":["GET"]}}],"collection":[{"href":"https:\/\/jnats.eu\/it\/wp-json\/wp\/v2\/product"}],"about":[{"href":"https:\/\/jnats.eu\/it\/wp-json\/wp\/v2\/types\/product"}],"replies":[{"embeddable":true,"href":"https:\/\/jnats.eu\/it\/wp-json\/wp\/v2\/comments?post=1899"}],"wp:featuredmedia":[{"embeddable":true,"href":"https:\/\/jnats.eu\/it\/wp-json\/wp\/v2\/media\/1903"}],"wp:attachment":[{"href":"https:\/\/jnats.eu\/it\/wp-json\/wp\/v2\/media?parent=1899"}],"wp:term":[{"taxonomy":"product_brand","embeddable":true,"href":"https:\/\/jnats.eu\/it\/wp-json\/wp\/v2\/product_brand?post=1899"},{"taxonomy":"product_cat","embeddable":true,"href":"https:\/\/jnats.eu\/it\/wp-json\/wp\/v2\/product_cat?post=1899"},{"taxonomy":"product_tag","embeddable":true,"href":"https:\/\/jnats.eu\/it\/wp-json\/wp\/v2\/product_tag?post=1899"}],"curies":[{"name":"wp","href":"https:\/\/api.w.org\/{rel}","templated":true}]}}