{"id":192,"date":"2024-02-25T13:37:39","date_gmt":"2024-02-25T11:37:39","guid":{"rendered":"http:\/\/jnats.eu\/?post_type=product&#038;p=192"},"modified":"2024-07-20T04:48:16","modified_gmt":"2024-07-20T01:48:16","slug":"shobudani-karasu-suita-ibrido","status":"publish","type":"product","link":"https:\/\/jnats.eu\/it\/prodotto-2\/shobudani-karasu-suita-ibrido\/","title":{"rendered":"Pietra naturale ibrida giapponese per affilatura Shobudani Karasu Suita"},"content":{"rendered":"<p>Una creazione unica della natura: Shobudani Karasu Suita Hybrid affascina con la sua struttura uniforme con &quot;corvi&quot; e &quot;fiori di loto&quot;. Il lato karasu \u00e8 perfetto per rifinire i rasoi. Naturalmente, affronter\u00e0 facilmente coltelli e altri strumenti. Il lato della suite \u00e8 un po&#039; pi\u00f9 ruvido. Una pietra simile di forma regolare costerebbe diverse migliaia di euro.<\/p>\n\n\n\n<p><\/p>\n\n\n\n<ul class=\"wp-block-list\">\n<li><strong>Durezza: Lv 4,8<\/strong><\/li>\n\n\n\n<li><strong>Dimensioni (circa): 180x100x40 mm<\/strong><\/li>\n\n\n\n<li><strong>Peso (con supporto): 1540 g.<\/strong><\/li>\n\n\n\n<li><strong>Freddo<strong>, lavoro veloce<\/strong> una pietra dalla struttura omogenea. Le linee sono completamente sicure e non sembrano affatto affilate. Perfetto per rifinire rasoi, coltelli, falegnameria e altri strumenti.&nbsp;<\/strong><\/li>\n<\/ul>\n\n\n\n<p>Le pietre naturali giapponesi non si sporcano durante il lavoro, non creano intasamenti, la lama dura di pi\u00f9, ma l&#039;affilatura massima \u00e8 leggermente inferiore a quelle artificiali.<\/p>\n\n\n\n<figure class=\"wp-block-embed is-type-video is-provider-youtube wp-block-embed-youtube wp-embed-aspect-16-9 wp-has-aspect-ratio\"><div class=\"wp-block-embed__wrapper\">\n<div class=\"video-container\"><iframe title=\"Affilatura coltello con pietre naturali giapponesi: Shobudani Suita-Karasu, Ohira, Nakayama Maruka\" width=\"1170\" height=\"658\" src=\"https:\/\/www.youtube.com\/embed\/SqtxWfIvc8M?feature=oembed\" frameborder=\"0\" allow=\"accelerometer; autoplay; clipboard-write; encrypted-media; gyroscope; picture-in-picture; web-share\" referrerpolicy=\"strict-origin-when-cross-origin\" allowfullscreen><\/iframe><\/div>\n<\/div><\/figure>","protected":false},"excerpt":{"rendered":"<p><!-- wp:list --><\/p>\n<ul><!-- wp:list-item --><\/p>\n<li><strong>Durezza: Lv 4,8<\/strong><\/li>\n<p><!-- \/wp:list-item --><\/p>\n<p><!-- wp:list-item --><\/p>\n<li><strong>Dimensioni (circa): 180x100x40 mm<\/strong><\/li>\n<p><!-- \/wp:list-item --><\/p>\n<p><!-- wp:list-item --><\/p>\n<li><strong>Peso (con supporto): 1540 g.<\/strong><\/li>\n<p><!-- \/wp:list-item --><\/p>\n<p><!-- wp:list-item --><\/p>\n<li><strong>Una pietra dura, lavorabile velocemente e con una struttura omogenea. Le linee sono completamente sicure e non sembrano affatto affilate. Perfetto per rifinire rasoi, coltelli, falegnameria e altri strumenti.\u00a0<\/strong><\/li>\n<p><!-- \/wp:list-item --><\/ul>\n<p><!-- \/wp:list --><\/p>","protected":false},"featured_media":1179,"comment_status":"open","ping_status":"closed","template":"","meta":[],"product_brand":[],"product_cat":[22],"product_tag":[57,44,56,50],"class_list":{"0":"post-192","1":"product","2":"type-product","3":"status-publish","4":"has-post-thumbnail","6":"product_cat-jnats","7":"product_tag-karasu","8":"product_tag-shobudani","9":"product_tag-shobudani-karasu-suita","10":"product_tag-suita","11":"product_shipping_class-iprastas","13":"first","14":"outofstock","15":"sale","16":"shipping-taxable","17":"purchasable","18":"product-type-simple"},"_links":{"self":[{"href":"https:\/\/jnats.eu\/it\/wp-json\/wp\/v2\/product\/192","targetHints":{"allow":["GET"]}}],"collection":[{"href":"https:\/\/jnats.eu\/it\/wp-json\/wp\/v2\/product"}],"about":[{"href":"https:\/\/jnats.eu\/it\/wp-json\/wp\/v2\/types\/product"}],"replies":[{"embeddable":true,"href":"https:\/\/jnats.eu\/it\/wp-json\/wp\/v2\/comments?post=192"}],"wp:featuredmedia":[{"embeddable":true,"href":"https:\/\/jnats.eu\/it\/wp-json\/wp\/v2\/media\/1179"}],"wp:attachment":[{"href":"https:\/\/jnats.eu\/it\/wp-json\/wp\/v2\/media?parent=192"}],"wp:term":[{"taxonomy":"product_brand","embeddable":true,"href":"https:\/\/jnats.eu\/it\/wp-json\/wp\/v2\/product_brand?post=192"},{"taxonomy":"product_cat","embeddable":true,"href":"https:\/\/jnats.eu\/it\/wp-json\/wp\/v2\/product_cat?post=192"},{"taxonomy":"product_tag","embeddable":true,"href":"https:\/\/jnats.eu\/it\/wp-json\/wp\/v2\/product_tag?post=192"}],"curies":[{"name":"wp","href":"https:\/\/api.w.org\/{rel}","templated":true}]}}