{"id":1945,"date":"2024-04-23T10:06:17","date_gmt":"2024-04-23T07:06:17","guid":{"rendered":"http:\/\/jnats.eu\/?post_type=product&#038;p=1945"},"modified":"2024-06-29T15:55:34","modified_gmt":"2024-06-29T12:55:34","slug":"okudo-tenjyou-suite","status":"publish","type":"product","link":"https:\/\/jnats.eu\/it\/prodotto-2\/okudo-tenjyou-suite\/","title":{"rendered":"Okudo Tenjyou Suite"},"content":{"rendered":"<p>Questa pietra \u00e8 dura e fine ma ha un&#039;eccellente sensazione di affilatura e velocit\u00e0. Non former\u00e0 una sospensione, quindi consigliamo di utilizzare nagura per accelerare la lucidatura dei coltelli. Al contrario, i residui di metallo nero si accumuleranno rapidamente quando si lavora la lama sulla pietra. Con la pazienza e la tecnica adeguate, le pietre lasciano un kasumi lucido e raffinato sia sul morbido laminato che sul duro acciaio. <\/p>\n\n\n\n<p>La lama \u00e8 abbastanza non aggressiva, ma \u00e8 perfetta per i coltelli da cucina. Questa pietra funziona bene anche con strumenti di falegnameria, ad es. per scalpelli e pialle ed \u00e8 un eccellente preparatore per la prefinitura del rasoio. Per rasoi, utensili e lucidatura sconsigliamo di non utilizzare una piastra diamantata, poich\u00e9 ho notato che la sospensione \u00e8 irregolare e non fine come vorrei. <\/p>\n\n\n\n<p>Una piccola pietra far\u00e0 perfettamente il lavoro ed \u00e8 significativamente pi\u00f9 economica di una pietra intera di qualit\u00e0 simile. Attualmente la pietra \u00e8 gialla e bianca. Pi\u00f9 in profondit\u00e0 sui lati c&#039;\u00e8 poco visibile <em>CON<\/em> (buchi) e nessuna linea tossica. C&#039;\u00e8 anche un raro modello renge e namazu.<\/p>\n\n\n\n<p><strong>Okudo (\u5965\u6bbf)<\/strong><br>Miniera orientale, famosa per la sua suite. Queste pietre vengono spesso chiamate &quot;Re dei semi&quot; e sono forse le pi\u00f9 ricercate tra i loro &quot;colleghi&quot;. Di solito sono molto duri, piuttosto piccoli e veloci. Le autentiche pietre Okudo sono generalmente molto costose e raramente disponibili.<\/p>\n\n\n\n<figure class=\"wp-block-embed is-type-video is-provider-youtube wp-block-embed-youtube wp-embed-aspect-16-9 wp-has-aspect-ratio\"><div class=\"wp-block-embed__wrapper\">\n<div class=\"video-container\"><iframe title=\"Completo Okudo Tenjyou, Completo Okudo Black Lotus Shiro, Completo Ohira Renge, Completo Atago Shiro\" width=\"1170\" height=\"658\" src=\"https:\/\/www.youtube.com\/embed\/rH67SY_9N9o?start=526&#038;feature=oembed\" frameborder=\"0\" allow=\"accelerometer; autoplay; clipboard-write; encrypted-media; gyroscope; picture-in-picture; web-share\" referrerpolicy=\"strict-origin-when-cross-origin\" allowfullscreen><\/iframe><\/div>\n<\/div><\/figure>","protected":false},"excerpt":{"rendered":"<ul>\n<li>Adatto per la finitura di coltelli, forbici, attrezzi da falegnameria e altri utensili.<\/li>\n<li>Dimensioni: 155x63x16 mm<\/li>\n<li>Peso: 740 g<\/li>\n<li>Durezza: Lv 4,8<\/li>\n<li>Linee sicure<\/li>\n<li>La superficie \u00e8 liscia e pronta per il lavoro<\/li>\n<li>Si consiglia di lavorare con acqua calda, perch\u00e9 l&#039;acqua fredda deteriora la velocit\u00e0 di lavoro e la risposta.<\/li>\n<\/ul>","protected":false},"featured_media":1950,"comment_status":"open","ping_status":"closed","template":"","meta":[],"product_brand":[],"product_cat":[22],"product_tag":[142,50,239],"class_list":{"0":"post-1945","1":"product","2":"type-product","3":"status-publish","4":"has-post-thumbnail","6":"product_cat-jnats","7":"product_tag-okudo","8":"product_tag-suita","9":"product_tag-tenjyou","10":"product_shipping_class-iprastas","12":"first","13":"outofstock","14":"sale","15":"shipping-taxable","16":"purchasable","17":"product-type-simple"},"_links":{"self":[{"href":"https:\/\/jnats.eu\/it\/wp-json\/wp\/v2\/product\/1945","targetHints":{"allow":["GET"]}}],"collection":[{"href":"https:\/\/jnats.eu\/it\/wp-json\/wp\/v2\/product"}],"about":[{"href":"https:\/\/jnats.eu\/it\/wp-json\/wp\/v2\/types\/product"}],"replies":[{"embeddable":true,"href":"https:\/\/jnats.eu\/it\/wp-json\/wp\/v2\/comments?post=1945"}],"wp:featuredmedia":[{"embeddable":true,"href":"https:\/\/jnats.eu\/it\/wp-json\/wp\/v2\/media\/1950"}],"wp:attachment":[{"href":"https:\/\/jnats.eu\/it\/wp-json\/wp\/v2\/media?parent=1945"}],"wp:term":[{"taxonomy":"product_brand","embeddable":true,"href":"https:\/\/jnats.eu\/it\/wp-json\/wp\/v2\/product_brand?post=1945"},{"taxonomy":"product_cat","embeddable":true,"href":"https:\/\/jnats.eu\/it\/wp-json\/wp\/v2\/product_cat?post=1945"},{"taxonomy":"product_tag","embeddable":true,"href":"https:\/\/jnats.eu\/it\/wp-json\/wp\/v2\/product_tag?post=1945"}],"curies":[{"name":"wp","href":"https:\/\/api.w.org\/{rel}","templated":true}]}}