{"id":1952,"date":"2024-04-23T10:23:13","date_gmt":"2024-04-23T07:23:13","guid":{"rendered":"http:\/\/jnats.eu\/?post_type=product&#038;p=1952"},"modified":"2024-12-24T12:06:35","modified_gmt":"2024-12-24T10:06:35","slug":"okudo-black-lotus-shiro-suita","status":"publish","type":"product","link":"https:\/\/jnats.eu\/it\/prodotto-2\/okudo-black-lotus-shiro-suita\/","title":{"rendered":"Abito Black Lotus Shiro di Okudo"},"content":{"rendered":"<p>Questa pietra \u00e8 dura e abbastanza fine, ma ha un&#039;ottima risposta e velocit\u00e0 di affilatura. Difficilmente separa la sospensione, ma anche senza di essa la velocit\u00e0 di lavoro \u00e8 elevata. La lucidatura pu\u00f2 essere accelerata utilizzando una piastra nagura o diamantata. Ci\u00f2 non sar\u00e0 realmente necessario durante l&#039;affilatura, poich\u00e9 l&#039;area di contatto dell&#039;acciaio sar\u00e0 molto pi\u00f9 piccola. Con la pazienza e la tecnica adeguate, le pietre lasciano un kasumi lucido e raffinato sia sul morbido laminato che sul duro acciaio.<\/p>\n\n\n\n<p>La lama \u00e8 abbastanza aggressiva ed \u00e8 perfetta per i coltelli da cucina. Questa pietra funziona bene anche con strumenti di falegnameria, ad es. scalpelli e pialle. Per rasoi, utensili e lucidatura sconsigliamo l&#039;uso di una piastra diamantata, in quanto ho notato che la sospensione \u00e8 irregolare e non fine come vorrei.<\/p>\n\n\n\n<p>Le dimensioni della pietra ti permetteranno di fare tutto il lavoro comodamente. La pietra \u00e8 di colore bianco con puntini neri &quot;fiori di loto&quot; distribuiti su tutta la superficie e lo spessore. Pi\u00f9 in profondit\u00e0 sui lati ce ne sono alcuni piccoli appena visibili\u00a0<em>CON<\/em>\u00a0(fori), che conferiscono alle pietre da affilatura Suita una velocit\u00e0 di lavoro ancora maggiore. Assolutamente nessuna linea tossica, ma <strong>Gli accumuli di macchie nere possono essere fastidiosi in alcuni casi. Ad esempio, se la lama viene colpita con una lama curva, pu\u00f2 essere danneggiata!<\/strong><\/p>\n\n\n\n<p>Entrambi i lati sono pronti per l'azione. Uno pi\u00f9 grossolano per la fase iniziale di affilatura, l'altro pi\u00f9 fine per la fase di finitura.<\/p>\n\n\n\n<p><strong>Okudo (\u5965\u6bbf)<\/strong><br>Miniera orientale, famosa per la sua suite. Queste pietre vengono spesso chiamate &quot;Re dei semi&quot; e sono forse le pi\u00f9 ricercate tra i loro &quot;colleghi&quot;. Di solito sono molto duri, piuttosto piccoli e veloci. Le pietre Okudo autentiche sono generalmente molto costose e rare.<\/p>\n\n\n\n<figure class=\"wp-block-embed is-type-video is-provider-youtube wp-block-embed-youtube wp-embed-aspect-16-9 wp-has-aspect-ratio\"><div class=\"wp-block-embed__wrapper\">\n<div class=\"video-container\"><iframe title=\"Completo Okudo Tenjyou, Completo Okudo Black Lotus Shiro, Completo Ohira Renge, Completo Atago Shiro\" width=\"1170\" height=\"658\" src=\"https:\/\/www.youtube.com\/embed\/rH67SY_9N9o?start=218&#038;feature=oembed\" frameborder=\"0\" allow=\"accelerometer; autoplay; clipboard-write; encrypted-media; gyroscope; picture-in-picture; web-share\" referrerpolicy=\"strict-origin-when-cross-origin\" allowfullscreen><\/iframe><\/div>\n<\/div><\/figure>","protected":false},"excerpt":{"rendered":"<ul>\n<li>Adatto per la finitura di coltelli, forbici, attrezzi da falegnameria e altri utensili. Per i rasoi - un prefinish.<\/li>\n<li>Dimensioni: 200x132x20mm<\/li>\n<li>Peso: 1300 grammi<\/li>\n<li>Durezza: Lv 5<\/li>\n<li>Entrambe le parti sono pronte per il lavoro<\/li>\n<li><strong>Gli accumuli di macchie nere possono essere una seccatura in alcuni casi. Ad esempio, se si colpisce con la lama ricurva, la si pu\u00f2 danneggiare! Ce ne sono 2 su un lato e pi\u00f9 sull'altro.<\/strong><\/li>\n<\/ul>","protected":false},"featured_media":1954,"comment_status":"open","ping_status":"closed","template":"","meta":[],"product_brand":[],"product_cat":[22],"product_tag":[240,142,87,50],"class_list":{"0":"post-1952","1":"product","2":"type-product","3":"status-publish","4":"has-post-thumbnail","6":"product_cat-jnats","7":"product_tag-black-lotus","8":"product_tag-okudo","9":"product_tag-shiro","10":"product_tag-suita","11":"product_shipping_class-iprastas","13":"first","14":"outofstock","15":"sale","16":"shipping-taxable","17":"purchasable","18":"product-type-simple"},"_links":{"self":[{"href":"https:\/\/jnats.eu\/it\/wp-json\/wp\/v2\/product\/1952","targetHints":{"allow":["GET"]}}],"collection":[{"href":"https:\/\/jnats.eu\/it\/wp-json\/wp\/v2\/product"}],"about":[{"href":"https:\/\/jnats.eu\/it\/wp-json\/wp\/v2\/types\/product"}],"replies":[{"embeddable":true,"href":"https:\/\/jnats.eu\/it\/wp-json\/wp\/v2\/comments?post=1952"}],"wp:featuredmedia":[{"embeddable":true,"href":"https:\/\/jnats.eu\/it\/wp-json\/wp\/v2\/media\/1954"}],"wp:attachment":[{"href":"https:\/\/jnats.eu\/it\/wp-json\/wp\/v2\/media?parent=1952"}],"wp:term":[{"taxonomy":"product_brand","embeddable":true,"href":"https:\/\/jnats.eu\/it\/wp-json\/wp\/v2\/product_brand?post=1952"},{"taxonomy":"product_cat","embeddable":true,"href":"https:\/\/jnats.eu\/it\/wp-json\/wp\/v2\/product_cat?post=1952"},{"taxonomy":"product_tag","embeddable":true,"href":"https:\/\/jnats.eu\/it\/wp-json\/wp\/v2\/product_tag?post=1952"}],"curies":[{"name":"wp","href":"https:\/\/api.w.org\/{rel}","templated":true}]}}